{"id":13662,"date":"2025-02-24T22:44:53","date_gmt":"2025-02-24T21:44:53","guid":{"rendered":"https:\/\/staviori.com.pl\/product\/bizuteria-inwestycyjna-bransoletka-bzd1683\/"},"modified":"2026-02-11T00:08:27","modified_gmt":"2026-02-10T23:08:27","slug":"bizuteria-inwestycyjna-bransoletka-bzd1683","status":"publish","type":"product","link":"https:\/\/staviori.com.pl\/en\/product\/bizuteria-inwestycyjna-bransoletka-bzd1683\/","title":{"rendered":"Exclusive | Gorgeous diamond bangle bracelet - DDB0332Y"},"content":{"rendered":"<p>Model: DDB0332Y<br \/>\nWaga ok. 29,00g<\/p>\n<p>Bracelet 18 cm.<br \/>\nYellow Gold 0.750.<br \/>\n769 Diament\u00f3w, szlif brylantowy, o masie 22,98 ct., barwa G-H, czysto\u015b\u0107 SI1.<\/p>\n<p>11 mm wide.<br \/>\nGrubo\u015b\u0107 6.5 mm.<\/p>\n<p><strong>Gold colour of your choice.<\/strong><\/p>\n<p><strong>Product available on request only, lead time approx. 5 weeks.<\/strong><\/p>","protected":false},"excerpt":{"rendered":"<p>A dazzling bracelet in 0.750 yellow gold is the quintessence of luxury and masterful jewellery craftsmanship. Decorated with as many as 769 diamonds weighing a total of 22.98 ct, it exudes unique brilliance and prestige. Its massive form and full diamond setting create an extremely impressive composition, ideal for the most demanding jewellery lovers. Perfect for grand outings and special occasions.<\/p>","protected":false},"featured_media":894,"comment_status":"closed","ping_status":"closed","template":"","meta":{"om_disable_all_campaigns":false},"product_brand":[2284],"product_cat":[1384,6893,43,1803,1392,176],"product_tag":[2302,2335,2308,2587,2279,2593,2594,2555,2280,2336,2554,2586],"class_list":{"0":"post-13662","1":"product","2":"type-product","3":"status-publish","4":"has-post-thumbnail","6":"product_brand-staviori","7":"product_cat-bizuteria","8":"product_cat-bransoletka","9":"product_cat-bransoletki","10":"product_cat-brylanty-exclusive","11":"product_cat-damskie","12":"product_cat-zloto","13":"product_tag-azurowa","14":"product_tag-bangle","15":"product_tag-biale-zloto","16":"product_tag-bransoleta-premium","17":"product_tag-bransoletka-z-brylantami","18":"product_tag-ddb0332y","19":"product_tag-diamentowa-bransoletka","20":"product_tag-ekskluzywna-bizuteria","21":"product_tag-luksusowa-bizuteria","22":"product_tag-rozowe-zloto","23":"product_tag-zlota-bransoleta","24":"product_tag-zolte-zloto-18k","25":"pa_barwa-g-h","26":"pa_czystosc-si1","27":"pa_grubosc-6-5mm","28":"pa_kamien-biale-diamenty","29":"pa_kamien-brylanty","30":"pa_kolor-zolte","31":"pa_kruszec-zloto","32":"pa_proba-0-750","33":"pa_rozmiar-18cm","34":"pa_szerokosc-11mm","35":"pa_waga-29-00g","37":"first","38":"onbackorder","39":"purchasable","40":"product-type-simple"},"aioseo_notices":[],"_links":{"self":[{"href":"https:\/\/staviori.com.pl\/en\/wp-json\/wp\/v2\/product\/13662","targetHints":{"allow":["GET"]}}],"collection":[{"href":"https:\/\/staviori.com.pl\/en\/wp-json\/wp\/v2\/product"}],"about":[{"href":"https:\/\/staviori.com.pl\/en\/wp-json\/wp\/v2\/types\/product"}],"replies":[{"embeddable":true,"href":"https:\/\/staviori.com.pl\/en\/wp-json\/wp\/v2\/comments?post=13662"}],"wp:featuredmedia":[{"embeddable":true,"href":"https:\/\/staviori.com.pl\/en\/wp-json\/wp\/v2\/media\/894"}],"wp:attachment":[{"href":"https:\/\/staviori.com.pl\/en\/wp-json\/wp\/v2\/media?parent=13662"}],"wp:term":[{"taxonomy":"product_brand","embeddable":true,"href":"https:\/\/staviori.com.pl\/en\/wp-json\/wp\/v2\/product_brand?post=13662"},{"taxonomy":"product_cat","embeddable":true,"href":"https:\/\/staviori.com.pl\/en\/wp-json\/wp\/v2\/product_cat?post=13662"},{"taxonomy":"product_tag","embeddable":true,"href":"https:\/\/staviori.com.pl\/en\/wp-json\/wp\/v2\/product_tag?post=13662"}],"curies":[{"name":"wp","href":"https:\/\/api.w.org\/{rel}","templated":true}]}}