{"id":13650,"date":"2025-02-24T22:44:53","date_gmt":"2025-02-24T21:44:53","guid":{"rendered":"https:\/\/staviori.com.pl\/product\/zlote-bransoletki-bzc6670\/"},"modified":"2026-02-11T00:08:27","modified_gmt":"2026-02-10T23:08:27","slug":"zlote-bransoletki-bzc6670","status":"publish","type":"product","link":"https:\/\/staviori.com.pl\/en\/product\/zlote-bransoletki-bzc6670\/","title":{"rendered":"Gold delicate openwork bracelet - BZC6670"},"content":{"rendered":"<p>Model: BZC6670<br \/>\nWeight approx. 1.45g<\/p>\n<p>Bracelet 19 cm.<br \/>\nYellow gold 0.585.<br \/>\nSzeroko\u015b\u0107 5mm.<\/p>\n<p>\u015aliczna, a\u017curowa bransoletka wykonana ze z\u0142ota pr\u00f3by 0,585. Delikatny wz\u00f3r dodaje jej lekko\u015bci i elegancji, idealna na ka\u017cd\u0105 okazj\u0119.<\/p>","protected":false},"excerpt":{"rendered":"<p>A delightful openwork bracelet made of yellow gold sample 585 is a combination of delicacy and classic beauty. The subtle, intricate design gives it lightness and makes it look exceptionally feminine. It is ideal for both everyday wear and special occasions. Thanks to its fine form, it is the perfect complement to any styling.<\/p>","protected":false},"featured_media":13651,"comment_status":"closed","ping_status":"closed","template":"","meta":{"om_disable_all_campaigns":false},"product_brand":[2284,2350],"product_cat":[43,1392,1931,1930],"product_tag":[2598,2600,2547,2602,2603,2601,2599],"class_list":{"0":"post-13650","1":"product","2":"type-product","3":"status-publish","4":"has-post-thumbnail","6":"product_brand-staviori","7":"product_brand-verona","8":"product_cat-bransoletki","9":"product_cat-damskie","10":"product_cat-zlote-bransoletki","11":"product_cat-zloto-2","12":"product_tag-azurowa-bizuteria","13":"product_tag-bransoletka-damska","14":"product_tag-bransoletka-zlota","15":"product_tag-elegancka-bransoletka","16":"product_tag-klasyczna-bizuteria","17":"product_tag-lekka-bizuteria","18":"product_tag-zolte-zloto-585","19":"pa_kolor-zolte","20":"pa_kruszec-zloto","21":"pa_proba-0-585","22":"pa_rozmiar-19cm","23":"pa_szerokosc-5mm","24":"pa_waga-1-45g","26":"first","27":"onbackorder","28":"purchasable","29":"product-type-simple"},"aioseo_notices":[],"_links":{"self":[{"href":"https:\/\/staviori.com.pl\/en\/wp-json\/wp\/v2\/product\/13650","targetHints":{"allow":["GET"]}}],"collection":[{"href":"https:\/\/staviori.com.pl\/en\/wp-json\/wp\/v2\/product"}],"about":[{"href":"https:\/\/staviori.com.pl\/en\/wp-json\/wp\/v2\/types\/product"}],"replies":[{"embeddable":true,"href":"https:\/\/staviori.com.pl\/en\/wp-json\/wp\/v2\/comments?post=13650"}],"wp:featuredmedia":[{"embeddable":true,"href":"https:\/\/staviori.com.pl\/en\/wp-json\/wp\/v2\/media\/13651"}],"wp:attachment":[{"href":"https:\/\/staviori.com.pl\/en\/wp-json\/wp\/v2\/media?parent=13650"}],"wp:term":[{"taxonomy":"product_brand","embeddable":true,"href":"https:\/\/staviori.com.pl\/en\/wp-json\/wp\/v2\/product_brand?post=13650"},{"taxonomy":"product_cat","embeddable":true,"href":"https:\/\/staviori.com.pl\/en\/wp-json\/wp\/v2\/product_cat?post=13650"},{"taxonomy":"product_tag","embeddable":true,"href":"https:\/\/staviori.com.pl\/en\/wp-json\/wp\/v2\/product_tag?post=13650"}],"curies":[{"name":"wp","href":"https:\/\/api.w.org\/{rel}","templated":true}]}}