{"id":13591,"date":"2025-02-24T22:44:49","date_gmt":"2025-02-24T21:44:49","guid":{"rendered":"https:\/\/staviori.com.pl\/product\/zlote-bransoletki-bxn6452\/"},"modified":"2026-02-11T00:08:26","modified_gmt":"2026-02-10T23:08:26","slug":"zlote-bransoletki-bxn6452","status":"publish","type":"product","link":"https:\/\/staviori.com.pl\/en\/product\/zlote-bransoletki-bxn6452\/","title":{"rendered":"Gold leg bracelet - 333 - 25cm - BXN6452"},"content":{"rendered":"<p>Model: BXN6452<br \/>\nWeight approx. 0.60g<\/p>\n<p>Bransoleta 25 cm.<br \/>\nYellow gold 0.333.<\/p>\n<p>Pi\u0119kna, delikatna, z\u0142ota bransoletka na nog\u0119.<br \/>\nSplot typu Singapur.<\/p>","protected":false},"excerpt":{"rendered":"<p>Sensual and subtle gold leg bracelet made of 0.333 gold. delicate Singapore type braid beautifully reflects the light, giving the whole lightness and feminine charm. Perfect for summer, to go with sandals or as an elegant accent for special occasions. Jewellery that adds sparkle to every step.<\/p>","protected":false},"featured_media":9858,"comment_status":"closed","ping_status":"closed","template":"","meta":{"om_disable_all_campaigns":false},"product_brand":[2284],"product_cat":[43,1392,1931,1930],"product_tag":[2552,2535,2551,2550,2549,1402,2544],"class_list":{"0":"post-13591","1":"product","2":"type-product","3":"status-publish","4":"has-post-thumbnail","6":"product_brand-staviori","7":"product_cat-bransoletki","8":"product_cat-damskie","9":"product_cat-zlote-bransoletki","10":"product_cat-zloto-2","11":"product_tag-bizuteria-na-kostke","12":"product_tag-bransoletka-na-noge","13":"product_tag-delikatna-bransoletka","14":"product_tag-letnia-bizuteria","15":"product_tag-splot-singapur","16":"product_tag-zlota-bransoletka","17":"product_tag-zolte-zloto-333","18":"pa_barwa-70","19":"pa_kolor-zolte","20":"pa_kruszec-zloto","21":"pa_proba-0-333","22":"pa_rozmiar-25cm","23":"pa_splot-singapur","24":"pa_waga-0-60g","26":"first","27":"instock","28":"purchasable","29":"product-type-simple"},"aioseo_notices":[],"_links":{"self":[{"href":"https:\/\/staviori.com.pl\/en\/wp-json\/wp\/v2\/product\/13591","targetHints":{"allow":["GET"]}}],"collection":[{"href":"https:\/\/staviori.com.pl\/en\/wp-json\/wp\/v2\/product"}],"about":[{"href":"https:\/\/staviori.com.pl\/en\/wp-json\/wp\/v2\/types\/product"}],"replies":[{"embeddable":true,"href":"https:\/\/staviori.com.pl\/en\/wp-json\/wp\/v2\/comments?post=13591"}],"wp:featuredmedia":[{"embeddable":true,"href":"https:\/\/staviori.com.pl\/en\/wp-json\/wp\/v2\/media\/9858"}],"wp:attachment":[{"href":"https:\/\/staviori.com.pl\/en\/wp-json\/wp\/v2\/media?parent=13591"}],"wp:term":[{"taxonomy":"product_brand","embeddable":true,"href":"https:\/\/staviori.com.pl\/en\/wp-json\/wp\/v2\/product_brand?post=13591"},{"taxonomy":"product_cat","embeddable":true,"href":"https:\/\/staviori.com.pl\/en\/wp-json\/wp\/v2\/product_cat?post=13591"},{"taxonomy":"product_tag","embeddable":true,"href":"https:\/\/staviori.com.pl\/en\/wp-json\/wp\/v2\/product_tag?post=13591"}],"curies":[{"name":"wp","href":"https:\/\/api.w.org\/{rel}","templated":true}]}}