{"id":13590,"date":"2025-02-24T22:44:49","date_gmt":"2025-02-24T21:44:49","guid":{"rendered":"https:\/\/staviori.com.pl\/product\/bizuteria-inwestycyjna-bransoletka-bxd4002\/"},"modified":"2026-02-11T00:08:26","modified_gmt":"2026-02-10T23:08:26","slug":"bizuteria-inwestycyjna-bransoletka-bxd4002","status":"publish","type":"product","link":"https:\/\/staviori.com.pl\/en\/product\/bizuteria-inwestycyjna-bransoletka-bxd4002\/","title":{"rendered":"Exclusive | Diamond bracelet, lace, unusual - DDB0619"},"content":{"rendered":"<p>Model: DDB0619<br \/>\nWaga ok. 37,91g<\/p>\n<p>Bracelet 18 cm.<br \/>\nWhite, Rose Gold 0.750.<br \/>\n306 Diament\u00f3w, szlif brylantowy, o masie 6,38ct., barwa G-H, czysto\u015b\u0107 SI1.<\/p>\n<p>Szeroko\u015b\u0107 27 mm.<br \/>\nThickness 3.3 mm.<\/p>\n<p><strong>Product available on request only, lead time approx. 5 weeks.<\/strong><\/p>","protected":false},"excerpt":{"rendered":"<p>The luxurious bracelet made of white and rose gold 0.750 is a true jewellery masterpiece. Its intricately interwoven structure delights with the dazzling brilliance of as many as 306 diamonds with a total weight of 6.38 ct. Measuring 27mm in width, the elegant design sits beautifully on the wrist, creating a striking piece of jewellery for special occasions. It is a sophisticated choice for women who value perfection and uniqueness.<\/p>","protected":false},"featured_media":848,"comment_status":"closed","ping_status":"closed","template":"","meta":{"om_disable_all_campaigns":false},"product_brand":[2284],"product_cat":[6893,43,1803,1392],"product_tag":[2556,2557,2279,2275,2558,2555,2280,2554],"class_list":{"0":"post-13590","1":"product","2":"type-product","3":"status-publish","4":"has-post-thumbnail","6":"product_brand-staviori","7":"product_cat-bransoletka","8":"product_cat-bransoletki","9":"product_cat-brylanty-exclusive","10":"product_cat-damskie","11":"product_tag-biale-i-rozowe-zloto","12":"product_tag-bransoletka-18k","13":"product_tag-bransoletka-z-brylantami","14":"product_tag-bransoletka-z-diamentami","15":"product_tag-ddb0619","16":"product_tag-ekskluzywna-bizuteria","17":"product_tag-luksusowa-bizuteria","18":"product_tag-zlota-bransoleta","19":"pa_barwa-g-h","20":"pa_czystosc-si1","21":"pa_grubosc-3-3mm","22":"pa_kamien-biale-diamenty","23":"pa_kamien-brylanty","24":"pa_kolor-biale","25":"pa_kolor-rozowe","26":"pa_kruszec-zloto","27":"pa_proba-0-750","28":"pa_rozmiar-18cm","29":"pa_szerokosc-27mm","30":"pa_waga-37-91g","32":"first","33":"onbackorder","34":"purchasable","35":"product-type-simple"},"aioseo_notices":[],"_links":{"self":[{"href":"https:\/\/staviori.com.pl\/en\/wp-json\/wp\/v2\/product\/13590","targetHints":{"allow":["GET"]}}],"collection":[{"href":"https:\/\/staviori.com.pl\/en\/wp-json\/wp\/v2\/product"}],"about":[{"href":"https:\/\/staviori.com.pl\/en\/wp-json\/wp\/v2\/types\/product"}],"replies":[{"embeddable":true,"href":"https:\/\/staviori.com.pl\/en\/wp-json\/wp\/v2\/comments?post=13590"}],"wp:featuredmedia":[{"embeddable":true,"href":"https:\/\/staviori.com.pl\/en\/wp-json\/wp\/v2\/media\/848"}],"wp:attachment":[{"href":"https:\/\/staviori.com.pl\/en\/wp-json\/wp\/v2\/media?parent=13590"}],"wp:term":[{"taxonomy":"product_brand","embeddable":true,"href":"https:\/\/staviori.com.pl\/en\/wp-json\/wp\/v2\/product_brand?post=13590"},{"taxonomy":"product_cat","embeddable":true,"href":"https:\/\/staviori.com.pl\/en\/wp-json\/wp\/v2\/product_cat?post=13590"},{"taxonomy":"product_tag","embeddable":true,"href":"https:\/\/staviori.com.pl\/en\/wp-json\/wp\/v2\/product_tag?post=13590"}],"curies":[{"name":"wp","href":"https:\/\/api.w.org\/{rel}","templated":true}]}}