{"id":13586,"date":"2025-02-24T22:44:44","date_gmt":"2025-02-24T21:44:44","guid":{"rendered":"https:\/\/staviori.com.pl\/product\/bizuteria-inwestycyjna-bransoletka-bxd3302\/"},"modified":"2026-02-11T00:08:26","modified_gmt":"2026-02-10T23:08:26","slug":"bizuteria-inwestycyjna-bransoletka-ddb0153","status":"publish","type":"product","link":"https:\/\/staviori.com.pl\/en\/product\/bizuteria-inwestycyjna-bransoletka-ddb0153\/","title":{"rendered":"Investment Jewellery Bracelet DDB0153"},"content":{"rendered":"<p>Model: DDB0153<br \/>\nWaga ok. 36,65g<\/p>\n<p>Bracelet 18 cm.<br \/>\nYellow, White, Rose Gold 0.750.<br \/>\n1340 Diament\u00f3w, szlif brylantowy, o masie oko\u0142o 11,55ct., barwa G, czysto\u015b\u0107 SI1.<\/p>\n<p>12.5 mm wide.<br \/>\n5 mm thick.<\/p>\n<p><strong>Product available on request only, lead time approx. 5 weeks.<\/strong><\/p>","protected":false},"excerpt":{"rendered":"<p>An impressive 18cm-long bracelet made from 18K gold in three shades - yellow, white and rose gold (750). Each link in the classic Cuban weave is intricately set with 1340 diamonds weighing a total of approximately 11.55ct (colour G, purity SI1), giving the whole piece a mesmerising, multi-dimensional brilliance. The combination of warm and cool gold tones emphasises the unique character of the design, ideal for those who appreciate refined luxury.<\/p>","protected":false},"featured_media":827,"comment_status":"closed","ping_status":"closed","template":"","meta":{"om_disable_all_campaigns":false},"product_brand":[2284],"product_cat":[6893,43,1803,1392],"product_tag":[2338,2308,2295,2301,2524,2523,2336,2521,2341,2522],"class_list":{"0":"post-13586","1":"product","2":"type-product","3":"status-publish","4":"has-post-thumbnail","6":"product_brand-staviori","7":"product_cat-bransoletka","8":"product_cat-bransoletki","9":"product_cat-brylanty-exclusive","10":"product_cat-damskie","11":"product_tag-18k","12":"product_tag-biale-zloto","13":"product_tag-bransoleta","14":"product_tag-brylanty","15":"product_tag-ddb0153","16":"product_tag-kubanski-splot","17":"product_tag-rozowe-zloto","18":"product_tag-trojkolorowe-zloto","19":"product_tag-zloto-750","20":"product_tag-zolte-zloto","21":"pa_barwa-g","22":"pa_czystosc-si1","23":"pa_grubosc-5mm","24":"pa_kamien-diamentow","25":"pa_kamien-brylanty","26":"pa_kolor-biale","27":"pa_kolor-rozowe","28":"pa_kolor-zolte","29":"pa_kruszec-zloto","30":"pa_proba-0-750","31":"pa_rozmiar-18cm","32":"pa_szerokosc-12-5mm","33":"pa_waga-36-65g","35":"first","36":"onbackorder","37":"purchasable","38":"product-type-simple"},"aioseo_notices":[],"_links":{"self":[{"href":"https:\/\/staviori.com.pl\/en\/wp-json\/wp\/v2\/product\/13586","targetHints":{"allow":["GET"]}}],"collection":[{"href":"https:\/\/staviori.com.pl\/en\/wp-json\/wp\/v2\/product"}],"about":[{"href":"https:\/\/staviori.com.pl\/en\/wp-json\/wp\/v2\/types\/product"}],"replies":[{"embeddable":true,"href":"https:\/\/staviori.com.pl\/en\/wp-json\/wp\/v2\/comments?post=13586"}],"wp:featuredmedia":[{"embeddable":true,"href":"https:\/\/staviori.com.pl\/en\/wp-json\/wp\/v2\/media\/827"}],"wp:attachment":[{"href":"https:\/\/staviori.com.pl\/en\/wp-json\/wp\/v2\/media?parent=13586"}],"wp:term":[{"taxonomy":"product_brand","embeddable":true,"href":"https:\/\/staviori.com.pl\/en\/wp-json\/wp\/v2\/product_brand?post=13586"},{"taxonomy":"product_cat","embeddable":true,"href":"https:\/\/staviori.com.pl\/en\/wp-json\/wp\/v2\/product_cat?post=13586"},{"taxonomy":"product_tag","embeddable":true,"href":"https:\/\/staviori.com.pl\/en\/wp-json\/wp\/v2\/product_tag?post=13586"}],"curies":[{"name":"wp","href":"https:\/\/api.w.org\/{rel}","templated":true}]}}