{"id":13584,"date":"2025-02-24T22:44:44","date_gmt":"2025-02-24T21:44:44","guid":{"rendered":"https:\/\/staviori.com.pl\/product\/bizuteria-inwestycyjna-bransoletka-bxd1758\/"},"modified":"2026-02-11T00:08:26","modified_gmt":"2026-02-10T23:08:26","slug":"bizuteria-inwestycyjna-bransoletka-ddb0359","status":"publish","type":"product","link":"https:\/\/staviori.com.pl\/en\/product\/bizuteria-inwestycyjna-bransoletka-ddb0359\/","title":{"rendered":"Exclusive | bracelet with white and champagne diamonds"},"content":{"rendered":"<p>Model: DDB0359<br \/>\nWaga ok. 33,30g<\/p>\n<p>Bracelet 18 cm.<br \/>\n\u017b\u00f3\u0142te, R\u00f3\u017cowe Z\u0142oto 0,750.<br \/>\n295 Diament\u00f3w, szlif brylantowy, o masie 2,87 ct., barwa G-H, czysto\u015b\u0107 SI1.<br \/>\n516 Diament\u00f3w, kolor szampa\u0144ski, szlif brylantowy, o masie 7,37 ct..<br \/>\n\u015arednica 13-20 mm.<\/p>\n<p><strong>Product available on request only, lead time approx. 5 weeks.<\/strong><\/p>","protected":false},"excerpt":{"rendered":"<p>A phenomenal 18 cm long bracelet made of 18-carat yellow and rose gold 0.750. It consists of five spheres of different sizes - three adorned with 295 white diamonds weighing a total of 2.87 ct (G-H, SI1), two set with 516 champagne diamonds weighing 7.37 ct - connected by intricate links. The combination of the warm tones of gold and the two diamond colours creates a dynamic, multi-dimensional effect that draws the eye in.<\/p>","protected":false},"featured_media":817,"comment_status":"closed","ping_status":"closed","template":"","meta":{"om_disable_all_campaigns":false},"product_brand":[2284],"product_cat":[6893,43,1803,1392],"product_tag":[2520],"class_list":{"0":"post-13584","1":"product","2":"type-product","3":"status-publish","4":"has-post-thumbnail","6":"product_brand-staviori","7":"product_cat-bransoletka","8":"product_cat-bransoletki","9":"product_cat-brylanty-exclusive","10":"product_cat-damskie","11":"product_tag-ddb0359","12":"pa_barwa-g-h","13":"pa_czystosc-si1","14":"pa_kamien-diamenty","15":"pa_kamien-biale-diamenty","16":"pa_kamien-diamenty-szampanskie","17":"pa_kolor-zolte","18":"pa_kruszec-zloto","19":"pa_proba-0-750","20":"pa_rozmiar-18cm","21":"pa_srednica-13-20mm","22":"pa_waga-33-30g","24":"first","25":"onbackorder","26":"purchasable","27":"product-type-simple"},"aioseo_notices":[],"_links":{"self":[{"href":"https:\/\/staviori.com.pl\/en\/wp-json\/wp\/v2\/product\/13584","targetHints":{"allow":["GET"]}}],"collection":[{"href":"https:\/\/staviori.com.pl\/en\/wp-json\/wp\/v2\/product"}],"about":[{"href":"https:\/\/staviori.com.pl\/en\/wp-json\/wp\/v2\/types\/product"}],"replies":[{"embeddable":true,"href":"https:\/\/staviori.com.pl\/en\/wp-json\/wp\/v2\/comments?post=13584"}],"wp:featuredmedia":[{"embeddable":true,"href":"https:\/\/staviori.com.pl\/en\/wp-json\/wp\/v2\/media\/817"}],"wp:attachment":[{"href":"https:\/\/staviori.com.pl\/en\/wp-json\/wp\/v2\/media?parent=13584"}],"wp:term":[{"taxonomy":"product_brand","embeddable":true,"href":"https:\/\/staviori.com.pl\/en\/wp-json\/wp\/v2\/product_brand?post=13584"},{"taxonomy":"product_cat","embeddable":true,"href":"https:\/\/staviori.com.pl\/en\/wp-json\/wp\/v2\/product_cat?post=13584"},{"taxonomy":"product_tag","embeddable":true,"href":"https:\/\/staviori.com.pl\/en\/wp-json\/wp\/v2\/product_tag?post=13584"}],"curies":[{"name":"wp","href":"https:\/\/api.w.org\/{rel}","templated":true}]}}