{"id":13568,"date":"2025-02-24T22:44:44","date_gmt":"2025-02-24T21:44:44","guid":{"rendered":"https:\/\/staviori.com.pl\/product\/perly-ze-srebrem-bsn6688\/"},"modified":"2026-02-11T00:08:25","modified_gmt":"2026-02-10T23:08:25","slug":"perly-ze-srebrem-bsn6688","status":"publish","type":"product","link":"https:\/\/staviori.com.pl\/en\/product\/perly-ze-srebrem-bsn6688\/","title":{"rendered":"bracelet of freshwater pearls gold plated"},"content":{"rendered":"<p>Model: BSN6688<br \/>\nWaga ok. 15g<\/p>\n<p>Bracelet 19 cm.<br \/>\nSilver 0.925 plated with yellow gold<\/p>\n<p>Natural Freshwater Cultured Pearls.<br \/>\nQuality B - white<br \/>\n\u015arednica pere\u0142 7-8 mm.<\/p>","protected":false},"excerpt":{"rendered":"<p>Klasyczna i ponadczasowa bransoletka z naturalnych, hodowanych pere\u0142 s\u0142odkowodnych w odcieniu bieli. Ka\u017cda per\u0142a o \u015brednicy 7\u20138 mm zachwyca subtelnym blaskiem i elegancj\u0105. Ca\u0142o\u015b\u0107 wyko\u0144czona elementami ze srebra pr\u00f3by 0,925, pokrytego \u017c\u00f3\u0142tym z\u0142otem, co nadaje bi\u017cuterii szlachetnego charakteru. Doskona\u0142y wyb\u00f3r dla kobiet ceni\u0105cych klasyk\u0119 i wyrafinowan\u0105 prostot\u0119.<\/p>","protected":false},"featured_media":13569,"comment_status":"closed","ping_status":"closed","template":"","meta":{"om_disable_all_campaigns":false},"product_brand":[2284,2350],"product_cat":[1393,1919,1817],"product_tag":[6251,6248,2645,4271,6252,6250,3029,2532,6249,2427],"class_list":{"0":"post-13568","1":"product","2":"type-product","3":"status-publish","4":"has-post-thumbnail","6":"product_brand-staviori","7":"product_brand-verona","8":"product_cat-perly","9":"product_cat-perly-ze-srebrem","10":"product_cat-srebro-2","11":"product_tag-armband-perlen","12":"product_tag-bransoletka-srebrna-pozlacana","13":"product_tag-bransoletka-z-perel","14":"product_tag-freshwater-pearls","15":"product_tag-naramek-perly","16":"product_tag-pearl-bracelet","17":"product_tag-perly-hodowane","18":"product_tag-perly-slodkowodne","19":"product_tag-pozlacana-bransoletka","20":"product_tag-srebro-925","21":"pa_kamien-naturalne-perly-hodowane-slodkowodne","22":"pa_kruszec-srebro","23":"pa_kruszec-srebro-pozlacane","24":"pa_perly-jakosc-b-biale","25":"pa_proba-0-925","26":"pa_srednica-perel-7-8mm","27":"pa_waga-15-00g","29":"first","30":"instock","31":"purchasable","32":"product-type-simple"},"aioseo_notices":[],"_links":{"self":[{"href":"https:\/\/staviori.com.pl\/en\/wp-json\/wp\/v2\/product\/13568","targetHints":{"allow":["GET"]}}],"collection":[{"href":"https:\/\/staviori.com.pl\/en\/wp-json\/wp\/v2\/product"}],"about":[{"href":"https:\/\/staviori.com.pl\/en\/wp-json\/wp\/v2\/types\/product"}],"replies":[{"embeddable":true,"href":"https:\/\/staviori.com.pl\/en\/wp-json\/wp\/v2\/comments?post=13568"}],"wp:featuredmedia":[{"embeddable":true,"href":"https:\/\/staviori.com.pl\/en\/wp-json\/wp\/v2\/media\/13569"}],"wp:attachment":[{"href":"https:\/\/staviori.com.pl\/en\/wp-json\/wp\/v2\/media?parent=13568"}],"wp:term":[{"taxonomy":"product_brand","embeddable":true,"href":"https:\/\/staviori.com.pl\/en\/wp-json\/wp\/v2\/product_brand?post=13568"},{"taxonomy":"product_cat","embeddable":true,"href":"https:\/\/staviori.com.pl\/en\/wp-json\/wp\/v2\/product_cat?post=13568"},{"taxonomy":"product_tag","embeddable":true,"href":"https:\/\/staviori.com.pl\/en\/wp-json\/wp\/v2\/product_tag?post=13568"}],"curies":[{"name":"wp","href":"https:\/\/api.w.org\/{rel}","templated":true}]}}