{"id":13531,"date":"2025-02-24T22:44:44","date_gmt":"2025-02-24T21:44:44","guid":{"rendered":"https:\/\/staviori.com.pl\/product\/srebrna-bransoletka-bsc6684\/"},"modified":"2026-02-11T00:08:25","modified_gmt":"2026-02-10T23:08:25","slug":"srebrna-bransoletka-bsc6684","status":"publish","type":"product","link":"https:\/\/staviori.com.pl\/en\/product\/srebrna-bransoletka-bsc6684\/","title":{"rendered":"Silver plated gold plated bracelet with onyx - BSC6684"},"content":{"rendered":"<p>Model: BSC6684<br \/>\nWaga ok. 4,11g<\/p>\n<p>Bracelet 19 cm.<br \/>\nSilver 0.925 plated with yellow gold<br \/>\nOnyx.<\/p>\n<p>Adjustable length 16cm - 19cm.<\/p>\n<p>Bransoletka stworzona ze srebra pr\u00f3by 925 z eleganckim z\u0142oconym wyko\u0144czeniem.<br \/>\nModel zosta\u0142 ozdobiony g\u0142\u0119bokimi czarnymi onyksami, kt\u00f3re dodaj\u0105 wyrafinowanego charakteru. Wyst\u0119puje r\u00f3wnie\u017c naszyjnik do kompletu.<\/p>","protected":false},"excerpt":{"rendered":"<p>Elegancka bransoletka z poz\u0142acanego srebra pr\u00f3by 0,925 o d\u0142ugo\u015bci 19 cm, z mo\u017cliwo\u015bci\u0105 regulacji od 16 cm do 19 cm. Model zdobi\u0105 g\u0142\u0119bokie, fasetowane onyksy przeplatane subtelnymi ogniwkami, a ciep\u0142y odcie\u0144 z\u0142ocenia podkre\u015bla kontrast mi\u0119dzy czerni\u0105 kamieni a blaskiem metalu. Idealna jako samodzielny akcent lub w duecie z pasuj\u0105cym naszyjnikiem.<\/p>","protected":false},"featured_media":13532,"comment_status":"closed","ping_status":"closed","template":"","meta":{"om_disable_all_campaigns":false},"product_brand":[2284,2350],"product_cat":[43,1392,1863,1817],"product_tag":[1401,2529,2368,2496,2448,2427],"class_list":{"0":"post-13531","1":"product","2":"type-product","3":"status-publish","4":"has-post-thumbnail","6":"product_brand-staviori","7":"product_brand-verona","8":"product_cat-bransoletki","9":"product_cat-damskie","10":"product_cat-srebrna-bransoletka","11":"product_cat-srebro-2","12":"product_tag-bransoletka","13":"product_tag-bsc6684","14":"product_tag-onyks","15":"product_tag-pozlacane-srebro","16":"product_tag-regulowana-bransoletka","17":"product_tag-srebro-925","18":"pa_kamien-onyks","19":"pa_kruszec-srebro","20":"pa_kruszec-srebro-pozlacane","21":"pa_proba-0-925","22":"pa_rozmiar-19cm","23":"pa_waga-4-11g","25":"first","26":"instock","27":"purchasable","28":"product-type-simple"},"aioseo_notices":[],"_links":{"self":[{"href":"https:\/\/staviori.com.pl\/en\/wp-json\/wp\/v2\/product\/13531","targetHints":{"allow":["GET"]}}],"collection":[{"href":"https:\/\/staviori.com.pl\/en\/wp-json\/wp\/v2\/product"}],"about":[{"href":"https:\/\/staviori.com.pl\/en\/wp-json\/wp\/v2\/types\/product"}],"replies":[{"embeddable":true,"href":"https:\/\/staviori.com.pl\/en\/wp-json\/wp\/v2\/comments?post=13531"}],"wp:featuredmedia":[{"embeddable":true,"href":"https:\/\/staviori.com.pl\/en\/wp-json\/wp\/v2\/media\/13532"}],"wp:attachment":[{"href":"https:\/\/staviori.com.pl\/en\/wp-json\/wp\/v2\/media?parent=13531"}],"wp:term":[{"taxonomy":"product_brand","embeddable":true,"href":"https:\/\/staviori.com.pl\/en\/wp-json\/wp\/v2\/product_brand?post=13531"},{"taxonomy":"product_cat","embeddable":true,"href":"https:\/\/staviori.com.pl\/en\/wp-json\/wp\/v2\/product_cat?post=13531"},{"taxonomy":"product_tag","embeddable":true,"href":"https:\/\/staviori.com.pl\/en\/wp-json\/wp\/v2\/product_tag?post=13531"}],"curies":[{"name":"wp","href":"https:\/\/api.w.org\/{rel}","templated":true}]}}