{"id":13480,"date":"2025-02-24T22:44:40","date_gmt":"2025-02-24T21:44:40","guid":{"rendered":"https:\/\/staviori.com.pl\/product\/srebrna-bransoletka-bsc6506\/"},"modified":"2026-03-23T01:11:07","modified_gmt":"2026-03-23T00:11:07","slug":"srebrna-bransoletka-bsc6506","status":"publish","type":"product","link":"https:\/\/staviori.com.pl\/en\/product\/srebrna-bransoletka-bsc6506\/","title":{"rendered":"Gold plated silver bracelet - BSC6506"},"content":{"rendered":"<p>Model: BSC6506<br \/>\nWaga ok. 5,02g<\/p>\n<p>Bransoleta 20 cm.<br \/>\n0.925 silver.<br \/>\ncovered in yellow gold<br \/>\nSelf-adjustable in length.<\/p>","protected":false},"excerpt":{"rendered":"<p>Elegancka bransoletka z oksydowanego srebra pr\u00f3by 0,925 pokrytego \u017c\u00f3\u0142tym z\u0142otem, z centralnym, wyd\u0142u\u017conym elementem w formie ob\u0142ego owalnego ogniwa. Delikatna plecionka \u0142a\u0144cuszka \u0142\u0105czy si\u0119 z mo\u017cliwo\u015bci\u0105 samodzielnej regulacji d\u0142ugo\u015bci, co pozwala na idealne dopasowanie do nadgarstka. Minimalistyczny design i ciep\u0142y odcie\u0144 z\u0142ota sprawiaj\u0105, \u017ce bi\u017cuteria doskonale uzupe\u0142ni zar\u00f3wno casualowe, jak i bardziej eleganckie stylizacje.<\/p>","protected":false},"featured_media":13481,"comment_status":"closed","ping_status":"closed","template":"","meta":{"om_disable_all_campaigns":false},"product_brand":[2284,2350],"product_cat":[43,1392,1863,1817],"product_tag":[1401,2482,2384,2481,2332,2448,2427],"class_list":{"0":"post-13480","1":"product","2":"type-product","3":"status-publish","4":"has-post-thumbnail","6":"product_brand-staviori","7":"product_brand-verona","8":"product_cat-bransoletki","9":"product_cat-damskie","10":"product_cat-srebrna-bransoletka","11":"product_cat-srebro-2","12":"product_tag-bransoletka","13":"product_tag-bsc6506","14":"product_tag-minimalistyczna-bizuteria","15":"product_tag-pozlacane-zloto","16":"product_tag-prezent","17":"product_tag-regulowana-bransoletka","18":"product_tag-srebro-925","19":"pa_kruszec-srebro","20":"pa_proba-0-925","21":"pa_rozmiar-20cm","22":"pa_waga-5-02g","24":"first","25":"instock","26":"purchasable","27":"product-type-simple"},"aioseo_notices":[],"_links":{"self":[{"href":"https:\/\/staviori.com.pl\/en\/wp-json\/wp\/v2\/product\/13480","targetHints":{"allow":["GET"]}}],"collection":[{"href":"https:\/\/staviori.com.pl\/en\/wp-json\/wp\/v2\/product"}],"about":[{"href":"https:\/\/staviori.com.pl\/en\/wp-json\/wp\/v2\/types\/product"}],"replies":[{"embeddable":true,"href":"https:\/\/staviori.com.pl\/en\/wp-json\/wp\/v2\/comments?post=13480"}],"wp:featuredmedia":[{"embeddable":true,"href":"https:\/\/staviori.com.pl\/en\/wp-json\/wp\/v2\/media\/13481"}],"wp:attachment":[{"href":"https:\/\/staviori.com.pl\/en\/wp-json\/wp\/v2\/media?parent=13480"}],"wp:term":[{"taxonomy":"product_brand","embeddable":true,"href":"https:\/\/staviori.com.pl\/en\/wp-json\/wp\/v2\/product_brand?post=13480"},{"taxonomy":"product_cat","embeddable":true,"href":"https:\/\/staviori.com.pl\/en\/wp-json\/wp\/v2\/product_cat?post=13480"},{"taxonomy":"product_tag","embeddable":true,"href":"https:\/\/staviori.com.pl\/en\/wp-json\/wp\/v2\/product_tag?post=13480"}],"curies":[{"name":"wp","href":"https:\/\/api.w.org\/{rel}","templated":true}]}}