{"id":13447,"date":"2025-02-24T22:44:40","date_gmt":"2025-02-24T21:44:40","guid":{"rendered":"https:\/\/staviori.com.pl\/product\/srebrna-bransoletka-bsc6467\/"},"modified":"2026-04-23T11:26:39","modified_gmt":"2026-04-23T09:26:39","slug":"srebrna-bransoletka-bsc6467","status":"publish","type":"product","link":"https:\/\/staviori.com.pl\/en\/product\/srebrna-bransoletka-bsc6467\/","title":{"rendered":"Silver bracelet with tinsel and zirconia - BSC6467"},"content":{"rendered":"<p>Model: BSC6467<br \/>\nWeight approx. 2.90g<\/p>\n<p>Bracelet 19 cm.<br \/>\n0.925 rhodium-plated silver.<br \/>\nZirconia.<\/p>\n<p>Adjustable length 16cm - 19cm.<br \/>\nMo\u017cliwo\u015bc graweru ( wyd\u0142u\u017cy to czas realizacji ).<\/p>","protected":false},"excerpt":{"rendered":"<p>Elegancka, otwarta bransoletka typu bangle wykonana z rodowanego srebra pr\u00f3by 0,925. Smuk\u0142y profil o grubo\u015bci 3 mm emanuje minimalistycznym szykiem, a solidna, sztywna forma subtelnie podkre\u015bla lini\u0119 nadgarstka. Prosty, ponadczasowy design czyni z niej uniwersalny dodatek, kt\u00f3ry doskonale uzupe\u0142ni codzienne stylizacje.<\/p>","protected":false},"featured_media":17029,"comment_status":"closed","ping_status":"closed","template":"","meta":{"om_disable_all_campaigns":false},"product_brand":[2284,2350],"product_cat":[43,1392,1863,1817],"product_tag":[2335,2295,2505,2507,2384,2427,2426],"class_list":{"0":"post-13447","1":"product","2":"type-product","3":"status-publish","4":"has-post-thumbnail","6":"product_brand-staviori","7":"product_brand-verona","8":"product_cat-bransoletki","9":"product_cat-damskie","10":"product_cat-srebrna-bransoletka","11":"product_cat-srebro-2","12":"product_tag-bangle","13":"product_tag-bransoleta","14":"product_tag-bsc6465","15":"product_tag-grawer","16":"product_tag-minimalistyczna-bizuteria","17":"product_tag-srebro-925","18":"product_tag-srebro-rodowane","19":"pa_kamien-cyrkonia","20":"pa_kruszec-srebro-rodowane","21":"pa_proba-0-925","22":"pa_rozmiar-19cm","23":"pa_waga-2-90g","25":"first","26":"instock","27":"purchasable","28":"product-type-simple"},"aioseo_notices":[],"_links":{"self":[{"href":"https:\/\/staviori.com.pl\/en\/wp-json\/wp\/v2\/product\/13447","targetHints":{"allow":["GET"]}}],"collection":[{"href":"https:\/\/staviori.com.pl\/en\/wp-json\/wp\/v2\/product"}],"about":[{"href":"https:\/\/staviori.com.pl\/en\/wp-json\/wp\/v2\/types\/product"}],"replies":[{"embeddable":true,"href":"https:\/\/staviori.com.pl\/en\/wp-json\/wp\/v2\/comments?post=13447"}],"wp:featuredmedia":[{"embeddable":true,"href":"https:\/\/staviori.com.pl\/en\/wp-json\/wp\/v2\/media\/17029"}],"wp:attachment":[{"href":"https:\/\/staviori.com.pl\/en\/wp-json\/wp\/v2\/media?parent=13447"}],"wp:term":[{"taxonomy":"product_brand","embeddable":true,"href":"https:\/\/staviori.com.pl\/en\/wp-json\/wp\/v2\/product_brand?post=13447"},{"taxonomy":"product_cat","embeddable":true,"href":"https:\/\/staviori.com.pl\/en\/wp-json\/wp\/v2\/product_cat?post=13447"},{"taxonomy":"product_tag","embeddable":true,"href":"https:\/\/staviori.com.pl\/en\/wp-json\/wp\/v2\/product_tag?post=13447"}],"curies":[{"name":"wp","href":"https:\/\/api.w.org\/{rel}","templated":true}]}}