{"id":13429,"date":"2025-02-24T22:44:37","date_gmt":"2025-02-24T21:44:37","guid":{"rendered":"https:\/\/staviori.com.pl\/product\/srebrna-bransoletka-bsc6309\/"},"modified":"2026-02-11T00:08:24","modified_gmt":"2026-02-10T23:08:24","slug":"srebrna-bransoletka-bsc6309","status":"publish","type":"product","link":"https:\/\/staviori.com.pl\/en\/product\/srebrna-bransoletka-bsc6309\/","title":{"rendered":"Silver heart bracelet with zircons - BSC6309"},"content":{"rendered":"<p>Model: BSC6309<br \/>\nWeight approx. 1g<\/p>\n<p>Bracelet 19 cm.<br \/>\n0.925 silver.<br \/>\nZirconia.<br \/>\nAdjustable length 17cm - 19cm.<\/p>","protected":false},"excerpt":{"rendered":"<p>Subtelna bransoletka z rodowanego srebra pr\u00f3by 0,925, serce wysadzane l\u015bni\u0105c\u0105 cyrkoni\u0105, kt\u00f3rej precyzyjny szlif imituje diamentowy blask. Regulowana d\u0142ugo\u015b\u0107 pozwala idealnie dopasowa\u0107 bi\u017cuteri\u0119 do nadgarstka. Elegancki, minimalistyczny design sprawia, \u017ce bransoletka doskonale sprawdzi si\u0119 zar\u00f3wno na co dzie\u0144, jak i podczas wyj\u0105tkowych okazji.<\/p>","protected":false},"featured_media":792,"comment_status":"closed","ping_status":"closed","template":"","meta":{"om_disable_all_campaigns":false},"product_brand":[2284,2350],"product_cat":[43,1392,1863,1817],"product_tag":[1401,2466,2454,2448,2455,1414,2427],"class_list":{"0":"post-13429","1":"product","2":"type-product","3":"status-publish","4":"has-post-thumbnail","6":"product_brand-staviori","7":"product_brand-verona","8":"product_cat-bransoletki","9":"product_cat-damskie","10":"product_cat-srebrna-bransoletka","11":"product_cat-srebro-2","12":"product_tag-bransoletka","13":"product_tag-bsc6309","14":"product_tag-cyrkonia","15":"product_tag-regulowana-bransoletka","16":"product_tag-rodowane-srebro","17":"product_tag-serce","18":"product_tag-srebro-925","19":"pa_kamien-cyrkonia","20":"pa_kruszec-srebro","21":"pa_proba-0-925","22":"pa_waga-1g","24":"first","25":"instock","26":"taxable","27":"shipping-taxable","28":"purchasable","29":"product-type-simple"},"aioseo_notices":[],"_links":{"self":[{"href":"https:\/\/staviori.com.pl\/en\/wp-json\/wp\/v2\/product\/13429","targetHints":{"allow":["GET"]}}],"collection":[{"href":"https:\/\/staviori.com.pl\/en\/wp-json\/wp\/v2\/product"}],"about":[{"href":"https:\/\/staviori.com.pl\/en\/wp-json\/wp\/v2\/types\/product"}],"replies":[{"embeddable":true,"href":"https:\/\/staviori.com.pl\/en\/wp-json\/wp\/v2\/comments?post=13429"}],"wp:featuredmedia":[{"embeddable":true,"href":"https:\/\/staviori.com.pl\/en\/wp-json\/wp\/v2\/media\/792"}],"wp:attachment":[{"href":"https:\/\/staviori.com.pl\/en\/wp-json\/wp\/v2\/media?parent=13429"}],"wp:term":[{"taxonomy":"product_brand","embeddable":true,"href":"https:\/\/staviori.com.pl\/en\/wp-json\/wp\/v2\/product_brand?post=13429"},{"taxonomy":"product_cat","embeddable":true,"href":"https:\/\/staviori.com.pl\/en\/wp-json\/wp\/v2\/product_cat?post=13429"},{"taxonomy":"product_tag","embeddable":true,"href":"https:\/\/staviori.com.pl\/en\/wp-json\/wp\/v2\/product_tag?post=13429"}],"curies":[{"name":"wp","href":"https:\/\/api.w.org\/{rel}","templated":true}]}}