{"id":13428,"date":"2025-02-24T22:44:37","date_gmt":"2025-02-24T21:44:37","guid":{"rendered":"https:\/\/staviori.com.pl\/product\/srebrna-bransoletka-bsc6256\/"},"modified":"2026-04-25T01:30:42","modified_gmt":"2026-04-24T23:30:42","slug":"srebrna-bransoletka-bsc6256","status":"publish","type":"product","link":"https:\/\/staviori.com.pl\/en\/product\/srebrna-bransoletka-bsc6256\/","title":{"rendered":"Adjustable silver delicate bracelet - BSC6256"},"content":{"rendered":"<p>Model: BSC6256<br \/>\nWeight approx. 1.15g<\/p>\n<p>Bracelet 19 cm.<br \/>\n0.925 silver.<br \/>\n4 mm wide.<br \/>\nAdjustable length 17cm - 19cm.<\/p>","protected":false},"excerpt":{"rendered":"<p>Subtelna bransoletka z rodowanego srebra pr\u00f3by 0,925 o regulowanej d\u0142ugo\u015bci 17\u201319 cm. Smuk\u0142y, 4 mm wide\u0328 pasek delikatnie otula nadgarstek, a klasyczny design sprawia, \u017ce bi\u017cuteria doskonale komponuje si\u0119 z ka\u017cdym strojem \u2013 od codziennych, przez biznesowe, a\u017c po wieczorowe. Uniwersalny styl i mo\u017cliwo\u015b\u0107 dopasowania d\u0142ugo\u015bci gwarantuj\u0105 komfort noszenia oraz elegancki wygl\u0105d.<\/p>","protected":false},"featured_media":783,"comment_status":"closed","ping_status":"closed","template":"","meta":{"om_disable_all_campaigns":false},"product_brand":[2284,2350],"product_cat":[43,1392,1863,1817],"product_tag":[1401,2462,2448,2427,2426],"class_list":{"0":"post-13428","1":"product","2":"type-product","3":"status-publish","4":"has-post-thumbnail","6":"product_brand-staviori","7":"product_brand-verona","8":"product_cat-bransoletki","9":"product_cat-damskie","10":"product_cat-srebrna-bransoletka","11":"product_cat-srebro-2","12":"product_tag-bransoletka","13":"product_tag-bsc6256","14":"product_tag-regulowana-bransoletka","15":"product_tag-srebro-925","16":"product_tag-srebro-rodowane","17":"pa_kruszec-srebro","18":"pa_proba-0-925","19":"pa_rozmiar-19cm","20":"pa_szerokosc-4mm","21":"pa_waga-1-15g","23":"first","24":"instock","25":"taxable","26":"shipping-taxable","27":"purchasable","28":"product-type-simple"},"aioseo_notices":[],"_links":{"self":[{"href":"https:\/\/staviori.com.pl\/en\/wp-json\/wp\/v2\/product\/13428","targetHints":{"allow":["GET"]}}],"collection":[{"href":"https:\/\/staviori.com.pl\/en\/wp-json\/wp\/v2\/product"}],"about":[{"href":"https:\/\/staviori.com.pl\/en\/wp-json\/wp\/v2\/types\/product"}],"replies":[{"embeddable":true,"href":"https:\/\/staviori.com.pl\/en\/wp-json\/wp\/v2\/comments?post=13428"}],"wp:featuredmedia":[{"embeddable":true,"href":"https:\/\/staviori.com.pl\/en\/wp-json\/wp\/v2\/media\/783"}],"wp:attachment":[{"href":"https:\/\/staviori.com.pl\/en\/wp-json\/wp\/v2\/media?parent=13428"}],"wp:term":[{"taxonomy":"product_brand","embeddable":true,"href":"https:\/\/staviori.com.pl\/en\/wp-json\/wp\/v2\/product_brand?post=13428"},{"taxonomy":"product_cat","embeddable":true,"href":"https:\/\/staviori.com.pl\/en\/wp-json\/wp\/v2\/product_cat?post=13428"},{"taxonomy":"product_tag","embeddable":true,"href":"https:\/\/staviori.com.pl\/en\/wp-json\/wp\/v2\/product_tag?post=13428"}],"curies":[{"name":"wp","href":"https:\/\/api.w.org\/{rel}","templated":true}]}}