{"id":13393,"date":"2025-02-24T22:44:33","date_gmt":"2025-02-24T21:44:33","guid":{"rendered":"https:\/\/staviori.com.pl\/product\/srebrna-bransoletka-bdm3235\/"},"modified":"2026-02-11T00:08:23","modified_gmt":"2026-02-10T23:08:23","slug":"srebrna-bransoletka-bdm3235","status":"publish","type":"product","link":"https:\/\/staviori.com.pl\/en\/product\/srebrna-bransoletka-bdm3235\/","title":{"rendered":"Silver bracelet with marcasites solid - BDM3235"},"content":{"rendered":"<p>Model: BDM3235<br \/>\nWaga ok. 15,50g<\/p>\n<p>Bracelet 19 cm.<br \/>\n0.925 rhodium-plated silver.<br \/>\nMarcasites.<br \/>\nSzeroko\u015b\u0107 4.2 mm.<\/p>","protected":false},"excerpt":{"rendered":"<p>Solidna bransoletka z rodowanego srebra pr\u00f3by 0,925, wysadzana po\u0142yskuj\u0105cymi markazytami. Subtelny splot kamieni tworzy minimalistyczny wz\u00f3r, a grafitowy blask markazyt\u00f3w pi\u0119knie wsp\u00f3\u0142gra z ch\u0142odnym odcieniem srebra, dodaj\u0105c ca\u0142o\u015bci lekko retro charakteru. To uniwersalny element bi\u017cuterii, kt\u00f3ry doda szyku zar\u00f3wno codziennym, jak i wieczorowym stylizacjom.<\/p>","protected":false},"featured_media":684,"comment_status":"closed","ping_status":"closed","template":"","meta":{"om_disable_all_campaigns":false},"product_brand":[2284],"product_cat":[43,1392,2421,1863,1817],"product_tag":[2430,2293,2428,1401,2425,2332,2427,2426],"class_list":{"0":"post-13393","1":"product","2":"type-product","3":"status-publish","4":"has-post-thumbnail","6":"product_brand-staviori","7":"product_cat-bransoletki","8":"product_cat-damskie","9":"product_cat-meskie","10":"product_cat-srebrna-bransoletka","11":"product_cat-srebro-2","12":"product_tag-bdm3235","13":"product_tag-bizuteria-na-zamowienie","14":"product_tag-bizuteria-srebrna","15":"product_tag-bransoletka","16":"product_tag-markazyty","17":"product_tag-prezent","18":"product_tag-srebro-925","19":"product_tag-srebro-rodowane","20":"pa_barwa-70","21":"pa_kamien-markazyty","22":"pa_kruszec-srebro-rodowane","23":"pa_proba-0-925","24":"pa_rozmiar-19cm","25":"pa_szerokosc-4-2mm","26":"pa_waga-15-50g","28":"first","29":"instock","30":"purchasable","31":"product-type-simple"},"aioseo_notices":[],"_links":{"self":[{"href":"https:\/\/staviori.com.pl\/en\/wp-json\/wp\/v2\/product\/13393","targetHints":{"allow":["GET"]}}],"collection":[{"href":"https:\/\/staviori.com.pl\/en\/wp-json\/wp\/v2\/product"}],"about":[{"href":"https:\/\/staviori.com.pl\/en\/wp-json\/wp\/v2\/types\/product"}],"replies":[{"embeddable":true,"href":"https:\/\/staviori.com.pl\/en\/wp-json\/wp\/v2\/comments?post=13393"}],"wp:featuredmedia":[{"embeddable":true,"href":"https:\/\/staviori.com.pl\/en\/wp-json\/wp\/v2\/media\/684"}],"wp:attachment":[{"href":"https:\/\/staviori.com.pl\/en\/wp-json\/wp\/v2\/media?parent=13393"}],"wp:term":[{"taxonomy":"product_brand","embeddable":true,"href":"https:\/\/staviori.com.pl\/en\/wp-json\/wp\/v2\/product_brand?post=13393"},{"taxonomy":"product_cat","embeddable":true,"href":"https:\/\/staviori.com.pl\/en\/wp-json\/wp\/v2\/product_cat?post=13393"},{"taxonomy":"product_tag","embeddable":true,"href":"https:\/\/staviori.com.pl\/en\/wp-json\/wp\/v2\/product_tag?post=13393"}],"curies":[{"name":"wp","href":"https:\/\/api.w.org\/{rel}","templated":true}]}}