{"id":13378,"date":"2025-02-24T22:44:30","date_gmt":"2025-02-24T21:44:30","guid":{"rendered":"https:\/\/staviori.com.pl\/product\/bizuteria-inwestycyjna-bransoletka-bcs3987\/"},"modified":"2026-02-11T00:08:23","modified_gmt":"2026-02-10T23:08:23","slug":"bizuteria-inwestycyjna-bransoletka-bcs3987","status":"publish","type":"product","link":"https:\/\/staviori.com.pl\/en\/product\/bizuteria-inwestycyjna-bransoletka-bcs3987\/","title":{"rendered":"Exclusive | Black bracelet with yellow sapphires - DSB0724"},"content":{"rendered":"<p>Model: DSB0724<br \/>\nWaga ok. 31,22g<\/p>\n<p>Bracelet 19 cm.<br \/>\nBlack Gold 0.750.<br \/>\n261 Szafir\u00f3w \u017c\u00f3\u0142tych, o masie 4,94ct.<\/p>\n<p>Szeroko\u015b\u0107 8.3 mm.<br \/>\nThickness 2.8 mm.<\/p>\n<p><strong>Product available on request only, lead time approx. 5 weeks.<\/strong><\/p>","protected":false},"excerpt":{"rendered":"<p>An exceptional bracelet in 0.750 black gold, set with 261 yellow sapphires weighing a total of 4.94ct.<br \/>\nThe deep black of the metal creates a striking contrast with the warm, sunny glow of the stones, and the delicate yet distinctive form wraps the wrist like an elegant band. It is an original accent that will add character to both evening and everyday stylings.<\/p>","protected":false},"featured_media":616,"comment_status":"closed","ping_status":"closed","template":"","meta":{"om_disable_all_campaigns":false},"product_brand":[2284],"product_cat":[6893,43,1803],"product_tag":[2338,2293,2295,2405,2414,2280,2332,2341,2415],"class_list":{"0":"post-13378","1":"product","2":"type-product","3":"status-publish","4":"has-post-thumbnail","6":"product_brand-staviori","7":"product_cat-bransoletka","8":"product_cat-bransoletki","9":"product_cat-brylanty-exclusive","10":"product_tag-18k","11":"product_tag-bizuteria-na-zamowienie","12":"product_tag-bransoleta","13":"product_tag-czarne-zloto","14":"product_tag-dsb0724","15":"product_tag-luksusowa-bizuteria","16":"product_tag-prezent","17":"product_tag-zloto-750","18":"product_tag-zolte-szafiry","19":"pa_barwa-70","20":"pa_grubosc-2-8mm","21":"pa_kamien-szafiry-naturalne","22":"pa_kamien-szafiry-zolte","23":"pa_kolor-biale","24":"pa_kolor-czarne","25":"pa_kruszec-zloto","26":"pa_proba-0-750","27":"pa_rozmiar-19cm","28":"pa_szerokosc-8-3mm","29":"pa_waga-31-22g","31":"first","32":"onbackorder","33":"taxable","34":"shipping-taxable","35":"purchasable","36":"product-type-simple"},"aioseo_notices":[],"_links":{"self":[{"href":"https:\/\/staviori.com.pl\/en\/wp-json\/wp\/v2\/product\/13378","targetHints":{"allow":["GET"]}}],"collection":[{"href":"https:\/\/staviori.com.pl\/en\/wp-json\/wp\/v2\/product"}],"about":[{"href":"https:\/\/staviori.com.pl\/en\/wp-json\/wp\/v2\/types\/product"}],"replies":[{"embeddable":true,"href":"https:\/\/staviori.com.pl\/en\/wp-json\/wp\/v2\/comments?post=13378"}],"wp:featuredmedia":[{"embeddable":true,"href":"https:\/\/staviori.com.pl\/en\/wp-json\/wp\/v2\/media\/616"}],"wp:attachment":[{"href":"https:\/\/staviori.com.pl\/en\/wp-json\/wp\/v2\/media?parent=13378"}],"wp:term":[{"taxonomy":"product_brand","embeddable":true,"href":"https:\/\/staviori.com.pl\/en\/wp-json\/wp\/v2\/product_brand?post=13378"},{"taxonomy":"product_cat","embeddable":true,"href":"https:\/\/staviori.com.pl\/en\/wp-json\/wp\/v2\/product_cat?post=13378"},{"taxonomy":"product_tag","embeddable":true,"href":"https:\/\/staviori.com.pl\/en\/wp-json\/wp\/v2\/product_tag?post=13378"}],"curies":[{"name":"wp","href":"https:\/\/api.w.org\/{rel}","templated":true}]}}