{"id":13361,"date":"2025-02-24T22:44:27","date_gmt":"2025-02-24T21:44:27","guid":{"rendered":"https:\/\/staviori.com.pl\/product\/bransoletka-z-brylantami-bbd4105\/"},"modified":"2026-02-11T00:08:23","modified_gmt":"2026-02-10T23:08:23","slug":"bransoletka-z-brylantami-bbd4105","status":"publish","type":"product","link":"https:\/\/staviori.com.pl\/en\/product\/bransoletka-z-brylantami-bbd4105\/","title":{"rendered":"Bracelet with black and white diamonds - BBD4105"},"content":{"rendered":"<p>Model: BBD4105<\/p>\n<p>Waga ok. 1,48g<\/p>\n<p>Bracelet 18 cm.<br \/>\nWhite gold 0.585.<br \/>\n9 Diament\u00f3w, szlif brylantowy, o masie 0,08 ct., barwa H, czysto\u015b\u0107 SI2.<br \/>\n9 Diament\u00f3w, kolor czarny, szlif brylantowy, o masie 0,08 ct.<\/p>\n<p>Wymiary 9&#215;23 mm.<br \/>\n3.9 mm wide.<\/p>\n<p><strong>Product available on request only, lead time approx. 4 weeks.<\/strong><\/p>\n<p><strong>Uwaga.<br \/>\nPrzedstawiony na zdj\u0119ciach \u0142a\u0144cuch nie jest ju\u017c dost\u0119pny. Obecnie wyst\u0119puje delikatniejszy, kt\u00f3rego kolor z\u0142ota mo\u017cna wybra\u0107.<\/strong><\/p>","protected":false},"excerpt":{"rendered":"<p>An elegant, thin bracelet in 14K white gold 0.585, symmetrically set with 9 white and 9 black diamonds weighing a total of 0.16ct, creating a subtle contrast and modern design. The delicate chain emphasises the lightness of the form, while the juxtaposition of white and deep black diamonds gives the jewellery a unique character. Perfect for everyday wear and minimalist styling.<\/p>","protected":false},"featured_media":538,"comment_status":"closed","ping_status":"closed","template":"","meta":{"om_disable_all_campaigns":false},"product_brand":[2284],"product_cat":[1839,43,1838],"product_tag":[2383,2346,2308,2293,2382,2295,2319,2296,2384,2332,2364],"class_list":{"0":"post-13361","1":"product","2":"type-product","3":"status-publish","4":"has-post-thumbnail","6":"product_brand-staviori","7":"product_cat-bransoletka-z-brylantami","8":"product_cat-bransoletki","9":"product_cat-diamenty","10":"product_tag-14k","11":"product_tag-18-cm","12":"product_tag-biale-zloto","13":"product_tag-bizuteria-na-zamowienie","14":"product_tag-br1754","15":"product_tag-bransoleta","16":"product_tag-czarne-diamenty","17":"product_tag-diamenty","18":"product_tag-minimalistyczna-bizuteria","19":"product_tag-prezent","20":"product_tag-zloto-585","21":"pa_barwa-h","22":"pa_czystosc-si2","23":"pa_kamien-biale-diamenty","24":"pa_kamien-brylanty","25":"pa_kamien-czarne-diamenty","26":"pa_kolor-biale","27":"pa_kruszec-zloto","28":"pa_proba-0-585","29":"pa_rozmiar-18cm","30":"pa_szerokosc-3-9mm","31":"pa_waga-1-48g","32":"pa_wymiary-9x23mm","34":"first","35":"onbackorder","36":"purchasable","37":"product-type-simple"},"aioseo_notices":[],"_links":{"self":[{"href":"https:\/\/staviori.com.pl\/en\/wp-json\/wp\/v2\/product\/13361","targetHints":{"allow":["GET"]}}],"collection":[{"href":"https:\/\/staviori.com.pl\/en\/wp-json\/wp\/v2\/product"}],"about":[{"href":"https:\/\/staviori.com.pl\/en\/wp-json\/wp\/v2\/types\/product"}],"replies":[{"embeddable":true,"href":"https:\/\/staviori.com.pl\/en\/wp-json\/wp\/v2\/comments?post=13361"}],"wp:featuredmedia":[{"embeddable":true,"href":"https:\/\/staviori.com.pl\/en\/wp-json\/wp\/v2\/media\/538"}],"wp:attachment":[{"href":"https:\/\/staviori.com.pl\/en\/wp-json\/wp\/v2\/media?parent=13361"}],"wp:term":[{"taxonomy":"product_brand","embeddable":true,"href":"https:\/\/staviori.com.pl\/en\/wp-json\/wp\/v2\/product_brand?post=13361"},{"taxonomy":"product_cat","embeddable":true,"href":"https:\/\/staviori.com.pl\/en\/wp-json\/wp\/v2\/product_cat?post=13361"},{"taxonomy":"product_tag","embeddable":true,"href":"https:\/\/staviori.com.pl\/en\/wp-json\/wp\/v2\/product_tag?post=13361"}],"curies":[{"name":"wp","href":"https:\/\/api.w.org\/{rel}","templated":true}]}}