{"id":13360,"date":"2025-02-24T22:44:27","date_gmt":"2025-02-24T21:44:27","guid":{"rendered":"https:\/\/staviori.com.pl\/product\/bizuteria-inwestycyjna-bransoletka-bbd4008\/"},"modified":"2026-02-11T00:08:23","modified_gmt":"2026-02-10T23:08:23","slug":"bizuteria-inwestycyjna-bransoletka-bbd4008","status":"publish","type":"product","link":"https:\/\/staviori.com.pl\/en\/product\/bizuteria-inwestycyjna-bransoletka-bbd4008\/","title":{"rendered":"Exclusive | Beautiful sapphire and diamond bracelet - DSB0420"},"content":{"rendered":"<p>Model: DSB0420<br \/>\nWaga ok. 12,24g<\/p>\n<p>Bracelet 18 cm.<br \/>\nWhite Gold 0.750.<br \/>\n365 Diament\u00f3w, szlif brylantowy, o masie 1,53ct, barwa G-H, czysto\u015b\u0107 SI1.<br \/>\n20 Diament\u00f3w, szlif bagieta, o masie 1,51ct, barwa G-H, czysto\u015b\u0107 SI1.<br \/>\n60 Szafir\u00f3w, o masie 1,48 ct.<\/p>\n<p>Szeroko\u015b\u0107 3.8-5.2 mm.<br \/>\nGrubo\u015b\u0107 3.7 mm.<\/p>\n<p><strong>Product available on request only, lead time approx. 5 weeks.<\/strong><\/p>","protected":false},"excerpt":{"rendered":"<p>A dazzling bracelet in 18K white gold 0.750, set with 365 diamonds weighing a total of 1.53 ct and 20 baguette-cut diamonds weighing 1.51 ct. The whole is complemented by 60 sapphires weighing a total of 1.48 ct, which introduce a subtle blue glow. The combination of the different shapes and sizes of the stones creates a sensual lighting effect, giving the jewellery a particularly luxurious feel.<\/p>","protected":false},"featured_media":535,"comment_status":"closed","ping_status":"closed","template":"","meta":{"om_disable_all_campaigns":false},"product_brand":[2284],"product_cat":[6893,43,1803],"product_tag":[2338,2308,2293,2295,2301,2296,2348,2374,2280,2332,2297,2341],"class_list":{"0":"post-13360","1":"product","2":"type-product","3":"status-publish","4":"has-post-thumbnail","6":"product_brand-staviori","7":"product_cat-bransoletka","8":"product_cat-bransoletki","9":"product_cat-brylanty-exclusive","10":"product_tag-18k","11":"product_tag-biale-zloto","12":"product_tag-bizuteria-na-zamowienie","13":"product_tag-bransoleta","14":"product_tag-brylanty","15":"product_tag-diamenty","16":"product_tag-diamenty-bagietkowe","17":"product_tag-dsb0420","18":"product_tag-luksusowa-bizuteria","19":"product_tag-prezent","20":"product_tag-szafiry","21":"product_tag-zloto-750","22":"pa_barwa-g-h","23":"pa_czystosc-si1","24":"pa_grubosc-3-7mm","25":"pa_kamien-diamenty","26":"pa_kamien-brylanty","27":"pa_kamien-diamenty-bagietowe","28":"pa_kamien-szafiry","29":"pa_kolor-biale","30":"pa_kruszec-zloto","31":"pa_proba-0-750","32":"pa_rozmiar-18cm","33":"pa_szerokosc-3-8-5-2mm","34":"pa_waga-12-24g","36":"first","37":"onbackorder","38":"taxable","39":"shipping-taxable","40":"purchasable","41":"product-type-simple"},"aioseo_notices":[],"_links":{"self":[{"href":"https:\/\/staviori.com.pl\/en\/wp-json\/wp\/v2\/product\/13360","targetHints":{"allow":["GET"]}}],"collection":[{"href":"https:\/\/staviori.com.pl\/en\/wp-json\/wp\/v2\/product"}],"about":[{"href":"https:\/\/staviori.com.pl\/en\/wp-json\/wp\/v2\/types\/product"}],"replies":[{"embeddable":true,"href":"https:\/\/staviori.com.pl\/en\/wp-json\/wp\/v2\/comments?post=13360"}],"wp:featuredmedia":[{"embeddable":true,"href":"https:\/\/staviori.com.pl\/en\/wp-json\/wp\/v2\/media\/535"}],"wp:attachment":[{"href":"https:\/\/staviori.com.pl\/en\/wp-json\/wp\/v2\/media?parent=13360"}],"wp:term":[{"taxonomy":"product_brand","embeddable":true,"href":"https:\/\/staviori.com.pl\/en\/wp-json\/wp\/v2\/product_brand?post=13360"},{"taxonomy":"product_cat","embeddable":true,"href":"https:\/\/staviori.com.pl\/en\/wp-json\/wp\/v2\/product_cat?post=13360"},{"taxonomy":"product_tag","embeddable":true,"href":"https:\/\/staviori.com.pl\/en\/wp-json\/wp\/v2\/product_tag?post=13360"}],"curies":[{"name":"wp","href":"https:\/\/api.w.org\/{rel}","templated":true}]}}