{"id":13359,"date":"2025-02-24T22:44:27","date_gmt":"2025-02-24T21:44:27","guid":{"rendered":"https:\/\/staviori.com.pl\/product\/bizuteria-inwestycyjna-bransoletka-bbd4007\/"},"modified":"2026-02-11T00:08:23","modified_gmt":"2026-02-10T23:08:23","slug":"bizuteria-inwestycyjna-bransoletka-bbd4007","status":"publish","type":"product","link":"https:\/\/staviori.com.pl\/en\/product\/bizuteria-inwestycyjna-bransoletka-bbd4007\/","title":{"rendered":"Exclusive | Emerald bracelet with diamonds - DSB0206"},"content":{"rendered":"<p>Model: DSB0206<br \/>\nWaga ok. 11,05g<\/p>\n<p>Bracelet 18 cm.<br \/>\nWhite Gold 0.750.<br \/>\n26 Diament\u00f3w, szlif brylantowy, o masie 0,78 ct, barwa G-H, czysto\u015b\u0107 SI1.<br \/>\n26 Szmaragd\u00f3w, o masie 8,41 ct.<\/p>\n<p>Szeroko\u015b\u0107 4.3 mm.<br \/>\nGrubo\u015b\u0107 3.7 mm.<\/p>\n<p><strong>Product available on request only, lead time approx. 5 weeks.<\/strong><\/p>","protected":false},"excerpt":{"rendered":"<p>A sophisticated bracelet in 18K white gold 0.750, decorated with 26 diamonds weighing approximately 0.78ct (colour G-H, purity SI1) and 26 luscious emeralds weighing approximately 8.41ct. The delicate design exposes the contrast between the cool brilliance of the diamonds and the deep green depth of the emeralds, creating a luxurious accessory that will perfectly complement both evening and everyday styling.<\/p>","protected":false},"featured_media":532,"comment_status":"closed","ping_status":"closed","template":"","meta":{"om_disable_all_campaigns":false},"product_brand":[2284],"product_cat":[6893,43,1803],"product_tag":[2338,2308,2293,2295,2296,2371,2280,2332,2373,2372,2341],"class_list":{"0":"post-13359","1":"product","2":"type-product","3":"status-publish","4":"has-post-thumbnail","6":"product_brand-staviori","7":"product_cat-bransoletka","8":"product_cat-bransoletki","9":"product_cat-brylanty-exclusive","10":"product_tag-18k","11":"product_tag-biale-zloto","12":"product_tag-bizuteria-na-zamowienie","13":"product_tag-bransoleta","14":"product_tag-diamenty","15":"product_tag-dsb0206","16":"product_tag-luksusowa-bizuteria","17":"product_tag-prezent","18":"product_tag-szmaragdy","19":"product_tag-zielona","20":"product_tag-zloto-750","21":"pa_barwa-g-h","22":"pa_czystosc-si1","23":"pa_grubosc-3-7mm","24":"pa_kamien-diamenty","25":"pa_kamien-brylanty","26":"pa_kamien-szmaragdy","27":"pa_kamien-zielone-szmaragdy","28":"pa_kolor-biale","29":"pa_kruszec-zloto","30":"pa_proba-0-750","31":"pa_rozmiar-18cm","32":"pa_szerokosc-4-3mm","33":"pa_waga-11-05g","35":"first","36":"onbackorder","37":"taxable","38":"shipping-taxable","39":"purchasable","40":"product-type-simple"},"aioseo_notices":[],"_links":{"self":[{"href":"https:\/\/staviori.com.pl\/en\/wp-json\/wp\/v2\/product\/13359","targetHints":{"allow":["GET"]}}],"collection":[{"href":"https:\/\/staviori.com.pl\/en\/wp-json\/wp\/v2\/product"}],"about":[{"href":"https:\/\/staviori.com.pl\/en\/wp-json\/wp\/v2\/types\/product"}],"replies":[{"embeddable":true,"href":"https:\/\/staviori.com.pl\/en\/wp-json\/wp\/v2\/comments?post=13359"}],"wp:featuredmedia":[{"embeddable":true,"href":"https:\/\/staviori.com.pl\/en\/wp-json\/wp\/v2\/media\/532"}],"wp:attachment":[{"href":"https:\/\/staviori.com.pl\/en\/wp-json\/wp\/v2\/media?parent=13359"}],"wp:term":[{"taxonomy":"product_brand","embeddable":true,"href":"https:\/\/staviori.com.pl\/en\/wp-json\/wp\/v2\/product_brand?post=13359"},{"taxonomy":"product_cat","embeddable":true,"href":"https:\/\/staviori.com.pl\/en\/wp-json\/wp\/v2\/product_cat?post=13359"},{"taxonomy":"product_tag","embeddable":true,"href":"https:\/\/staviori.com.pl\/en\/wp-json\/wp\/v2\/product_tag?post=13359"}],"curies":[{"name":"wp","href":"https:\/\/api.w.org\/{rel}","templated":true}]}}