{"id":13354,"date":"2025-02-24T22:44:27","date_gmt":"2025-02-24T21:44:27","guid":{"rendered":"https:\/\/staviori.com.pl\/product\/bizuteria-inwestycyjna-bransoletka-bbd3984\/"},"modified":"2026-02-11T00:08:22","modified_gmt":"2026-02-10T23:08:22","slug":"bizuteria-inwestycyjna-bransoletka-bbd3984","status":"publish","type":"product","link":"https:\/\/staviori.com.pl\/en\/product\/bizuteria-inwestycyjna-bransoletka-bbd3984\/","title":{"rendered":"Exclusive | bracelet with black and white diamonds - DDB0756"},"content":{"rendered":"<p>Model: DDB0756<br \/>\nWaga ok. 20,85g<\/p>\n<p>Bracelet 18 cm.<br \/>\nWhite Gold 0.750.<\/p>\n<p>117 Diament\u00f3w, szlif brylantowy, o masie 5,11 ct., barwa G-H, czysto\u015b\u0107 SI1.<br \/>\n106 Diament\u00f3w, kolor czarny, szlif brylantowy, o masie 5,74 ct.<\/p>\n<p>Szeroko\u015b\u0107 10-14 mm.<br \/>\nThickness 4.2 mm.<\/p>\n<p><strong>Product available on request only, lead time approx. 5 weeks.<\/strong><\/p>\n<p>Gold colour change possible.<\/p>","protected":false},"excerpt":{"rendered":"<p>A sensual bracelet in 18K white gold 0.750, set with 117 white diamonds weighing a total of 5.11 ct and 106 black diamonds weighing 5.74 ct. The contrast of the black and white of the stones creates a striking, dramatic composition that draws the eye and gives the jewellery a unique character. The luxurious design is based on a harmony of brilliance and depth, making this bracelet the perfect accent to evening looks and a sophisticated gift for connoisseurs.<\/p>","protected":false},"featured_media":516,"comment_status":"closed","ping_status":"closed","template":"","meta":{"om_disable_all_campaigns":false},"product_brand":[2284],"product_cat":[6893,43,1803],"product_tag":[4482,6213,6214,6211,6212,2478,2386,2555,2341],"class_list":{"0":"post-13354","1":"product","2":"type-product","3":"status-publish","4":"has-post-thumbnail","6":"product_brand-staviori","7":"product_cat-bransoletka","8":"product_cat-bransoletki","9":"product_cat-brylanty-exclusive","10":"product_tag-18-karatowe-zloto","11":"product_tag-biale-brylanty","12":"product_tag-bizuteria-excslusive","13":"product_tag-brylantowa-bransoletka","14":"product_tag-brylanty-czarne-i-biale","15":"product_tag-czarne-brylanty","16":"product_tag-ddb0756","17":"product_tag-ekskluzywna-bizuteria","18":"product_tag-zloto-750","19":"pa_barwa-g-h","20":"pa_czystosc-si1","21":"pa_grubosc-4-2mm","22":"pa_kamien-biale-diamenty","23":"pa_kamien-czarne-diamenty","24":"pa_kolor-biale","25":"pa_kruszec-zloto","26":"pa_proba-0-750","27":"pa_rozmiar-18cm","28":"pa_szerokosc-10-14mm","29":"pa_waga-20-85g","31":"first","32":"onbackorder","33":"taxable","34":"shipping-taxable","35":"purchasable","36":"product-type-simple"},"aioseo_notices":[],"_links":{"self":[{"href":"https:\/\/staviori.com.pl\/en\/wp-json\/wp\/v2\/product\/13354","targetHints":{"allow":["GET"]}}],"collection":[{"href":"https:\/\/staviori.com.pl\/en\/wp-json\/wp\/v2\/product"}],"about":[{"href":"https:\/\/staviori.com.pl\/en\/wp-json\/wp\/v2\/types\/product"}],"replies":[{"embeddable":true,"href":"https:\/\/staviori.com.pl\/en\/wp-json\/wp\/v2\/comments?post=13354"}],"wp:featuredmedia":[{"embeddable":true,"href":"https:\/\/staviori.com.pl\/en\/wp-json\/wp\/v2\/media\/516"}],"wp:attachment":[{"href":"https:\/\/staviori.com.pl\/en\/wp-json\/wp\/v2\/media?parent=13354"}],"wp:term":[{"taxonomy":"product_brand","embeddable":true,"href":"https:\/\/staviori.com.pl\/en\/wp-json\/wp\/v2\/product_brand?post=13354"},{"taxonomy":"product_cat","embeddable":true,"href":"https:\/\/staviori.com.pl\/en\/wp-json\/wp\/v2\/product_cat?post=13354"},{"taxonomy":"product_tag","embeddable":true,"href":"https:\/\/staviori.com.pl\/en\/wp-json\/wp\/v2\/product_tag?post=13354"}],"curies":[{"name":"wp","href":"https:\/\/api.w.org\/{rel}","templated":true}]}}