{"id":13352,"date":"2025-02-24T22:44:27","date_gmt":"2025-02-24T21:44:27","guid":{"rendered":"https:\/\/staviori.com.pl\/product\/bizuteria-inwestycyjna-bransoletka-bbd3982\/"},"modified":"2026-02-11T00:08:22","modified_gmt":"2026-02-10T23:08:22","slug":"bizuteria-inwestycyjna-bransoletka-bbd3982","status":"publish","type":"product","link":"https:\/\/staviori.com.pl\/en\/product\/bizuteria-inwestycyjna-bransoletka-bbd3982\/","title":{"rendered":"Exclusive | Princess diamond bracelet - DDB0716"},"content":{"rendered":"<p>Model: DDB0716<br \/>\nWaga ok. 18,50g<\/p>\n<p>Bracelet 18 cm.<br \/>\nWhite Gold 0.750.<br \/>\n269 Diament\u00f3w, szlif brylantowy, o masie 4,66 ct., barwa G-H, czysto\u015b\u0107 SI1.<br \/>\n7 Diament\u00f3w, szlif princessa, o masie 0,63 ct., barwa G-H, czysto\u015b\u0107 SI1.<\/p>\n<p>10 mm wide.<br \/>\nGrubo\u015b\u0107 3.9 mm.<\/p>\n<p><strong>Product available on request only, lead time approx. 5 weeks.<\/strong><\/p>","protected":false},"excerpt":{"rendered":"<p>A sophisticated bracelet in 18K white gold 0.750, composed of intricately linked panels set with 269 diamonds weighing a total of 4.66 ct and 7 princess-cut diamonds weighing 0.63 ct (colour G-H, clarity SI1). The openworked, double-row design creates a light, lace-like pattern in which geometric links with delicately sparkling princess-cut diamonds intertwine with tiny diamonds, giving the whole piece a modern yet feminine feel.<\/p>","protected":false},"featured_media":510,"comment_status":"closed","ping_status":"closed","template":"","meta":{"om_disable_all_campaigns":false},"product_brand":[2284],"product_cat":[6893,43,1803],"product_tag":[2338,2308,2295,2301,2402,2280,2332,2403,2341],"class_list":{"0":"post-13352","1":"product","2":"type-product","3":"status-publish","4":"has-post-thumbnail","6":"product_brand-staviori","7":"product_cat-bransoletka","8":"product_cat-bransoletki","9":"product_cat-brylanty-exclusive","10":"product_tag-18k","11":"product_tag-biale-zloto","12":"product_tag-bransoleta","13":"product_tag-brylanty","14":"product_tag-ddb0716","15":"product_tag-luksusowa-bizuteria","16":"product_tag-prezent","17":"product_tag-princessa","18":"product_tag-zloto-750","19":"pa_barwa-g-h","20":"pa_czystosc-si1","21":"pa_grubosc-3-9mm","22":"pa_kamien-brylanty","23":"pa_kamien-diamenty-princessa","24":"pa_kolor-biale","25":"pa_kruszec-zloto","26":"pa_proba-0-750","27":"pa_rozmiar-18cm","28":"pa_szerokosc-10mm","29":"pa_waga-18-50g","31":"first","32":"onbackorder","33":"taxable","34":"shipping-taxable","35":"purchasable","36":"product-type-simple"},"aioseo_notices":[],"_links":{"self":[{"href":"https:\/\/staviori.com.pl\/en\/wp-json\/wp\/v2\/product\/13352","targetHints":{"allow":["GET"]}}],"collection":[{"href":"https:\/\/staviori.com.pl\/en\/wp-json\/wp\/v2\/product"}],"about":[{"href":"https:\/\/staviori.com.pl\/en\/wp-json\/wp\/v2\/types\/product"}],"replies":[{"embeddable":true,"href":"https:\/\/staviori.com.pl\/en\/wp-json\/wp\/v2\/comments?post=13352"}],"wp:featuredmedia":[{"embeddable":true,"href":"https:\/\/staviori.com.pl\/en\/wp-json\/wp\/v2\/media\/510"}],"wp:attachment":[{"href":"https:\/\/staviori.com.pl\/en\/wp-json\/wp\/v2\/media?parent=13352"}],"wp:term":[{"taxonomy":"product_brand","embeddable":true,"href":"https:\/\/staviori.com.pl\/en\/wp-json\/wp\/v2\/product_brand?post=13352"},{"taxonomy":"product_cat","embeddable":true,"href":"https:\/\/staviori.com.pl\/en\/wp-json\/wp\/v2\/product_cat?post=13352"},{"taxonomy":"product_tag","embeddable":true,"href":"https:\/\/staviori.com.pl\/en\/wp-json\/wp\/v2\/product_tag?post=13352"}],"curies":[{"name":"wp","href":"https:\/\/api.w.org\/{rel}","templated":true}]}}