{"id":13343,"date":"2025-02-24T22:44:22","date_gmt":"2025-02-24T21:44:22","guid":{"rendered":"https:\/\/staviori.com.pl\/product\/bizuteria-inwestycyjna-bransoletka-bbd3512\/"},"modified":"2026-02-11T00:08:21","modified_gmt":"2026-02-10T23:08:21","slug":"bizuteria-inwestycyjna-bransoletka-bbd3512","status":"publish","type":"product","link":"https:\/\/staviori.com.pl\/en\/product\/bizuteria-inwestycyjna-bransoletka-bbd3512\/","title":{"rendered":"Exclusive | Beautiful openwork diamond bracelet - DDB0659"},"content":{"rendered":"<p>Model: DDB0659<br \/>\nWaga ok. 23,40g<\/p>\n<p>Bracelet 18 cm.<br \/>\nWhite Gold 0.750.<br \/>\n61 Diament\u00f3w, szlif princessa, o masie 2,69ct, barwa G-H, czysto\u015b\u0107 SI1.<br \/>\n300 Diament\u00f3w, szlif brylantowy, o masie 4,06ct, barwa G-H, czysto\u015b\u0107 SI1.<br \/>\nSzeroko\u015b\u0107 24-14 mm.<br \/>\nGrubo\u015b\u0107 2-3 mm.<\/p>\n<p><strong>Product available on request only, lead time approx. 4 weeks.<\/strong><\/p>","protected":false},"excerpt":{"rendered":"<p>Model: DDB0659 Waga ok. 23,40g Bransoleta 18 cm. Bia\u0142e Z\u0142oto 0,750. 61 Diament\u00f3w, szlif princessa, o masie 2,69ct, barwa G-H, czysto\u015b\u0107 SI1. 300 Diament\u00f3w, szlif brylantowy, o masie 4,06ct, barwa G-H, czysto\u015b\u0107 SI1. Szeroko\u015b\u0107 24-14 mm. Grubo\u015b\u0107 2-3 mm. Produkt dost\u0119pny wy\u0142\u0105cznie na zam\u00f3wienie, czas realizacji ok. 4 tygodnie.<\/p>","protected":false},"featured_media":475,"comment_status":"closed","ping_status":"closed","template":"","meta":{"om_disable_all_campaigns":false},"product_brand":[2284],"product_cat":[6893,43,1803],"product_tag":[2321,2308,2322,2320,2324,2323,2280],"class_list":{"0":"post-13343","1":"product","2":"type-product","3":"status-publish","4":"has-post-thumbnail","6":"product_brand-staviori","7":"product_cat-bransoletka","8":"product_cat-bransoletki","9":"product_cat-brylanty-exclusive","10":"product_tag-azurowa-bransoletka","11":"product_tag-biale-zloto","12":"product_tag-bransoletka-diamentowa","13":"product_tag-ddb0659","14":"product_tag-diamenty-princessa","15":"product_tag-ekskluzywny-prezent","16":"product_tag-luksusowa-bizuteria","17":"pa_barwa-g-h","18":"pa_czystosc-si1","19":"pa_grubosc-2-3mm","20":"pa_kamien-diamentow-diamentow","21":"pa_kolor-biale","22":"pa_kruszec-zloto","23":"pa_proba-0-750","24":"pa_rozmiar-18cm","25":"pa_szerokosc-24-14mm","26":"pa_waga-23-40g","28":"first","29":"onbackorder","30":"taxable","31":"shipping-taxable","32":"purchasable","33":"product-type-simple"},"aioseo_notices":[],"_links":{"self":[{"href":"https:\/\/staviori.com.pl\/en\/wp-json\/wp\/v2\/product\/13343","targetHints":{"allow":["GET"]}}],"collection":[{"href":"https:\/\/staviori.com.pl\/en\/wp-json\/wp\/v2\/product"}],"about":[{"href":"https:\/\/staviori.com.pl\/en\/wp-json\/wp\/v2\/types\/product"}],"replies":[{"embeddable":true,"href":"https:\/\/staviori.com.pl\/en\/wp-json\/wp\/v2\/comments?post=13343"}],"wp:featuredmedia":[{"embeddable":true,"href":"https:\/\/staviori.com.pl\/en\/wp-json\/wp\/v2\/media\/475"}],"wp:attachment":[{"href":"https:\/\/staviori.com.pl\/en\/wp-json\/wp\/v2\/media?parent=13343"}],"wp:term":[{"taxonomy":"product_brand","embeddable":true,"href":"https:\/\/staviori.com.pl\/en\/wp-json\/wp\/v2\/product_brand?post=13343"},{"taxonomy":"product_cat","embeddable":true,"href":"https:\/\/staviori.com.pl\/en\/wp-json\/wp\/v2\/product_cat?post=13343"},{"taxonomy":"product_tag","embeddable":true,"href":"https:\/\/staviori.com.pl\/en\/wp-json\/wp\/v2\/product_tag?post=13343"}],"curies":[{"name":"wp","href":"https:\/\/api.w.org\/{rel}","templated":true}]}}