{"id":13340,"date":"2025-02-24T22:44:22","date_gmt":"2025-02-24T21:44:22","guid":{"rendered":"https:\/\/staviori.com.pl\/product\/bizuteria-inwestycyjna-bransoletka-bbd2519\/"},"modified":"2026-02-11T00:08:21","modified_gmt":"2026-02-10T23:08:21","slug":"bizuteria-inwestycyjna-bransoletka-bbd2519","status":"publish","type":"product","link":"https:\/\/staviori.com.pl\/en\/product\/bizuteria-inwestycyjna-bransoletka-bbd2519\/","title":{"rendered":"Exclusive | White gold bracelet with diamonds - DDB0398"},"content":{"rendered":"<p>Model: DDB0398<br \/>\nWaga ok. 41,15g<\/p>\n<p>Bracelet 19 cm.<br \/>\nWhite Gold 0.750.<br \/>\n615 Diament\u00f3w, szlif brylantowy, o masie 2,84ct, barwa G, czysto\u015b\u0107 SI1.<br \/>\n15 Diament\u00f3w, szlif r\u00f3\u017cany, o masie 3,13ct, barwa G, czysto\u015b\u0107 SI1.<br \/>\nSzeroko\u015b\u0107 27 mm.<\/p>\n<p><strong>Product available on request only, lead time approx. 4 weeks.<\/strong><\/p>","protected":false},"excerpt":{"rendered":"<p>Model: DDB0398 Waga ok. 41,15g Bransoleta 19 cm. Bia\u0142e Z\u0142oto 0,750. 615 Diament\u00f3w, szlif brylantowy, o masie 2,84ct, barwa G, czysto\u015b\u0107 SI1. 15 Diament\u00f3w, szlif r\u00f3\u017cany, o masie 3,13ct, barwa G, czysto\u015b\u0107 SI1. Szeroko\u015b\u0107 27 mm. Produkt dost\u0119pny wy\u0142\u0105cznie na zam\u00f3wienie, czas realizacji ok. 4 tygodnie.<\/p>","protected":false},"featured_media":443,"comment_status":"closed","ping_status":"closed","template":"","meta":{"om_disable_all_campaigns":false},"product_brand":[2284],"product_cat":[6893,43,1803],"product_tag":[2308,2311,2307,2306,2309,2310],"class_list":{"0":"post-13340","1":"product","2":"type-product","3":"status-publish","4":"has-post-thumbnail","6":"product_brand-staviori","7":"product_cat-bransoletka","8":"product_cat-bransoletki","9":"product_cat-brylanty-exclusive","10":"product_tag-biale-zloto","11":"product_tag-bizuteria-luksusowa","12":"product_tag-bransoleta-azurowa","13":"product_tag-ddb0398","14":"product_tag-diamenty-brylantowe","15":"product_tag-diamenty-rozane","16":"pa_barwa-g","17":"pa_czystosc-si1","18":"pa_kamien-diamentow-diamentow","19":"pa_kolor-biale","20":"pa_kruszec-zloto","21":"pa_proba-0-750","22":"pa_rozmiar-19cm","23":"pa_szerokosc-27mm","24":"pa_waga-41-15g","26":"first","27":"onbackorder","28":"taxable","29":"shipping-taxable","30":"purchasable","31":"product-type-simple"},"aioseo_notices":[],"_links":{"self":[{"href":"https:\/\/staviori.com.pl\/en\/wp-json\/wp\/v2\/product\/13340","targetHints":{"allow":["GET"]}}],"collection":[{"href":"https:\/\/staviori.com.pl\/en\/wp-json\/wp\/v2\/product"}],"about":[{"href":"https:\/\/staviori.com.pl\/en\/wp-json\/wp\/v2\/types\/product"}],"replies":[{"embeddable":true,"href":"https:\/\/staviori.com.pl\/en\/wp-json\/wp\/v2\/comments?post=13340"}],"wp:featuredmedia":[{"embeddable":true,"href":"https:\/\/staviori.com.pl\/en\/wp-json\/wp\/v2\/media\/443"}],"wp:attachment":[{"href":"https:\/\/staviori.com.pl\/en\/wp-json\/wp\/v2\/media?parent=13340"}],"wp:term":[{"taxonomy":"product_brand","embeddable":true,"href":"https:\/\/staviori.com.pl\/en\/wp-json\/wp\/v2\/product_brand?post=13340"},{"taxonomy":"product_cat","embeddable":true,"href":"https:\/\/staviori.com.pl\/en\/wp-json\/wp\/v2\/product_cat?post=13340"},{"taxonomy":"product_tag","embeddable":true,"href":"https:\/\/staviori.com.pl\/en\/wp-json\/wp\/v2\/product_tag?post=13340"}],"curies":[{"name":"wp","href":"https:\/\/api.w.org\/{rel}","templated":true}]}}