{"id":13339,"date":"2025-02-24T22:44:22","date_gmt":"2025-02-24T21:44:22","guid":{"rendered":"https:\/\/staviori.com.pl\/product\/bizuteria-inwestycyjna-bransoletka-bbd2053\/"},"modified":"2026-02-11T00:08:21","modified_gmt":"2026-02-10T23:08:21","slug":"bizuteria-inwestycyjna-bransoletka-bbd2053","status":"publish","type":"product","link":"https:\/\/staviori.com.pl\/en\/product\/bizuteria-inwestycyjna-bransoletka-bbd2053\/","title":{"rendered":"Exclusive | 750 white gold bracelet with diamonds - model DDB0001"},"content":{"rendered":"<p>Model: DDB0001<br \/>\nWaga ok. 22,00g<\/p>\n<p>Bracelet 18 cm.<br \/>\nWhite gold 0.585.<br \/>\n80 Diament\u00f3w, szlif brylantowy, o masie 2,80 ct., barwa G-H, czysto\u015b\u0107 SI1.<br \/>\n30 mm wide.<\/p>\n<p><strong>Product available on request only, lead time approx. 4 weeks.<\/strong><\/p>","protected":false},"excerpt":{"rendered":"<p>An exceptional 18 cm long openwork bracelet, made of white gold of 0.585 sample, adorned with 80 diamonds with a total weight of 2.80 ct (colour G-H, purity SI1). Measuring an impressive 30 mm wide, it impresses with its intricate design and original, unusual clasp that emphasises its artistic character. The luxurious model combines jewellery tradition with modern design, ideal for formal occasions.<\/p>","protected":false},"featured_media":16806,"comment_status":"closed","ping_status":"closed","template":"","meta":{"om_disable_all_campaigns":false},"product_brand":[2284],"product_cat":[6893,43,1803],"product_tag":[2302,2300,2295,2301,2305,2304,2280,2303,2291],"class_list":{"0":"post-13339","1":"product","2":"type-product","3":"status-publish","4":"has-post-thumbnail","6":"product_brand-staviori","7":"product_cat-bransoletka","8":"product_cat-bransoletki","9":"product_cat-brylanty-exclusive","10":"product_tag-azurowa","11":"product_tag-biale-zloto-14k","12":"product_tag-bransoleta","13":"product_tag-brylanty","14":"product_tag-ddb0001","15":"product_tag-ekskluzywny-design","16":"product_tag-luksusowa-bizuteria","17":"product_tag-nietypowe-zapiecie","18":"product_tag-prezent-dla-niej","19":"pa_barwa-g-h","20":"pa_czystosc-si1","21":"pa_kamien-diamentow","22":"pa_kolor-biale","23":"pa_kruszec-zloto","24":"pa_proba-0-585","25":"pa_rozmiar-18cm","26":"pa_szerokosc-30mm","27":"pa_waga-22-00g","29":"first","30":"onbackorder","31":"purchasable","32":"product-type-simple"},"aioseo_notices":[],"_links":{"self":[{"href":"https:\/\/staviori.com.pl\/en\/wp-json\/wp\/v2\/product\/13339","targetHints":{"allow":["GET"]}}],"collection":[{"href":"https:\/\/staviori.com.pl\/en\/wp-json\/wp\/v2\/product"}],"about":[{"href":"https:\/\/staviori.com.pl\/en\/wp-json\/wp\/v2\/types\/product"}],"replies":[{"embeddable":true,"href":"https:\/\/staviori.com.pl\/en\/wp-json\/wp\/v2\/comments?post=13339"}],"wp:featuredmedia":[{"embeddable":true,"href":"https:\/\/staviori.com.pl\/en\/wp-json\/wp\/v2\/media\/16806"}],"wp:attachment":[{"href":"https:\/\/staviori.com.pl\/en\/wp-json\/wp\/v2\/media?parent=13339"}],"wp:term":[{"taxonomy":"product_brand","embeddable":true,"href":"https:\/\/staviori.com.pl\/en\/wp-json\/wp\/v2\/product_brand?post=13339"},{"taxonomy":"product_cat","embeddable":true,"href":"https:\/\/staviori.com.pl\/en\/wp-json\/wp\/v2\/product_cat?post=13339"},{"taxonomy":"product_tag","embeddable":true,"href":"https:\/\/staviori.com.pl\/en\/wp-json\/wp\/v2\/product_tag?post=13339"}],"curies":[{"name":"wp","href":"https:\/\/api.w.org\/{rel}","templated":true}]}}