{"id":13338,"date":"2025-02-24T22:44:22","date_gmt":"2025-02-24T21:44:22","guid":{"rendered":"https:\/\/staviori.com.pl\/product\/bizuteria-inwestycyjna-bransoletka-bbd1852\/"},"modified":"2026-02-11T00:08:21","modified_gmt":"2026-02-10T23:08:21","slug":"bizuteria-inwestycyjna-bransoletka-bbd1852","status":"publish","type":"product","link":"https:\/\/staviori.com.pl\/en\/product\/bizuteria-inwestycyjna-bransoletka-bbd1852\/","title":{"rendered":"Exclusive | White gold bracelet with sapphires - model DSB0206S"},"content":{"rendered":"<p>Model: DSB0206S<br \/>\nWaga ok. 11,43g<\/p>\n<p>Bracelet 18 cm.<br \/>\nWhite Gold 0.750.<br \/>\n26 Diament\u00f3w, szlif brylantowy, o masie 0,83 ct., barwa G-H, czysto\u015b\u0107 SI1.<br \/>\n26 Szafir\u00f3w, o masie 13,46 ct..<br \/>\nSzeroko\u015b\u0107 4.3 mm.<br \/>\nGrubo\u015b\u0107 3.7 mm.<\/p>\n<p><strong>Product available on request only, lead time approx. 4 weeks.<\/strong><\/p>","protected":false},"excerpt":{"rendered":"<p>A sumptuous bracelet made of 18 cm of 0.750 white gold, decorated with 26 sparkling diamonds weighing a total of 0.83 ct (colour G-H, clarity SI1) and 26 deep blue sapphires weighing 13.46 ct. The subtle width of 4.3 mm and thickness of 3.7 mm give it a lightness yet exceptional strength. This elegant model combines the brilliance of the diamonds with the intense colour of the sapphires, creating a striking composition ideal for special occasions.<\/p>","protected":false},"featured_media":435,"comment_status":"closed","ping_status":"closed","template":"","meta":{"om_disable_all_campaigns":false},"product_brand":[2284],"product_cat":[6893,43,1803],"product_tag":[2278,2295,2296,2299,2298,2280,2291,2297],"class_list":{"0":"post-13338","1":"product","2":"type-product","3":"status-publish","4":"has-post-thumbnail","6":"product_brand-staviori","7":"product_cat-bransoletka","8":"product_cat-bransoletki","9":"product_cat-brylanty-exclusive","10":"product_tag-biale-zloto-18k","11":"product_tag-bransoleta","12":"product_tag-diamenty","13":"product_tag-dsb0206s","14":"product_tag-elegancka-bransoleta","15":"product_tag-luksusowa-bizuteria","16":"product_tag-prezent-dla-niej","17":"product_tag-szafiry","18":"pa_barwa-g-h","19":"pa_czystosc-si1","20":"pa_dostawca-draco","21":"pa_grubosc-3-7mm","22":"pa_kamien-diamentow-szafirow","23":"pa_kolor-biale","24":"pa_kruszec-zloto","25":"pa_proba-0-750","26":"pa_rozmiar-18cm","27":"pa_szerokosc-4-3mm","28":"pa_waga-11-43g","30":"first","31":"onbackorder","32":"taxable","33":"shipping-taxable","34":"purchasable","35":"product-type-simple"},"aioseo_notices":[],"_links":{"self":[{"href":"https:\/\/staviori.com.pl\/en\/wp-json\/wp\/v2\/product\/13338","targetHints":{"allow":["GET"]}}],"collection":[{"href":"https:\/\/staviori.com.pl\/en\/wp-json\/wp\/v2\/product"}],"about":[{"href":"https:\/\/staviori.com.pl\/en\/wp-json\/wp\/v2\/types\/product"}],"replies":[{"embeddable":true,"href":"https:\/\/staviori.com.pl\/en\/wp-json\/wp\/v2\/comments?post=13338"}],"wp:featuredmedia":[{"embeddable":true,"href":"https:\/\/staviori.com.pl\/en\/wp-json\/wp\/v2\/media\/435"}],"wp:attachment":[{"href":"https:\/\/staviori.com.pl\/en\/wp-json\/wp\/v2\/media?parent=13338"}],"wp:term":[{"taxonomy":"product_brand","embeddable":true,"href":"https:\/\/staviori.com.pl\/en\/wp-json\/wp\/v2\/product_brand?post=13338"},{"taxonomy":"product_cat","embeddable":true,"href":"https:\/\/staviori.com.pl\/en\/wp-json\/wp\/v2\/product_cat?post=13338"},{"taxonomy":"product_tag","embeddable":true,"href":"https:\/\/staviori.com.pl\/en\/wp-json\/wp\/v2\/product_tag?post=13338"}],"curies":[{"name":"wp","href":"https:\/\/api.w.org\/{rel}","templated":true}]}}