{"id":13333,"date":"2025-02-24T22:44:22","date_gmt":"2025-02-24T21:44:22","guid":{"rendered":"https:\/\/staviori.com.pl\/product\/bizuteria-inwestycyjna-bransoletka-bbd1779\/"},"modified":"2026-02-11T00:08:21","modified_gmt":"2026-02-10T23:08:21","slug":"bizuteria-inwestycyjna-bransoletka-bbd1779","status":"publish","type":"product","link":"https:\/\/staviori.com.pl\/en\/product\/bizuteria-inwestycyjna-bransoletka-bbd1779\/","title":{"rendered":"Exclusive | Tennis bracelet with baguettes - DDB0349"},"content":{"rendered":"<p>Model: DDB0349<br \/>\nWaga ok. 11,50g<\/p>\n<p>Bracelet 18 cm.<br \/>\nWhite Gold 0.750.<br \/>\n262 Diamenty, szlif brylantowy, o masie 1,36 ct., barwa G-H, czysto\u015b\u0107 SI1.<br \/>\n112 Diament\u00f3w, szlif bagieta, o masie 2,57 ct., barwa G-H, czysto\u015b\u0107 SI1.<br \/>\n5 mm wide.<br \/>\nThickness 3 mm.<\/p>\n<p><strong>Product available on request only, lead time approx. 5 weeks.<\/strong><\/p>","protected":false},"excerpt":{"rendered":"<p>Wyrafinowana bransoleta o d\u0142ugo\u015bci 18 cm, wykonana z 18-karatowego bia\u0142ego z\u0142ota (pr\u00f3ba 0,750). Smuk\u0142a szyna zdobiona jest 262 brylantami o \u0142\u0105cznej masie 1,36 ct oraz 112 diamentami w szlifie bagieta o masie 2,57 ct (barwa G\u2013H, czysto\u015b\u0107 SI1). Po\u0142\u0105czenie okr\u0105g\u0142ego i bagietkowego szlifu tworzy zmys\u0142ow\u0105 gr\u0119 \u015bwiat\u0142a, podkre\u015blaj\u0105c subteln\u0105, a zarazem luksusow\u0105 form\u0119 tej bi\u017cuterii. Idealna dla os\u00f3b ceni\u0105cych nowoczesn\u0105 elegancj\u0119 i ponadczasowy blask.<\/p>","protected":false},"featured_media":409,"comment_status":"closed","ping_status":"closed","template":"","meta":{"om_disable_all_campaigns":false},"product_brand":[2284],"product_cat":[6893,43,1803],"product_tag":[2346,2338,2308,2293,2295,2301,2361,2296,2348,2280,2332,2341],"class_list":{"0":"post-13333","1":"product","2":"type-product","3":"status-publish","4":"has-post-thumbnail","6":"product_brand-staviori","7":"product_cat-bransoletka","8":"product_cat-bransoletki","9":"product_cat-brylanty-exclusive","10":"product_tag-18-cm","11":"product_tag-18k","12":"product_tag-biale-zloto","13":"product_tag-bizuteria-na-zamowienie","14":"product_tag-bransoleta","15":"product_tag-brylanty","16":"product_tag-ddb0349","17":"product_tag-diamenty","18":"product_tag-diamenty-bagietkowe","19":"product_tag-luksusowa-bizuteria","20":"product_tag-prezent","21":"product_tag-zloto-750","22":"pa_barwa-g-h","23":"pa_czystosc-si1","24":"pa_grubosc-3mm","25":"pa_kamien-brylanty","26":"pa_kamien-diamenty-bagietowe","27":"pa_kolor-biale","28":"pa_kruszec-zloto","29":"pa_proba-0-750","30":"pa_rozmiar-18cm","31":"pa_szerokosc-5mm","32":"pa_waga-11-50g","34":"first","35":"onbackorder","36":"taxable","37":"shipping-taxable","38":"purchasable","39":"product-type-simple"},"aioseo_notices":[],"_links":{"self":[{"href":"https:\/\/staviori.com.pl\/en\/wp-json\/wp\/v2\/product\/13333","targetHints":{"allow":["GET"]}}],"collection":[{"href":"https:\/\/staviori.com.pl\/en\/wp-json\/wp\/v2\/product"}],"about":[{"href":"https:\/\/staviori.com.pl\/en\/wp-json\/wp\/v2\/types\/product"}],"replies":[{"embeddable":true,"href":"https:\/\/staviori.com.pl\/en\/wp-json\/wp\/v2\/comments?post=13333"}],"wp:featuredmedia":[{"embeddable":true,"href":"https:\/\/staviori.com.pl\/en\/wp-json\/wp\/v2\/media\/409"}],"wp:attachment":[{"href":"https:\/\/staviori.com.pl\/en\/wp-json\/wp\/v2\/media?parent=13333"}],"wp:term":[{"taxonomy":"product_brand","embeddable":true,"href":"https:\/\/staviori.com.pl\/en\/wp-json\/wp\/v2\/product_brand?post=13333"},{"taxonomy":"product_cat","embeddable":true,"href":"https:\/\/staviori.com.pl\/en\/wp-json\/wp\/v2\/product_cat?post=13333"},{"taxonomy":"product_tag","embeddable":true,"href":"https:\/\/staviori.com.pl\/en\/wp-json\/wp\/v2\/product_tag?post=13333"}],"curies":[{"name":"wp","href":"https:\/\/api.w.org\/{rel}","templated":true}]}}