{"id":13326,"date":"2025-02-24T22:44:22","date_gmt":"2025-02-24T21:44:22","guid":{"rendered":"https:\/\/staviori.com.pl\/product\/bizuteria-inwestycyjna-bransoletka-bbd1670\/"},"modified":"2026-02-11T00:08:21","modified_gmt":"2026-02-10T23:08:21","slug":"bizuteria-inwestycyjna-bransoletka-bbd1670","status":"publish","type":"product","link":"https:\/\/staviori.com.pl\/en\/product\/bizuteria-inwestycyjna-bransoletka-bbd1670\/","title":{"rendered":"Exclusive | BANGLE rigid bracelet with 750 diamonds - DDB0345"},"content":{"rendered":"<p>Model: DDB0345<br \/>\nWaga ok. 30,00g<\/p>\n<p>Bracelet 18 cm.<br \/>\nBia\u0142e, \u017b\u00f3\u0142te lub R\u00f3\u017cowe Z\u0142oto 0,750.  ( mo\u017cliwo\u015b\u0107 wyboru koloru )<br \/>\n37 Diament\u00f3w, szlif brylantowy, o masie 0,52 ct., barwa G-H, czysto\u015b\u0107 SI1.<br \/>\n6 mm wide.<br \/>\nThickness 3 mm.<\/p>\n<p><strong>Wy\u0142\u0105cznie na zam\u00f3wienie, czas realizacji ok. 5 tygodni<\/strong><\/p>","protected":false},"excerpt":{"rendered":"<p>Model: DDB0345 Waga ok. 30,00g Bransoleta 18 cm. Bia\u0142e, \u017b\u00f3\u0142te lub R\u00f3\u017cowe Z\u0142oto 0,750. ( mo\u017cliwo\u015b\u0107 wyboru koloru ) 37 Diament\u00f3w, szlif brylantowy, o masie 0,52 ct., barwa G-H, czysto\u015b\u0107 SI1. Szeroko\u015b\u0107 6 mm. Grubo\u015b\u0107 3 mm. Wy\u0142\u0105cznie na zam\u00f3wienie, czas realizacji ok. 5 tygodni<\/p>","protected":false},"featured_media":367,"comment_status":"closed","ping_status":"closed","template":"","meta":{"om_disable_all_campaigns":false},"product_brand":[2284],"product_cat":[6893,43,1803],"product_tag":[2338,2337,2335,2308,2295,2333,2296,2280,2332,2336,2334],"class_list":{"0":"post-13326","1":"product","2":"type-product","3":"status-publish","4":"has-post-thumbnail","6":"product_brand-staviori","7":"product_cat-bransoletka","8":"product_cat-bransoletki","9":"product_cat-brylanty-exclusive","10":"product_tag-18k","11":"product_tag-2337","12":"product_tag-bangle","13":"product_tag-biale-zloto","14":"product_tag-bransoleta","15":"product_tag-ddb0345","16":"product_tag-diamenty","17":"product_tag-luksusowa-bizuteria","18":"product_tag-prezent","19":"product_tag-rozowe-zloto","20":"product_tag-zloto-na-zamowienie","21":"pa_barwa-g-h","22":"pa_czystosc-si1","23":"pa_grubosc-3mm","24":"pa_kamien-diamentow","25":"pa_kolor-biale","26":"pa_kruszec-zloto","27":"pa_proba-0-750","28":"pa_rozmiar-18cm","29":"pa_szerokosc-6mm","30":"pa_waga-30-00g","32":"first","33":"onbackorder","34":"taxable","35":"shipping-taxable","36":"purchasable","37":"product-type-simple"},"aioseo_notices":[],"_links":{"self":[{"href":"https:\/\/staviori.com.pl\/en\/wp-json\/wp\/v2\/product\/13326","targetHints":{"allow":["GET"]}}],"collection":[{"href":"https:\/\/staviori.com.pl\/en\/wp-json\/wp\/v2\/product"}],"about":[{"href":"https:\/\/staviori.com.pl\/en\/wp-json\/wp\/v2\/types\/product"}],"replies":[{"embeddable":true,"href":"https:\/\/staviori.com.pl\/en\/wp-json\/wp\/v2\/comments?post=13326"}],"wp:featuredmedia":[{"embeddable":true,"href":"https:\/\/staviori.com.pl\/en\/wp-json\/wp\/v2\/media\/367"}],"wp:attachment":[{"href":"https:\/\/staviori.com.pl\/en\/wp-json\/wp\/v2\/media?parent=13326"}],"wp:term":[{"taxonomy":"product_brand","embeddable":true,"href":"https:\/\/staviori.com.pl\/en\/wp-json\/wp\/v2\/product_brand?post=13326"},{"taxonomy":"product_cat","embeddable":true,"href":"https:\/\/staviori.com.pl\/en\/wp-json\/wp\/v2\/product_cat?post=13326"},{"taxonomy":"product_tag","embeddable":true,"href":"https:\/\/staviori.com.pl\/en\/wp-json\/wp\/v2\/product_tag?post=13326"}],"curies":[{"name":"wp","href":"https:\/\/api.w.org\/{rel}","templated":true}]}}