{"id":13325,"date":"2025-02-24T22:44:22","date_gmt":"2025-02-24T21:44:22","guid":{"rendered":"https:\/\/staviori.com.pl\/product\/bizuteria-inwestycyjna-bransoletka-bbd1666\/"},"modified":"2026-02-11T00:08:21","modified_gmt":"2026-02-10T23:08:21","slug":"bizuteria-inwestycyjna-bransoletka-bbd1666","status":"publish","type":"product","link":"https:\/\/staviori.com.pl\/en\/product\/bizuteria-inwestycyjna-bransoletka-bbd1666\/","title":{"rendered":"Exclusive | White gold snake bracelet with diamonds - model DDB0279"},"content":{"rendered":"<p>Model: DDB0279<br \/>\nWaga ok. 41,00g<\/p>\n<p>Bracelet 18 cm.<br \/>\nBia\u0142e Z\u0142oto 0,750 ( 18-karat\u00f3w )<br \/>\n1067 Brylant\u00f3w o masie 17,18ct, barwa G-H, czysto\u015b\u0107 SI1.<br \/>\n2 Diamenty, kolor czarny, szlif brylantowy, o masie 0,09ct<br \/>\nSzeroko\u015b\u0107 ok. 10 mm.<br \/>\nGrubo\u015b\u0107 ok. 6.5-10 mm.<\/p>\n<p><strong>Product available on request only, lead time approx. 4 weeks.<\/strong><\/p>","protected":false},"excerpt":{"rendered":"<p>Bransoletka z bia\u0142ego z\u0142ota z brylantami to wyj\u0105tkowy model, kt\u00f3ry zachwyca od pierwszego spojrzenia. Wykonana z 18-karatowego bia\u0142ego z\u0142ota i ozdobiona a\u017c 1067 brylantami o \u0142\u0105cznej masie 17,18 ct, przyci\u0105ga wzrok spektakularnym blaskiem. Dwa czarne diamenty dodaj\u0105 jej wyrazistego, luksusowego charakteru. Bransoleta ma kszta\u0142t w\u0119\u017ca i doskonale uk\u0142ada si\u0119 na nadgarstku, \u0142\u0105cz\u0105c elegancj\u0119 z odwag\u0105 w designie. Idealna dla kobiet, kt\u00f3re kochaj\u0105 bi\u017cuteri\u0119 pe\u0142n\u0105 blasku i charakteru.<\/p>","protected":false},"featured_media":360,"comment_status":"closed","ping_status":"closed","template":"","meta":{"om_disable_all_campaigns":false},"product_brand":[2284],"product_cat":[6893,43,1803,1392],"product_tag":[2278,2276,2281,2277,2279,2275,2285,2280,2282,2283],"class_list":{"0":"post-13325","1":"product","2":"type-product","3":"status-publish","4":"has-post-thumbnail","6":"product_brand-staviori","7":"product_cat-bransoletka","8":"product_cat-bransoletki","9":"product_cat-brylanty-exclusive","10":"product_cat-damskie","11":"product_tag-biale-zloto-18k","12":"product_tag-bizuteria-ekskluzywna","13":"product_tag-bransoletka-kobieca","14":"product_tag-bransoletka-waz","15":"product_tag-bransoletka-z-brylantami","16":"product_tag-bransoletka-z-diamentami","17":"product_tag-ddb0279","18":"product_tag-luksusowa-bizuteria","19":"product_tag-prezent-luksusowy","20":"product_tag-waz","21":"pa_barwa-g-h","22":"pa_czystosc-si1","23":"pa_grubosc-6-5-10mm","24":"pa_kamien-diamentow-diamenty","25":"pa_kolor-biale","26":"pa_kruszec-zloto","27":"pa_proba-0-750","28":"pa_rozmiar-18cm","29":"pa_szerokosc-10mm","30":"pa_waga-41-00g","32":"first","33":"onbackorder","34":"sold-individually","35":"taxable","36":"shipping-taxable","37":"purchasable","38":"product-type-simple"},"aioseo_notices":[],"_links":{"self":[{"href":"https:\/\/staviori.com.pl\/en\/wp-json\/wp\/v2\/product\/13325","targetHints":{"allow":["GET"]}}],"collection":[{"href":"https:\/\/staviori.com.pl\/en\/wp-json\/wp\/v2\/product"}],"about":[{"href":"https:\/\/staviori.com.pl\/en\/wp-json\/wp\/v2\/types\/product"}],"replies":[{"embeddable":true,"href":"https:\/\/staviori.com.pl\/en\/wp-json\/wp\/v2\/comments?post=13325"}],"wp:featuredmedia":[{"embeddable":true,"href":"https:\/\/staviori.com.pl\/en\/wp-json\/wp\/v2\/media\/360"}],"wp:attachment":[{"href":"https:\/\/staviori.com.pl\/en\/wp-json\/wp\/v2\/media?parent=13325"}],"wp:term":[{"taxonomy":"product_brand","embeddable":true,"href":"https:\/\/staviori.com.pl\/en\/wp-json\/wp\/v2\/product_brand?post=13325"},{"taxonomy":"product_cat","embeddable":true,"href":"https:\/\/staviori.com.pl\/en\/wp-json\/wp\/v2\/product_cat?post=13325"},{"taxonomy":"product_tag","embeddable":true,"href":"https:\/\/staviori.com.pl\/en\/wp-json\/wp\/v2\/product_tag?post=13325"}],"curies":[{"name":"wp","href":"https:\/\/api.w.org\/{rel}","templated":true}]}}