{"id":13262,"date":"2024-11-25T12:41:29","date_gmt":"2024-11-25T11:41:29","guid":{"rendered":"https:\/\/staviori.com.pl\/?page_id=13262"},"modified":"2024-11-25T12:44:56","modified_gmt":"2024-11-25T11:44:56","slug":"strefa-partnera","status":"publish","type":"page","link":"https:\/\/staviori.com.pl\/en\/strefa-partnera\/","title":{"rendered":"Strefa Partnera"},"content":{"rendered":"<html><head><\/head><body>\n    <div style=\"background-color:#dbd2c5;color:#262626;font-family:&quot;Helvetica Neue&quot;, &quot;Arial Nova&quot;, &quot;Nimbus Sans&quot;, Arial, sans-serif;font-size:16px;font-weight:400;letter-spacing:0.15008px;line-height:1.5;margin:0;padding:32px 0;min-height:100%;width:100%\">\n      <table align=\"center\" width=\"100%\" style=\"margin:0 auto;max-width:600px;background-color:#FFFFFF\" role=\"presentation\" cellspacing=\"0\" cellpadding=\"0\" border=\"0\">\n        <tbody>\n          <tr style=\"width:100%\">\n            <td>\n              <div style=\"padding:0px 0px 0px 0px\">\n                <img decoding=\"async\" alt=\"\" src=\"https:\/\/i.imghippo.com\/files\/xLE8283OHg.jpg\" style=\"outline:none;border:none;text-decoration:none;vertical-align:middle;display:inline-block;max-width:100%\">\n              <\/div>\n              <div style=\"height:40px\"><\/div>\n              <div style=\"color:#4a4a4a;font-size:22px;font-family:Seravek, &quot;Gill Sans Nova&quot;, Ubuntu, Calibri, &quot;DejaVu Sans&quot;, source-sans-pro, sans-serif;font-weight:bold;text-align:center;padding:0px 24px 0px 24px\">\n                AFFILIATE PROGRAMME\n              <\/div>\n              <div style=\"height:16px\"><\/div>\n              <div style=\"padding:0px 24px 0px 24px;text-align:center\">\n                <a href=\"https:\/\/webeads.pl\/\" style=\"text-decoration:none\" target=\"_blank\" rel=\"noopener\"><img decoding=\"async\" alt=\"\" src=\"https:\/\/i.imghippo.com\/files\/g7154PAI.png\" width=\"200\" style=\"width:200px;outline:none;border:none;text-decoration:none;vertical-align:middle;display:inline-block;max-width:100%\"><\/a>\n              <\/div>\n              <div style=\"height:44px\"><\/div>\n              <div style=\"font-family:Seravek, &quot;Gill Sans Nova&quot;, Ubuntu, Calibri, &quot;DejaVu Sans&quot;, source-sans-pro, sans-serif;font-weight:normal;text-align:center;padding:0px 24px 0px 24px\">\n                Do you have a blog, YouTube channel or Instagram account?\n              <\/div>\n              <div style=\"font-family:Seravek, &quot;Gill Sans Nova&quot;, Ubuntu, Calibri, &quot;DejaVu Sans&quot;, source-sans-pro, sans-serif;font-weight:bold;text-align:center;padding:0px 24px 0px 24px\">\n                Join the STAVIORI affiliate programme and earn!\n              <\/div>\n              <div style=\"height:28px\"><\/div>\n              <div style=\"text-align:center;padding:0px 24px 0px 24px\">\n                <a href=\"https:\/\/webepartners.pl\/download\/42896\/\" style=\"color:#FFFFFF;font-size:17px;font-family:Seravek, &quot;Gill Sans Nova&quot;, Ubuntu, Calibri, &quot;DejaVu Sans&quot;, source-sans-pro, sans-serif;font-weight:bold;background-color:#ef9227;border-radius:64px;display:block;padding:12px 20px;text-decoration:none\" target=\"_blank\" rel=\"noopener\"><span><!--[if mso\n                      ]><i\n                        style=\"letter-spacing: 20px;mso-font-width:-100%;mso-text-raise:30\"\n                        hidden\n                        >&nbsp;<\/i\n                      ><!\n                    [endif]--><\/span><span>See instructions<\/span><span><!--[if mso\n                      ]><i\n                        style=\"letter-spacing: 20px;mso-font-width:-100%\"\n                        hidden\n                        >&nbsp;<\/i\n                      ><!\n                    [endif]--><\/span><\/a>\n              <\/div>\n              <div style=\"height:40px\"><\/div>\n              <div style=\"background-color:#f7e2c7;font-family:Seravek, &quot;Gill Sans Nova&quot;, Ubuntu, Calibri, &quot;DejaVu Sans&quot;, source-sans-pro, sans-serif;font-weight:bold;text-align:center;padding:16px 24px 16px 24px\">\n                What do you gain by joining the programme?\n              <\/div>\n              <div style=\"background-color:#f8f8f8;font-size:15px;font-family:Seravek, &quot;Gill Sans Nova&quot;, Ubuntu, Calibri, &quot;DejaVu Sans&quot;, source-sans-pro, sans-serif;font-weight:normal;text-align:center;padding:16px 24px 0px 24px\">\n                20% on the sales value of recommended products\n              <\/div>\n              <div style=\"background-color:#f8f8f8;font-size:15px;font-family:Seravek, &quot;Gill Sans Nova&quot;, Ubuntu, Calibri, &quot;DejaVu Sans&quot;, source-sans-pro, sans-serif;font-weight:normal;text-align:center;padding:0px 24px 0px 24px\">\n                Wide range of advertising materials available on the panel\n                webePartners\n              <\/div>\n              <div style=\"background-color:#f8f8f8;font-size:15px;font-family:Seravek, &quot;Gill Sans Nova&quot;, Ubuntu, Calibri, &quot;DejaVu Sans&quot;, source-sans-pro, sans-serif;font-weight:normal;text-align:center;padding:0px 24px 16px 24px\">\n                Professional assistance in making money online\n              <\/div>\n              <div style=\"height:40px\"><\/div>\n              <div style=\"background-color:#f7e2c7;font-family:Seravek, &quot;Gill Sans Nova&quot;, Ubuntu, Calibri, &quot;DejaVu Sans&quot;, source-sans-pro, sans-serif;font-weight:bold;text-align:center;padding:16px 24px 16px 24px\">\n                How do you start making money from referrals?\n              <\/div>\n              <div style=\"background-color:#f8f8f8;padding:4px 24px 4px 24px\">\n                <table align=\"center\" width=\"100%\" cellpadding=\"0\" border=\"0\" style=\"table-layout:fixed;border-collapse:collapse\">\n                  <tbody style=\"width:100%\">\n                    <tr style=\"width:100%\">\n                      <td style=\"box-sizing:content-box;vertical-align:middle;padding-left:0;padding-right:8px;width:100px\">\n                        <div style=\"padding:16px 24px 16px 24px\">\n                          <img decoding=\"async\" alt=\"\" src=\"https:\/\/i.imghippo.com\/files\/Jdc5534qOE.png\" style=\"outline:none;border:none;text-decoration:none;vertical-align:middle;display:inline-block;max-width:100%\">\n                        <\/div>\n                      <\/td>\n                      <td style=\"box-sizing:content-box;vertical-align:middle;padding-left:8px;padding-right:0\">\n                        <div style=\"font-size:15px;font-family:Seravek, &quot;Gill Sans Nova&quot;, Ubuntu, Calibri, &quot;DejaVu Sans&quot;, source-sans-pro, sans-serif;font-weight:normal;padding:16px 24px 16px 24px\">\n                          Register at webepartners.co.uk\n                        <\/div>\n                      <\/td>\n                    <\/tr>\n                  <\/tbody>\n                <\/table>\n              <\/div>\n              <div style=\"background-color:#f8f8f8;padding:4px 24px 4px 24px\">\n                <table align=\"center\" width=\"100%\" cellpadding=\"0\" border=\"0\" style=\"table-layout:fixed;border-collapse:collapse\">\n                  <tbody style=\"width:100%\">\n                    <tr style=\"width:100%\">\n                      <td style=\"box-sizing:content-box;vertical-align:middle;padding-left:0;padding-right:8px;width:100px\">\n                        <div style=\"padding:16px 24px 16px 24px\">\n                          <img decoding=\"async\" alt=\"\" src=\"https:\/\/i.imghippo.com\/files\/wVND4524YE.png\" style=\"outline:none;border:none;text-decoration:none;vertical-align:middle;display:inline-block;max-width:100%\">\n                        <\/div>\n                      <\/td>\n                      <td style=\"box-sizing:content-box;vertical-align:middle;padding-left:8px;padding-right:0\">\n                        <div style=\"font-size:15px;font-family:Seravek, &quot;Gill Sans Nova&quot;, Ubuntu, Calibri, &quot;DejaVu Sans&quot;, source-sans-pro, sans-serif;font-weight:normal;padding:16px 24px 16px 24px\">\n                          Join the programme\n                        <\/div>\n                      <\/td>\n                    <\/tr>\n                  <\/tbody>\n                <\/table>\n              <\/div>\n              <div style=\"background-color:#f8f8f8;padding:4px 24px 4px 24px\">\n                <table align=\"center\" width=\"100%\" cellpadding=\"0\" border=\"0\" style=\"table-layout:fixed;border-collapse:collapse\">\n                  <tbody style=\"width:100%\">\n                    <tr style=\"width:100%\">\n                      <td style=\"box-sizing:content-box;vertical-align:middle;padding-left:0;padding-right:8px;width:100px\">\n                        <div style=\"padding:16px 24px 16px 24px\">\n                          <img decoding=\"async\" alt=\"\" src=\"https:\/\/i.imghippo.com\/files\/EMU5945Jc.png\" style=\"outline:none;border:none;text-decoration:none;vertical-align:middle;display:inline-block;max-width:100%\">\n                        <\/div>\n                      <\/td>\n                      <td style=\"box-sizing:content-box;vertical-align:middle;padding-left:8px;padding-right:0\">\n                        <div style=\"font-size:15px;font-family:Seravek, &quot;Gill Sans Nova&quot;, Ubuntu, Calibri, &quot;DejaVu Sans&quot;, source-sans-pro, sans-serif;font-weight:normal;padding:16px 24px 16px 24px\">\n                          Insert link or banner\n                        <\/div>\n                      <\/td>\n                    <\/tr>\n                  <\/tbody>\n                <\/table>\n              <\/div>\n              <div style=\"background-color:#f8f8f8;padding:4px 24px 4px 24px\">\n                <table align=\"center\" width=\"100%\" cellpadding=\"0\" border=\"0\" style=\"table-layout:fixed;border-collapse:collapse\">\n                  <tbody style=\"width:100%\">\n                    <tr style=\"width:100%\">\n                      <td style=\"box-sizing:content-box;vertical-align:middle;padding-left:0;padding-right:8px;width:100px\">\n                        <div style=\"padding:16px 24px 16px 24px\">\n                          <img decoding=\"async\" alt=\"\" src=\"https:\/\/i.imghippo.com\/files\/LZM3487Bc.png\" style=\"outline:none;border:none;text-decoration:none;vertical-align:middle;display:inline-block;max-width:100%\">\n                        <\/div>\n                      <\/td>\n                      <td style=\"box-sizing:content-box;vertical-align:middle;padding-left:8px;padding-right:0\">\n                        <div style=\"font-size:15px;font-family:Seravek, &quot;Gill Sans Nova&quot;, Ubuntu, Calibri, &quot;DejaVu Sans&quot;, source-sans-pro, sans-serif;font-weight:normal;padding:16px 24px 16px 24px\">\n                          Earn a commission\n                        <\/div>\n                      <\/td>\n                    <\/tr>\n                  <\/tbody>\n                <\/table>\n              <\/div>\n              <div style=\"height:40px\"><\/div>\n              <div style=\"font-size:21px;font-family:Seravek, &quot;Gill Sans Nova&quot;, Ubuntu, Calibri, &quot;DejaVu Sans&quot;, source-sans-pro, sans-serif;font-weight:bold;text-align:center;padding:0px 24px 0px 24px\">\n                Realise your potential\n              <\/div>\n              <div style=\"height:8px\"><\/div>\n              <div style=\"font-family:Seravek, &quot;Gill Sans Nova&quot;, Ubuntu, Calibri, &quot;DejaVu Sans&quot;, source-sans-pro, sans-serif;font-weight:normal;text-align:center;padding:0px 24px 0px 24px\">\n                Recommend STAVIORI products and earn money on your website\n              <\/div>\n              <div style=\"height:28px\"><\/div>\n              <div style=\"text-align:center;padding:0px 24px 0px 24px\">\n                <a href=\"https:\/\/panel.webepartners.pl\/account\/login\" style=\"color:#FFFFFF;font-size:17px;font-family:Seravek, &quot;Gill Sans Nova&quot;, Ubuntu, Calibri, &quot;DejaVu Sans&quot;, source-sans-pro, sans-serif;font-weight:bold;background-color:#ef9227;border-radius:64px;display:block;padding:12px 20px;text-decoration:none\" target=\"_blank\" rel=\"noopener\"><span><!--[if mso\n                      ]><i\n                        style=\"letter-spacing: 20px;mso-font-width:-100%;mso-text-raise:30\"\n                        hidden\n                        >&nbsp;<\/i\n                      ><!\n                    [endif]--><\/span><span>Join and earn<\/span><span><!--[if mso\n                      ]><i\n                        style=\"letter-spacing: 20px;mso-font-width:-100%\"\n                        hidden\n                        >&nbsp;<\/i\n                      ><!\n                    [endif]--><\/span><\/a>\n              <\/div>\n              <div style=\"height:40px\"><\/div>\n              <div style=\"background-color:#eaeaea;font-family:Seravek, &quot;Gill Sans Nova&quot;, Ubuntu, Calibri, &quot;DejaVu Sans&quot;, source-sans-pro, sans-serif;font-weight:bold;padding:16px 24px 16px 24px\">\n                Frequently asked questions\n              <\/div>\n              <div style=\"height:28px\"><\/div>\n              <div style=\"font-size:15px;font-family:Seravek, &quot;Gill Sans Nova&quot;, Ubuntu, Calibri, &quot;DejaVu Sans&quot;, source-sans-pro, sans-serif;font-weight:bold;padding:0px 24px 0px 24px\">\n                Who operates the STAVIORI affiliate programme?\n              <\/div>\n              <div style=\"font-size:15px;font-family:Seravek, &quot;Gill Sans Nova&quot;, Ubuntu, Calibri, &quot;DejaVu Sans&quot;, source-sans-pro, sans-serif;font-weight:normal;padding:0px 24px 0px 24px\">\n                The affiliate programme is operated by webePartners,\n                a dedicated affiliate network for e-commerce. webePartners\n                provides the technical background for the programme as well as free\n                affiliate tools for publishers.\n              <\/div>\n              <div style=\"height:28px\"><\/div>\n              <div style=\"font-size:15px;font-family:Seravek, &quot;Gill Sans Nova&quot;, Ubuntu, Calibri, &quot;DejaVu Sans&quot;, source-sans-pro, sans-serif;font-weight:bold;padding:0px 24px 0px 24px\">\n                What does it mean that I earn referral commission?\n              <\/div>\n              <div style=\"font-size:15px;font-family:Seravek, &quot;Gill Sans Nova&quot;, Ubuntu, Calibri, &quot;DejaVu Sans&quot;, source-sans-pro, sans-serif;font-weight:normal;padding:0px 24px 0px 24px\">\n                Referral commission means that for each positively\n                successful sale in our shop resulting from your recommendation via an\n                you recommend through an affiliate link, we will give you\n                20% of the value of this transaction.\n              <\/div>\n              <div style=\"height:28px\"><\/div>\n              <div style=\"font-size:15px;font-family:Seravek, &quot;Gill Sans Nova&quot;, Ubuntu, Calibri, &quot;DejaVu Sans&quot;, source-sans-pro, sans-serif;font-weight:bold;padding:0px 24px 0px 24px\">\n                Is there a fee to join the STAVIORI affiliate programme?\n              <\/div>\n              <div style=\"font-size:15px;font-family:Seravek, &quot;Gill Sans Nova&quot;, Ubuntu, Calibri, &quot;DejaVu Sans&quot;, source-sans-pro, sans-serif;font-weight:normal;padding:0px 24px 0px 24px\">\n                No. Access to the STAVIORI affiliate programme and the\n                affiliation tools is always free of charge.\n              <\/div>\n              <div style=\"height:28px\"><\/div>\n              <div style=\"font-size:15px;font-family:Seravek, &quot;Gill Sans Nova&quot;, Ubuntu, Calibri, &quot;DejaVu Sans&quot;, source-sans-pro, sans-serif;font-weight:bold;padding:0px 24px 0px 24px\">\n                Do I have to meet certain conditions to join the programme?\n              <\/div>\n              <div style=\"font-size:15px;font-family:Seravek, &quot;Gill Sans Nova&quot;, Ubuntu, Calibri, &quot;DejaVu Sans&quot;, source-sans-pro, sans-serif;font-weight:normal;padding:0px 24px 0px 24px\">\n                No. Anyone can become an affiliate who wants to earn money by recommending\n                our products through the affiliate programme.\n              <\/div>\n              <div style=\"height:28px\"><\/div>\n              <div style=\"font-size:15px;font-family:Seravek, &quot;Gill Sans Nova&quot;, Ubuntu, Calibri, &quot;DejaVu Sans&quot;, source-sans-pro, sans-serif;font-weight:bold;padding:0px 24px 0px 24px\">\n                Can I join the programme if I do not have my own blog \/\n                service?\n              <\/div>\n              <div style=\"font-size:15px;font-family:Seravek, &quot;Gill Sans Nova&quot;, Ubuntu, Calibri, &quot;DejaVu Sans&quot;, source-sans-pro, sans-serif;font-weight:normal;padding:0px 24px 0px 24px\">\n                Yes. Thanks to affiliate links, you can recommend our products on\n                social networks (Facebook, Instagram, Youtube,\n                Pinterest, etc.). You can also recommend among your friends by email\n                or via messengers such as Messenger or WhatsApp.\n              <\/div>\n              <div style=\"height:28px\"><\/div>\n              <div style=\"font-size:15px;font-family:Seravek, &quot;Gill Sans Nova&quot;, Ubuntu, Calibri, &quot;DejaVu Sans&quot;, source-sans-pro, sans-serif;font-weight:bold;padding:0px 24px 0px 24px\">\n                Do I have to carry out certain\n                activities?\n              <\/div>\n              <div style=\"font-size:15px;font-family:Seravek, &quot;Gill Sans Nova&quot;, Ubuntu, Calibri, &quot;DejaVu Sans&quot;, source-sans-pro, sans-serif;font-weight:normal;padding:0px 24px 0px 24px\">\n                No. You are not obliged in any way to carry out\n                specific actions. You decide when you act, which\n                products you recommend and which affiliate tools you\n                use.\n              <\/div>\n              <div style=\"height:28px\"><\/div>\n              <div style=\"height:40px\"><\/div>\n              <div style=\"padding:16px 24px 16px 24px;text-align:center\">\n                <a href=\"https:\/\/webepartners.pl\/\" style=\"text-decoration:none\" target=\"_blank\" rel=\"noopener\"><img decoding=\"async\" alt=\"\" src=\"https:\/\/i.imghippo.com\/files\/FhTH2458IDU.png\" width=\"200\" style=\"width:200px;outline:none;border:none;text-decoration:none;vertical-align:middle;display:inline-block;max-width:100%\"><\/a>\n              <\/div>\n              <div style=\"height:28px\"><\/div>\n              <div style=\"font-size:15px;font-family:Seravek, &quot;Gill Sans Nova&quot;, Ubuntu, Calibri, &quot;DejaVu Sans&quot;, source-sans-pro, sans-serif;font-weight:normal;text-align:center;padding:0px 24px 0px 24px\">\n                Want to know more?\n              <\/div>\n              <div style=\"padding:0px 24px 0px 24px\">\n                <table align=\"center\" width=\"100%\" cellpadding=\"0\" border=\"0\" style=\"table-layout:fixed;border-collapse:collapse\">\n                  <tbody style=\"width:100%\">\n                    <tr style=\"width:100%\">\n                      <td style=\"box-sizing:content-box;vertical-align:middle;padding-left:0;padding-right:10.666666666666666px\">\n                        <div style=\"text-align:center;padding:16px 24px 16px 24px\">\n                          <a href=\"https:\/\/webepartners.pl\/baza-wiedzy\/\" style=\"color:#FFFFFF;font-size:13px;font-family:Seravek, &quot;Gill Sans Nova&quot;, Ubuntu, Calibri, &quot;DejaVu Sans&quot;, source-sans-pro, sans-serif;font-weight:bold;background-color:#999999;border-radius:64px;display:inline-block;padding:8px 12px;text-decoration:none\" target=\"_blank\" rel=\"noopener\"><span><!--[if mso\n                                ]><i\n                                  style=\"letter-spacing: 12px;mso-font-width:-100%;mso-text-raise:18\"\n                                  hidden\n                                  >&nbsp;<\/i\n                                ><!\n                              [endif]--><\/span><span>Knowledge base<\/span><span><!--[if mso\n                                ]><i\n                                  style=\"letter-spacing: 12px;mso-font-width:-100%\"\n                                  hidden\n                                  >&nbsp;<\/i\n                                ><!\n                              [endif]--><\/span><\/a>\n                        <\/div>\n                      <\/td>\n                      <td style=\"box-sizing:content-box;vertical-align:middle;padding-left:5.333333333333333px;padding-right:5.333333333333333px\">\n                        <div style=\"text-align:center;padding:16px 24px 16px 24px\">\n                          <a href=\"mailto:bok@webepartners.pl\" style=\"color:#FFFFFF;font-size:13px;font-family:Seravek, &quot;Gill Sans Nova&quot;, Ubuntu, Calibri, &quot;DejaVu Sans&quot;, source-sans-pro, sans-serif;font-weight:bold;background-color:#999999;border-radius:64px;display:inline-block;padding:8px 12px;text-decoration:none\" target=\"_blank\" rel=\"noopener\"><span><!--[if mso\n                                ]><i\n                                  style=\"letter-spacing: 12px;mso-font-width:-100%;mso-text-raise:18\"\n                                  hidden\n                                  >&nbsp;<\/i\n                                ><!\n                              [endif]--><\/span><span>Get in touch<\/span><span><!--[if mso\n                                ]><i\n                                  style=\"letter-spacing: 12px;mso-font-width:-100%\"\n                                  hidden\n                                  >&nbsp;<\/i\n                                ><!\n                              [endif]--><\/span><\/a>\n                        <\/div>\n                      <\/td>\n                      <td style=\"box-sizing:content-box;vertical-align:middle;padding-left:10.666666666666666px;padding-right:0\">\n                        <div style=\"text-align:center;padding:16px 24px 16px 24px\">\n                          <a href=\"https:\/\/webepartners.pl\/\" style=\"color:#2c2c2c;font-size:13px;font-family:Seravek, &quot;Gill Sans Nova&quot;, Ubuntu, Calibri, &quot;DejaVu Sans&quot;, source-sans-pro, sans-serif;font-weight:bold;background-color:#dbdbdb;border-radius:64px;display:inline-block;padding:8px 12px;text-decoration:none\" target=\"_blank\" rel=\"noopener\"><span><!--[if mso\n                                ]><i\n                                  style=\"letter-spacing: 12px;mso-font-width:-100%;mso-text-raise:18\"\n                                  hidden\n                                  >&nbsp;<\/i\n                                ><!\n                              [endif]--><\/span><span>webepartners.co.uk<\/span><span><!--[if mso\n                                ]><i\n                                  style=\"letter-spacing: 12px;mso-font-width:-100%\"\n                                  hidden\n                                  >&nbsp;<\/i\n                                ><!\n                              [endif]--><\/span><\/a>\n                        <\/div>\n                      <\/td>\n                    <\/tr>\n                  <\/tbody>\n                <\/table>\n              <\/div>\n              <div style=\"height:40px\"><\/div>\n              <div style=\"font-size:15px;font-family:Seravek, &quot;Gill Sans Nova&quot;, Ubuntu, Calibri, &quot;DejaVu Sans&quot;, source-sans-pro, sans-serif;font-weight:normal;text-align:center;padding:0px 24px 0px 24px\">\n                webePartners gives you the opportunity to cooperate with hundreds of popular\n                brands and the chance to earn money by recommending their products.\n              <\/div>\n              <div style=\"font-size:15px;font-family:Seravek, &quot;Gill Sans Nova&quot;, Ubuntu, Calibri, &quot;DejaVu Sans&quot;, source-sans-pro, sans-serif;font-weight:bold;text-align:center;padding:0px 24px 0px 24px\">\n                Join programmes and earn!\n              <\/div>\n              <div style=\"height:28px\"><\/div>\n              <div style=\"text-align:center;padding:0px 24px 0px 24px\">\n                <a href=\"https:\/\/webepartners.pl\/download\/42896\/\" style=\"color:#2c2c2c;font-size:17px;font-family:Seravek, &quot;Gill Sans Nova&quot;, Ubuntu, Calibri, &quot;DejaVu Sans&quot;, source-sans-pro, sans-serif;font-weight:bold;background-color:#d3d3d3;border-radius:64px;display:inline-block;padding:12px 20px;text-decoration:none\" target=\"_blank\" rel=\"noopener\"><span><!--[if mso\n                      ]><i\n                        style=\"letter-spacing: 20px;mso-font-width:-100%;mso-text-raise:30\"\n                        hidden\n                        >&nbsp;<\/i\n                      ><!\n                    [endif]--><\/span><span>Check now<\/span><span><!--[if mso\n                      ]><i\n                        style=\"letter-spacing: 20px;mso-font-width:-100%\"\n                        hidden\n                        >&nbsp;<\/i\n                      ><!\n                    [endif]--><\/span><\/a>\n              <\/div>\n              <div style=\"height:20px\"><\/div>\n            <\/td>\n          <\/tr>\n        <\/tbody>\n      <\/table>\n    <\/div>\n  \n\n<\/body><\/html>","protected":false},"excerpt":{"rendered":"<p>PROGRAM PARTNERSKI Masz bloga, kana\u0142 YouTube lub konto na Instagramie? Do\u0142\u0105cz do programu partnerskiego STAVIORI i zarabiaj! Zobacz instrukcj\u0119 Co zyskujesz do\u0142\u0105czaj\u0105c do programu? 20% od warto\u015bci sprzeda\u017cy polecanych produkt\u00f3w Szeroki wyb\u00f3r materia\u0142\u00f3w reklamowych dost\u0119pnych na panelu webePartners Profesjonaln\u0105 pomoc w zarabianiu online Jak zacz\u0105\u0107 zarabia\u0107 na polecaniu? Zarejestruj si\u0119 na webepartners.pl Do\u0142\u0105cz do programu [&#8230;]","protected":false},"author":15,"featured_media":0,"parent":0,"menu_order":0,"comment_status":"closed","ping_status":"closed","template":"","meta":{"om_disable_all_campaigns":false,"footnotes":""},"class_list":["post-13262","page","type-page","status-publish","hentry"],"aioseo_notices":[],"_links":{"self":[{"href":"https:\/\/staviori.com.pl\/en\/wp-json\/wp\/v2\/pages\/13262","targetHints":{"allow":["GET"]}}],"collection":[{"href":"https:\/\/staviori.com.pl\/en\/wp-json\/wp\/v2\/pages"}],"about":[{"href":"https:\/\/staviori.com.pl\/en\/wp-json\/wp\/v2\/types\/page"}],"author":[{"embeddable":true,"href":"https:\/\/staviori.com.pl\/en\/wp-json\/wp\/v2\/users\/15"}],"replies":[{"embeddable":true,"href":"https:\/\/staviori.com.pl\/en\/wp-json\/wp\/v2\/comments?post=13262"}],"version-history":[{"count":2,"href":"https:\/\/staviori.com.pl\/en\/wp-json\/wp\/v2\/pages\/13262\/revisions"}],"predecessor-version":[{"id":13268,"href":"https:\/\/staviori.com.pl\/en\/wp-json\/wp\/v2\/pages\/13262\/revisions\/13268"}],"wp:attachment":[{"href":"https:\/\/staviori.com.pl\/en\/wp-json\/wp\/v2\/media?parent=13262"}],"curies":[{"name":"wp","href":"https:\/\/api.w.org\/{rel}","templated":true}]}}