{"id":23231,"date":"2026-04-23T12:21:30","date_gmt":"2026-04-23T10:21:30","guid":{"rendered":"https:\/\/staviori.com.pl\/?post_type=product&#038;p=23231"},"modified":"2026-04-23T12:31:59","modified_gmt":"2026-04-23T10:31:59","slug":"stalowe-kolczyki-liscie-duze-pvd-kvd53615","status":"publish","type":"product","link":"https:\/\/staviori.com.pl\/de\/product\/stalowe-kolczyki-liscie-duze-pvd-kvd53615\/","title":{"rendered":"Stalowe kolczyki li\u015bcie du\u017ce | PVD &#8211; KVD53615"},"content":{"rendered":"<p>Model: KVD53615<br \/>\nWaga: powy\u017cej 5g<\/p>\n<p>Ohrringe.<br \/>\nStal pokryta pow\u0142ok\u0105 PVD<\/p>\n<p>Motyw: li\u015b\u0107, kwiat<br \/>\nWysoko\u015b\u0107: 3,4 cm<br \/>\nSzeroko\u015b\u0107: 2,2 cm<\/p>","protected":false},"excerpt":{"rendered":"<p>Zjawiskowe kolczyki o wyrazistym designie, wykonane z wysokiej jako\u015bci stali szlachetnej pokrytej trwa\u0142\u0105 pow\u0142ok\u0105 PVD w odcieniu klasycznego z\u0142ota. Model przyci\u0105ga wzrok motywem stylizowanych li\u015bci o perfekcyjnie g\u0142adkiej, lustrzanej powierzchni, kt\u00f3ra efektownie odbija \u015bwiat\u0142o. Ich nowoczesna forma i organiczny kszta\u0142t sprawiaj\u0105, \u017ce stanowi\u0105 idealny dodatek w stylu glamour, kt\u00f3ry o\u017cywi zar\u00f3wno minimalistyczn\u0105 sukienk\u0119, jak i codzienn\u0105 stylizacj\u0119. Wygodne zapi\u0119cie typu sztyft zapewnia komfort noszenia mimo ich okaza\u0142ego rozmiaru.<\/p>","protected":false},"featured_media":23232,"comment_status":"closed","ping_status":"closed","template":"","meta":{"om_disable_all_campaigns":false},"product_brand":[2284,2350],"product_cat":[1384,199,7321],"product_tag":[3059,7331,3901,7333,6437,7328,7332,1394,2724,3293,2665,7167,7327,7329,7330,7326,7325,3834,2683],"class_list":{"0":"post-23231","1":"product","2":"type-product","3":"status-publish","4":"has-post-thumbnail","6":"product_brand-staviori","7":"product_brand-verona","8":"product_cat-bizuteria","9":"product_cat-kolczyki","10":"product_cat-stal","11":"product_tag-bizuteria-glamour","12":"product_tag-blatt-ohrringe","13":"product_tag-duze-kolczyki","14":"product_tag-edelstahlschmuck","15":"product_tag-flower-earrings","16":"product_tag-gold-plated-steel","17":"product_tag-goldene-ohrringe","18":"product_tag-kolczyki","19":"product_tag-kolczyki-kwiaty","20":"product_tag-kolczyki-liscie","21":"product_tag-kolczyki-sztyfty","22":"product_tag-leaf-earrings","23":"product_tag-motyw-roslinny","24":"product_tag-nausnice-listy","25":"product_tag-ocelove-sperky","26":"product_tag-stal-pvd","27":"product_tag-stal-szlachetna","28":"product_tag-zlate-nausnice","29":"product_tag-zlote-kolczyki","30":"pa_kruszec-stal","31":"pa_kruszec-stal-pokryta-pvd","32":"pa_motyw-lisc","33":"pa_szerokosc-22mm","34":"pa_waga-powyzej-5g","35":"pa_wysokosc-34mm","36":"pa_zapiecie-sztyft","38":"first","39":"instock","40":"purchasable","41":"product-type-simple"},"aioseo_notices":[],"_links":{"self":[{"href":"https:\/\/staviori.com.pl\/de\/wp-json\/wp\/v2\/product\/23231","targetHints":{"allow":["GET"]}}],"collection":[{"href":"https:\/\/staviori.com.pl\/de\/wp-json\/wp\/v2\/product"}],"about":[{"href":"https:\/\/staviori.com.pl\/de\/wp-json\/wp\/v2\/types\/product"}],"replies":[{"embeddable":true,"href":"https:\/\/staviori.com.pl\/de\/wp-json\/wp\/v2\/comments?post=23231"}],"wp:featuredmedia":[{"embeddable":true,"href":"https:\/\/staviori.com.pl\/de\/wp-json\/wp\/v2\/media\/23232"}],"wp:attachment":[{"href":"https:\/\/staviori.com.pl\/de\/wp-json\/wp\/v2\/media?parent=23231"}],"wp:term":[{"taxonomy":"product_brand","embeddable":true,"href":"https:\/\/staviori.com.pl\/de\/wp-json\/wp\/v2\/product_brand?post=23231"},{"taxonomy":"product_cat","embeddable":true,"href":"https:\/\/staviori.com.pl\/de\/wp-json\/wp\/v2\/product_cat?post=23231"},{"taxonomy":"product_tag","embeddable":true,"href":"https:\/\/staviori.com.pl\/de\/wp-json\/wp\/v2\/product_tag?post=23231"}],"curies":[{"name":"wp","href":"https:\/\/api.w.org\/{rel}","templated":true}]}}