{"id":23227,"date":"2026-04-23T11:33:33","date_gmt":"2026-04-23T09:33:33","guid":{"rendered":"https:\/\/staviori.com.pl\/?post_type=product&#038;p=23227"},"modified":"2026-04-24T10:05:21","modified_gmt":"2026-04-24T08:05:21","slug":"srebrna-bransoletka-z-blaszka-i-cyrkonia-bsc6467y","status":"publish","type":"product","link":"https:\/\/staviori.com.pl\/de\/product\/srebrna-bransoletka-z-blaszka-i-cyrkonia-bsc6467y\/","title":{"rendered":"Versilbertes und vergoldetes Armband mit Flitter und Zirkonia - BSC6467Y"},"content":{"rendered":"<p>Model: BSC6467Y<br \/>\nGewicht ca. 2,90g<\/p>\n<p>Armband 19 cm.<br \/>\nSrebro poz\u0142acena 0,925.<br \/>\nZirkoniumdioxid.<\/p>\n<p>Einstellbare L\u00e4nge 16cm - 19cm.<br \/>\nMo\u017cliwo\u015bc graweru ( wyd\u0142u\u017cy to czas realizacji ).<\/p>","protected":false},"excerpt":{"rendered":"<p>Subtelna bransoletka wykonana z najwy\u017cszej jako\u015bci poz\u0142acanego srebra pr\u00f3by 925, \u0142\u0105cz\u0105ca w sobie klasyczn\u0105 elegancj\u0119 z nowoczesnym akcentem. Centralny element stanowi g\u0142adka, l\u015bni\u0105ca blaszka, kt\u00f3ra idealnie nadaje si\u0119 pod personalizowany grawer, nadaj\u0105c bi\u017cuterii unikalny charakter. Ca\u0142o\u015b\u0107 dope\u0142nia delikatny \u0142a\u0144cuszek ozdobiony pojedyncz\u0105, l\u015bni\u0105c\u0105 cyrkoni\u0105, kt\u00f3ra pi\u0119knie rozprasza \u015bwiat\u0142o przy ka\u017cdym ruchu nadgarstka. To doskona\u0142y wyb\u00f3r na prezent, \u0142\u0105cz\u0105cy sentymentaln\u0105 warto\u015b\u0107 z wyrafinowanym stylem.<\/p>","protected":false},"featured_media":23228,"comment_status":"closed","ping_status":"closed","template":"","meta":{"om_disable_all_campaigns":false},"product_brand":[2284,2350],"product_cat":[1384,43,1392,1863,145,1817],"product_tag":[7320,2335,7317,2295,1401,7316,7315,2505,2454,2551,7318,6244,2507,2384,7319,2496,7287,2291,6963,6074,1404,2427,6959,7290],"class_list":{"0":"post-23227","1":"product","2":"type-product","3":"status-publish","4":"has-post-thumbnail","6":"product_brand-staviori","7":"product_brand-verona","8":"product_cat-bizuteria","9":"product_cat-bransoletki","10":"product_cat-damskie","11":"product_cat-srebrna-bransoletka","12":"product_cat-srebro","13":"product_cat-srebro-2","14":"product_tag-armband-mit-gravur","15":"product_tag-bangle","16":"product_tag-bizuteria-z-grawerem","17":"product_tag-bransoleta","18":"product_tag-bransoletka","19":"product_tag-bransoletka-pod-grawer","20":"product_tag-bransoletka-z-blaszka","21":"product_tag-bsc6465","22":"product_tag-cyrkonia","23":"product_tag-delikatna-bransoletka","24":"product_tag-engraving-bracelet","25":"product_tag-gold-plated-bracelet","26":"product_tag-grawer","27":"product_tag-minimalistyczna-bizuteria","28":"product_tag-naramek-s-gravirovanim","29":"product_tag-pozlacane-srebro","30":"product_tag-pozlacene-stribro","31":"product_tag-prezent-dla-niej","32":"product_tag-silberarmband","33":"product_tag-silver-925","34":"product_tag-srebrna-bransoletka","35":"product_tag-srebro-925","36":"product_tag-stribrny-naramek","37":"product_tag-vergoldetes-silber","38":"pa_kamien-cyrkonia","39":"pa_kruszec-srebro","40":"pa_kruszec-srebro-pozlacane","41":"pa_proba-0-925","42":"pa_rozmiar-19cm","43":"pa_waga-2-90g","45":"first","46":"instock","47":"purchasable","48":"product-type-simple"},"aioseo_notices":[],"_links":{"self":[{"href":"https:\/\/staviori.com.pl\/de\/wp-json\/wp\/v2\/product\/23227","targetHints":{"allow":["GET"]}}],"collection":[{"href":"https:\/\/staviori.com.pl\/de\/wp-json\/wp\/v2\/product"}],"about":[{"href":"https:\/\/staviori.com.pl\/de\/wp-json\/wp\/v2\/types\/product"}],"replies":[{"embeddable":true,"href":"https:\/\/staviori.com.pl\/de\/wp-json\/wp\/v2\/comments?post=23227"}],"wp:featuredmedia":[{"embeddable":true,"href":"https:\/\/staviori.com.pl\/de\/wp-json\/wp\/v2\/media\/23228"}],"wp:attachment":[{"href":"https:\/\/staviori.com.pl\/de\/wp-json\/wp\/v2\/media?parent=23227"}],"wp:term":[{"taxonomy":"product_brand","embeddable":true,"href":"https:\/\/staviori.com.pl\/de\/wp-json\/wp\/v2\/product_brand?post=23227"},{"taxonomy":"product_cat","embeddable":true,"href":"https:\/\/staviori.com.pl\/de\/wp-json\/wp\/v2\/product_cat?post=23227"},{"taxonomy":"product_tag","embeddable":true,"href":"https:\/\/staviori.com.pl\/de\/wp-json\/wp\/v2\/product_tag?post=23227"}],"curies":[{"name":"wp","href":"https:\/\/api.w.org\/{rel}","templated":true}]}}