{"id":23133,"date":"2026-03-28T08:48:34","date_gmt":"2026-03-28T07:48:34","guid":{"rendered":"https:\/\/staviori.com.pl\/?post_type=product&#038;p=23133"},"modified":"2026-03-28T08:54:53","modified_gmt":"2026-03-28T07:54:53","slug":"kolczyki-kola-geometryczne-15mm-srebro-pozlacane-925-kjs56444","status":"publish","type":"product","link":"https:\/\/staviori.com.pl\/de\/product\/kolczyki-kola-geometryczne-15mm-srebro-pozlacane-925-kjs56444\/","title":{"rendered":"Kolczyki ko\u0142a geometryczne 15mm | srebro poz\u0142acane 925 &#8211; KJS56444Y"},"content":{"rendered":"<p>Model: KJS56444Y<br \/>\nWaga ok: 3,20g<\/p>\n<p>Kruszec: srebro poz\u0142acane 925<br \/>\nZapi\u0119cie typu: szarnir<\/p>\n<p>\u015arednica: 1,5 cm<br \/>\nGrubo\u015b\u0107: 0,4 cm<\/p>","protected":false},"excerpt":{"rendered":"<p>Nowoczesna ods\u0142ona klasycznych k\u00f3\u0142, wykonana z najwy\u017cszej pr\u00f3by srebra 925 pokrytego warstw\u0105 \u017c\u00f3\u0142tego z\u0142ota. Powierzchnia kolczyk\u00f3w zosta\u0142a ozdobiona unikaln\u0105, fasetowan\u0105 struktur\u0105, kt\u00f3ra tworzy intryguj\u0105cy efekt geometryczny i sprawia, \u017ce bi\u017cuteria efektownie l\u015bni pod ka\u017cdym k\u0105tem. Szeroka, nieregularna szyna nadaje im wyrazistego charakteru, zachowuj\u0105c jednocze\u015bnie pe\u0142n\u0105 elegancji lekko\u015b\u0107. Wyposa\u017cone w praktyczne i stabilne zapi\u0119cie typu walizka, stanowi\u0105 idealny wyb\u00f3r dla kobiet poszukuj\u0105cych bi\u017cuterii typu &#8222;basic&#8221; z nowoczesnym sznytem.<\/p>","protected":false},"featured_media":23134,"comment_status":"closed","ping_status":"closed","template":"","meta":{"om_disable_all_campaigns":false},"product_brand":[2284,2350],"product_cat":[1384,199,2267,145],"product_tag":[7177,5829,7278,7275,7277,3158,2682,7250,7279,6078,2496,2291,5858,7276,7274,2427,5824,7280,7193],"class_list":{"0":"post-23133","1":"product","2":"type-product","3":"status-publish","4":"has-post-thumbnail","6":"product_brand-staviori","7":"product_brand-verona","8":"product_cat-bizuteria","9":"product_cat-kolczyki","10":"product_cat-kolekcje-srebrne","11":"product_cat-srebro","12":"product_tag-bizuteria-basic","13":"product_tag-geometric-earrings","14":"product_tag-geometricke-nausnice","15":"product_tag-gold-plated-hoops","16":"product_tag-hinged-earrings","17":"product_tag-kolczyki-geometryczne","18":"product_tag-kolczyki-kola","19":"product_tag-kolczyki-walizki","20":"product_tag-krouzky","21":"product_tag-nowoczesne-kolczyki","22":"product_tag-pozlacane-srebro","23":"product_tag-prezent-dla-niej","24":"product_tag-silberschmuck","25":"product_tag-silver-hoops","26":"product_tag-srebrne-kola","27":"product_tag-srebro-925","28":"product_tag-stribrne-nausnice","29":"product_tag-vergoldete-creolen","30":"product_tag-zlate-kruhy","31":"pa_dlugosc-15mm","32":"pa_kruszec-srebro-pozlacane","33":"pa_motyw-geomentryczny","34":"pa_proba-0-925","35":"pa_waga-320g","36":"pa_zapiecie-angielskie","37":"pa_zapiecie-szarnir","39":"first","40":"instock","41":"taxable","42":"shipping-taxable","43":"purchasable","44":"product-type-simple"},"aioseo_notices":[],"_links":{"self":[{"href":"https:\/\/staviori.com.pl\/de\/wp-json\/wp\/v2\/product\/23133","targetHints":{"allow":["GET"]}}],"collection":[{"href":"https:\/\/staviori.com.pl\/de\/wp-json\/wp\/v2\/product"}],"about":[{"href":"https:\/\/staviori.com.pl\/de\/wp-json\/wp\/v2\/types\/product"}],"replies":[{"embeddable":true,"href":"https:\/\/staviori.com.pl\/de\/wp-json\/wp\/v2\/comments?post=23133"}],"wp:featuredmedia":[{"embeddable":true,"href":"https:\/\/staviori.com.pl\/de\/wp-json\/wp\/v2\/media\/23134"}],"wp:attachment":[{"href":"https:\/\/staviori.com.pl\/de\/wp-json\/wp\/v2\/media?parent=23133"}],"wp:term":[{"taxonomy":"product_brand","embeddable":true,"href":"https:\/\/staviori.com.pl\/de\/wp-json\/wp\/v2\/product_brand?post=23133"},{"taxonomy":"product_cat","embeddable":true,"href":"https:\/\/staviori.com.pl\/de\/wp-json\/wp\/v2\/product_cat?post=23133"},{"taxonomy":"product_tag","embeddable":true,"href":"https:\/\/staviori.com.pl\/de\/wp-json\/wp\/v2\/product_tag?post=23133"}],"curies":[{"name":"wp","href":"https:\/\/api.w.org\/{rel}","templated":true}]}}