{"id":23130,"date":"2026-03-28T08:37:43","date_gmt":"2026-03-28T07:37:43","guid":{"rendered":"https:\/\/staviori.com.pl\/?post_type=product&#038;p=23130"},"modified":"2026-03-28T08:44:01","modified_gmt":"2026-03-28T07:44:01","slug":"bransoletka-meska-z-czarnym-onyksem-krzyzyk-bsni56555","status":"publish","type":"product","link":"https:\/\/staviori.com.pl\/de\/product\/bransoletka-meska-z-czarnym-onyksem-krzyzyk-bsni56555\/","title":{"rendered":"Bransoletka m\u0119ska z czarnym onyksem | krzy\u017cyk &#8211; BSNI56555"},"content":{"rendered":"<p>Model: BSNI56555<br \/>\nWaga ok. 19g<\/p>\n<p>Armband 21 cm.<br \/>\nCzarny onyks<\/p>\n<p>\u015arednica kulek oko\u0142o 6-6,5 mm.<\/p>","protected":false},"excerpt":{"rendered":"<p>Wyrazista bransoletka wykonana z naturalnego, g\u0142\u0119boko czarnego onyksu, kt\u00f3ry od wiek\u00f3w symbolizuje si\u0142\u0119 i determinacj\u0119. Kompozycja sk\u0142ada si\u0119 z idealnie g\u0142adkich, l\u015bni\u0105cych kulek, kt\u00f3rych szlachetny po\u0142ysk przyci\u0105ga wzrok i nadaje bi\u017cuterii luksusowego charakteru. Centralnym punktem modelu jest minimalistyczny krzy\u017cyk o g\u0142adkim wyko\u0144czeniu, kt\u00f3ry stanowi mocny, a zarazem elegancki akcent kompozycyjny. To bi\u017cuteria o klasycznym i surowym designie, idealna dla os\u00f3b poszukuj\u0105cych dodatk\u00f3w z charakterem, kt\u00f3re podkre\u015bl\u0105 ich indywidualny styl.<\/p>","protected":false},"featured_media":23131,"comment_status":"closed","ping_status":"closed","template":"","meta":{"om_disable_all_campaigns":false},"product_brand":[2284,2350],"product_cat":[1384,43,1392,191,2421],"product_tag":[2604,2573,7265,7260,7258,7269,7266,7262,7259,7267,7261,7271,4187,7263,7270,7264,7268,6313,7272],"class_list":{"0":"post-23130","1":"product","2":"type-product","3":"status-publish","4":"has-post-thumbnail","6":"product_brand-staviori","7":"product_brand-verona","8":"product_cat-bizuteria","9":"product_cat-bransoletki","10":"product_cat-damskie","11":"product_cat-krzyzyki-i-medaliki","12":"product_cat-meskie","13":"product_tag-bizuteria-meska","14":"product_tag-bizuteria-unisex","15":"product_tag-black-onyx","16":"product_tag-bransoletka-z-krzyzykiem","17":"product_tag-bransoletka-z-onyksu","18":"product_tag-cerny-naramek","19":"product_tag-cross-bracelet","20":"product_tag-czarna-bransoletka","21":"product_tag-czarny-onyks","22":"product_tag-jewelry-for-men","23":"product_tag-kamienie-naturalne","24":"product_tag-kreuz-armband","25":"product_tag-krizek","26":"product_tag-onyks-kulki","27":"product_tag-onyx-armband","28":"product_tag-onyx-bracelet","29":"product_tag-onyxovy-naramek","30":"product_tag-pansky-naramek","31":"product_tag-stylowy-dodatek","32":"pa_kamien-onyks","33":"pa_rozmiar-21cm","34":"pa_srednica-6-6-5mm","35":"pa_waga-1900g","37":"first","38":"instock","39":"purchasable","40":"product-type-simple"},"aioseo_notices":[],"_links":{"self":[{"href":"https:\/\/staviori.com.pl\/de\/wp-json\/wp\/v2\/product\/23130","targetHints":{"allow":["GET"]}}],"collection":[{"href":"https:\/\/staviori.com.pl\/de\/wp-json\/wp\/v2\/product"}],"about":[{"href":"https:\/\/staviori.com.pl\/de\/wp-json\/wp\/v2\/types\/product"}],"replies":[{"embeddable":true,"href":"https:\/\/staviori.com.pl\/de\/wp-json\/wp\/v2\/comments?post=23130"}],"wp:featuredmedia":[{"embeddable":true,"href":"https:\/\/staviori.com.pl\/de\/wp-json\/wp\/v2\/media\/23131"}],"wp:attachment":[{"href":"https:\/\/staviori.com.pl\/de\/wp-json\/wp\/v2\/media?parent=23130"}],"wp:term":[{"taxonomy":"product_brand","embeddable":true,"href":"https:\/\/staviori.com.pl\/de\/wp-json\/wp\/v2\/product_brand?post=23130"},{"taxonomy":"product_cat","embeddable":true,"href":"https:\/\/staviori.com.pl\/de\/wp-json\/wp\/v2\/product_cat?post=23130"},{"taxonomy":"product_tag","embeddable":true,"href":"https:\/\/staviori.com.pl\/de\/wp-json\/wp\/v2\/product_tag?post=23130"}],"curies":[{"name":"wp","href":"https:\/\/api.w.org\/{rel}","templated":true}]}}