{"id":23103,"date":"2026-03-24T15:29:20","date_gmt":"2026-03-24T14:29:20","guid":{"rendered":"https:\/\/staviori.com.pl\/?post_type=product&#038;p=23103"},"modified":"2026-03-24T15:55:56","modified_gmt":"2026-03-24T14:55:56","slug":"bransoletka-srebrna-z-hematytem-i-muszla-bsn55490","status":"publish","type":"product","link":"https:\/\/staviori.com.pl\/de\/product\/bransoletka-srebrna-z-hematytem-i-muszla-bsn55490\/","title":{"rendered":"Bransoletka srebrna z hematytem i muszl\u0105 &#8211; BSN55490"},"content":{"rendered":"<p>Model: BSN55490<br \/>\nWaga ok. 6,90g<\/p>\n<p>Armband 18 cm.<br \/>\n0,925 rhodiniertes Silber.<br \/>\nSrebrny hematyt i r\u00f3\u017cowa muszla<\/p>\n<p>\u015arednica kulek oko\u0142o 6-6,5 mm.<\/p>","protected":false},"excerpt":{"rendered":"<p>Stylowa bransoletka wykonana z najwy\u017cszej jako\u015bci srebra pr\u00f3by 925, \u0142\u0105cz\u0105ca w sobie surowy urok naturalnego hematytu z delikatno\u015bci\u0105 r\u00f3\u017cowej muszli. Kompozycja l\u015bni\u0105cych, srebrzystych kulek hematytu oraz koralik\u00f3w z muszli o subtelnym, pastelowym odcieniu tworzy nowoczesny i niezwykle kobiecy dodatek. Bransoletka doskonale uk\u0142ada si\u0119 na nadgarstku, stanowi\u0105c efektowne dope\u0142nienie zar\u00f3wno casualowych, jak i bardziej eleganckich zestawie\u0144. To bi\u017cuteria, kt\u00f3ra \u0142\u0105czy naturalne pi\u0119kno z minimalistycznym designem, idealna dla kobiet ceni\u0105cych unikatowe detale.<\/p>","protected":false},"featured_media":23104,"comment_status":"closed","ping_status":"closed","template":"","meta":{"om_disable_all_campaigns":false},"product_brand":[2284,2350],"product_cat":[43,1392,1863,145,1817],"product_tag":[2541,7241,2630,7239,7247,7245,7243,2597,6632,2291,7240,7246,7244,7242,2427,6959],"class_list":{"0":"post-23103","1":"product","2":"type-product","3":"status-publish","4":"has-post-thumbnail","6":"product_brand-staviori","7":"product_brand-verona","8":"product_cat-bransoletki","9":"product_cat-damskie","10":"product_cat-srebrna-bransoletka","11":"product_cat-srebro","12":"product_cat-srebro-2","13":"product_tag-bizuteria-damska","14":"product_tag-bizuteria-z-kulek","15":"product_tag-bransoletka-srebrna","16":"product_tag-bransoletka-z-hematytem","17":"product_tag-hamatit-armband","18":"product_tag-hematit","19":"product_tag-hematite-bracelet","20":"product_tag-minimalistyczna-bransoletka","21":"product_tag-perlenschmuck","22":"product_tag-prezent-dla-niej","23":"product_tag-rozowa-muszla","24":"product_tag-ruzova-musle","25":"product_tag-shell-jewelry","26":"product_tag-srebrny-hematyt","27":"product_tag-srebro-925","28":"product_tag-stribrny-naramek","29":"pa_kamien-hematyt","30":"pa_kamien-rozowa-muszla","31":"pa_kruszec-srebro-rodowane","32":"pa_proba-0-925","33":"pa_rozmiar-18cm","34":"pa_srednica-6-6-5mm","35":"pa_waga-690g","37":"first","38":"instock","39":"purchasable","40":"product-type-simple"},"aioseo_notices":[],"_links":{"self":[{"href":"https:\/\/staviori.com.pl\/de\/wp-json\/wp\/v2\/product\/23103","targetHints":{"allow":["GET"]}}],"collection":[{"href":"https:\/\/staviori.com.pl\/de\/wp-json\/wp\/v2\/product"}],"about":[{"href":"https:\/\/staviori.com.pl\/de\/wp-json\/wp\/v2\/types\/product"}],"replies":[{"embeddable":true,"href":"https:\/\/staviori.com.pl\/de\/wp-json\/wp\/v2\/comments?post=23103"}],"wp:featuredmedia":[{"embeddable":true,"href":"https:\/\/staviori.com.pl\/de\/wp-json\/wp\/v2\/media\/23104"}],"wp:attachment":[{"href":"https:\/\/staviori.com.pl\/de\/wp-json\/wp\/v2\/media?parent=23103"}],"wp:term":[{"taxonomy":"product_brand","embeddable":true,"href":"https:\/\/staviori.com.pl\/de\/wp-json\/wp\/v2\/product_brand?post=23103"},{"taxonomy":"product_cat","embeddable":true,"href":"https:\/\/staviori.com.pl\/de\/wp-json\/wp\/v2\/product_cat?post=23103"},{"taxonomy":"product_tag","embeddable":true,"href":"https:\/\/staviori.com.pl\/de\/wp-json\/wp\/v2\/product_tag?post=23103"}],"curies":[{"name":"wp","href":"https:\/\/api.w.org\/{rel}","templated":true}]}}