{"id":23098,"date":"2026-03-24T15:21:53","date_gmt":"2026-03-24T14:21:53","guid":{"rendered":"https:\/\/staviori.com.pl\/?post_type=product&#038;p=23098"},"modified":"2026-03-24T15:28:07","modified_gmt":"2026-03-24T14:28:07","slug":"piekne-delikatne-kolczyki-z-diamentami-i-szmaragdami-w-zlocie-333-kxd21292e","status":"publish","type":"product","link":"https:\/\/staviori.com.pl\/de\/product\/piekne-delikatne-kolczyki-z-diamentami-i-szmaragdami-w-zlocie-333-kxd21292e\/","title":{"rendered":"Pi\u0119kne delikatne kolczyki z diamentami i szmaragdami w z\u0142ocie 333 | KX21292E"},"content":{"rendered":"<p>Model: KX21292E<br \/>\nWaga ok. 1,04g<\/p>\n<p>Ohrringe.<br \/>\nGelbgold 0,333.<br \/>\n4 diamenty o \u0142\u0105cznej masie 0,01ct w szlifie \u00f3semkowym jako\u015bci H\/SI1<br \/>\n6 szmaragd\u00f3w \u0142\u0105cznej masie 0,15ct<\/p>\n<p>Wysoko\u015b\u0107: 1,2 cm<br \/>\nSzeroko\u015b\u0107: 0,2 cm<\/p>\n<p>W przypadku braku na magazynie &#8211; dost\u0119pne na zam\u00f3wienie w terminie oko\u0142o 1 tydzie\u0144.<\/p>","protected":false},"excerpt":{"rendered":"<p>Wyj\u0105tkowe kolczyki wykonane z \u017c\u00f3\u0142tego z\u0142ota pr\u00f3by 333, kt\u00f3re zachwycaj\u0105 szlachetnym po\u0142\u0105czeniem barw. Na subtelnie wygi\u0119tej szynie osadzono naprzemiennie cztery diamenty o szlifie \u00f3semkowym oraz sze\u015b\u0107 intensywnie zielonych szmaragd\u00f3w o \u0142\u0105cznej masie 0,15 ct. To zestawienie tworzy niezwykle efektown\u0105 kompozycj\u0119, kt\u00f3ra emanuje luksusem i klasycznym szykiem. Wysoka jako\u015b\u0107 kamieni szlachetnych zosta\u0142a potwierdzona presti\u017cowym Certyfikatem Verona, co czyni t\u0119 bi\u017cuteri\u0119 idealnym wyborem na prezent dla kobiety ceni\u0105cej wyrafinowane dodatki.<\/p>","protected":false},"featured_media":23099,"comment_status":"closed","ping_status":"closed","template":"","meta":{"om_disable_all_campaigns":false},"product_brand":[2284,2350],"product_cat":[1384,1838,1990,199,176],"product_tag":[7227,7191,7220,7180,2792,2296,2317,7219,7232,7216,7218,1394,2665,2826,4317,7086,7234,7233,7235,7236,7217,2683,2544],"class_list":{"0":"post-23098","1":"product","2":"type-product","3":"status-publish","4":"has-post-thumbnail","6":"product_brand-staviori","7":"product_brand-verona","8":"product_cat-bizuteria","9":"product_cat-diamenty","10":"product_cat-kolczyk-z-brylantami","11":"product_cat-kolczyki","12":"product_cat-zloto","13":"product_tag-333-gold","14":"product_tag-8k-gold","15":"product_tag-bizuteria-verona","16":"product_tag-bizuteria-z-certyfikatem","17":"product_tag-bizuteria-z-szafirem","18":"product_tag-diamenty","19":"product_tag-elegancka-bizuteria","20":"product_tag-eleganckie-sztyfty","21":"product_tag-emerald-earrings","22":"product_tag-gold-earrings-8k","23":"product_tag-goldschmuck-333","24":"product_tag-kolczyki","25":"product_tag-kolczyki-sztyfty","26":"product_tag-kolczyki-ze-szmaragdami","27":"product_tag-luksusowy-prezent","28":"product_tag-proba-333","29":"product_tag-smaragdohrringe","30":"product_tag-smaragdove-nausnice","31":"product_tag-szmaragd-i-diament","32":"product_tag-zielone-kamienie-szlachetne","33":"product_tag-zlate-nausnice-333","34":"product_tag-zlote-kolczyki","35":"product_tag-zolte-zloto-333","36":"pa_barwa-h-2","37":"pa_czystosc-si1","38":"pa_kamien-diamenty","39":"pa_kamien-szmaragdy","40":"pa_kolor-zolte","41":"pa_kruszec-zloto","42":"pa_proba-0-585","43":"pa_waga-104g","44":"pa_wymiary-12x2mm","45":"pa_zapiecie-sztyft","47":"first","48":"onbackorder","49":"purchasable","50":"product-type-simple"},"aioseo_notices":[],"_links":{"self":[{"href":"https:\/\/staviori.com.pl\/de\/wp-json\/wp\/v2\/product\/23098","targetHints":{"allow":["GET"]}}],"collection":[{"href":"https:\/\/staviori.com.pl\/de\/wp-json\/wp\/v2\/product"}],"about":[{"href":"https:\/\/staviori.com.pl\/de\/wp-json\/wp\/v2\/types\/product"}],"replies":[{"embeddable":true,"href":"https:\/\/staviori.com.pl\/de\/wp-json\/wp\/v2\/comments?post=23098"}],"wp:featuredmedia":[{"embeddable":true,"href":"https:\/\/staviori.com.pl\/de\/wp-json\/wp\/v2\/media\/23099"}],"wp:attachment":[{"href":"https:\/\/staviori.com.pl\/de\/wp-json\/wp\/v2\/media?parent=23098"}],"wp:term":[{"taxonomy":"product_brand","embeddable":true,"href":"https:\/\/staviori.com.pl\/de\/wp-json\/wp\/v2\/product_brand?post=23098"},{"taxonomy":"product_cat","embeddable":true,"href":"https:\/\/staviori.com.pl\/de\/wp-json\/wp\/v2\/product_cat?post=23098"},{"taxonomy":"product_tag","embeddable":true,"href":"https:\/\/staviori.com.pl\/de\/wp-json\/wp\/v2\/product_tag?post=23098"}],"curies":[{"name":"wp","href":"https:\/\/api.w.org\/{rel}","templated":true}]}}