{"id":23083,"date":"2026-03-22T11:58:02","date_gmt":"2026-03-22T10:58:02","guid":{"rendered":"https:\/\/staviori.com.pl\/?post_type=product&#038;p=23083"},"modified":"2026-03-22T12:04:32","modified_gmt":"2026-03-22T11:04:32","slug":"piekne-delikatne-kolczyki-z-diamentami-i-szafirami-w-zlocie-333-kxd21292","status":"publish","type":"product","link":"https:\/\/staviori.com.pl\/de\/product\/piekne-delikatne-kolczyki-z-diamentami-i-szafirami-w-zlocie-333-kxd21292\/","title":{"rendered":"Pi\u0119kne delikatne kolczyki z diamentami i szafirami w z\u0142ocie 333 | KX21292S"},"content":{"rendered":"<p>Model: KX21292S<br \/>\nWaga ok. 1,04g<\/p>\n<p>Ohrringe.<br \/>\nGelbgold 0,333.<br \/>\n4 diamenty o \u0142\u0105cznej masie 0,01ct w szlifie \u00f3semkowym jako\u015bci H\/SI1<br \/>\n6 szafir\u00f3w o \u0142\u0105cznej masie 0,24ct<\/p>\n<p>Wysoko\u015b\u0107: 1,2 cm<br \/>\nSzeroko\u015b\u0107: 0,2 cm<\/p>","protected":false},"excerpt":{"rendered":"<p>Wyj\u0105tkowe kolczyki wykonane z \u017c\u00f3\u0142tego z\u0142ota pr\u00f3by 333, kt\u00f3re przyci\u0105gaj\u0105 wzrok wyrazistym, naprzemiennym uk\u0142adem kamieni. Kompozycja sze\u015bciu g\u0142\u0119bokich szafir\u00f3w o masie 0,24 ct oraz czterech l\u015bni\u0105cych diament\u00f3w tworzy efektowny pas pe\u0142en blasku i koloru. Klasyczna forma sztyftu w po\u0142\u0105czeniu z lekko zakrzywion\u0105 lini\u0105 kolczyka sprawia, \u017ce bi\u017cuteria pi\u0119knie uk\u0142ada si\u0119 na uchu, podkre\u015blaj\u0105c urod\u0119 w\u0142a\u015bcicielki. To idealny dodatek dla kobiet poszukuj\u0105cych bi\u017cuterii z charakterem, kt\u00f3ra \u0142\u0105czy kr\u00f3lewski b\u0142\u0119kit szafir\u00f3w z szlachetno\u015bci\u0105 z\u0142ota.<\/p>","protected":false},"featured_media":23084,"comment_status":"closed","ping_status":"closed","template":"","meta":{"om_disable_all_campaigns":false},"product_brand":[2284,2350],"product_cat":[1384,1838,1990,199,176],"product_tag":[7220,2792,7219,7216,7218,1394,2656,7086,6410,7213,6409,2657,7217,2683,2544],"class_list":{"0":"post-23083","1":"product","2":"type-product","3":"status-publish","4":"has-post-thumbnail","6":"product_brand-staviori","7":"product_brand-verona","8":"product_cat-bizuteria","9":"product_cat-diamenty","10":"product_cat-kolczyk-z-brylantami","11":"product_cat-kolczyki","12":"product_cat-zloto","13":"product_tag-bizuteria-verona","14":"product_tag-bizuteria-z-szafirem","15":"product_tag-eleganckie-sztyfty","16":"product_tag-gold-earrings-8k","17":"product_tag-goldschmuck-333","18":"product_tag-kolczyki","19":"product_tag-kolczyki-z-szafirami","20":"product_tag-proba-333","21":"product_tag-safirove-nausnice","22":"product_tag-saphir-ohrringe","23":"product_tag-sapphire-earrings","24":"product_tag-szafiry-i-diamenty","25":"product_tag-zlate-nausnice-333","26":"product_tag-zlote-kolczyki","27":"product_tag-zolte-zloto-333","28":"pa_barwa-h-2","29":"pa_czystosc-si1","30":"pa_kamien-diamenty","31":"pa_kamien-szafiry","32":"pa_kolor-zolte","33":"pa_kruszec-zloto","34":"pa_proba-0-585","35":"pa_waga-104g","36":"pa_wymiary-12x2mm","37":"pa_zapiecie-sztyft","39":"first","40":"instock","41":"purchasable","42":"product-type-simple"},"aioseo_notices":[],"_links":{"self":[{"href":"https:\/\/staviori.com.pl\/de\/wp-json\/wp\/v2\/product\/23083","targetHints":{"allow":["GET"]}}],"collection":[{"href":"https:\/\/staviori.com.pl\/de\/wp-json\/wp\/v2\/product"}],"about":[{"href":"https:\/\/staviori.com.pl\/de\/wp-json\/wp\/v2\/types\/product"}],"replies":[{"embeddable":true,"href":"https:\/\/staviori.com.pl\/de\/wp-json\/wp\/v2\/comments?post=23083"}],"wp:featuredmedia":[{"embeddable":true,"href":"https:\/\/staviori.com.pl\/de\/wp-json\/wp\/v2\/media\/23084"}],"wp:attachment":[{"href":"https:\/\/staviori.com.pl\/de\/wp-json\/wp\/v2\/media?parent=23083"}],"wp:term":[{"taxonomy":"product_brand","embeddable":true,"href":"https:\/\/staviori.com.pl\/de\/wp-json\/wp\/v2\/product_brand?post=23083"},{"taxonomy":"product_cat","embeddable":true,"href":"https:\/\/staviori.com.pl\/de\/wp-json\/wp\/v2\/product_cat?post=23083"},{"taxonomy":"product_tag","embeddable":true,"href":"https:\/\/staviori.com.pl\/de\/wp-json\/wp\/v2\/product_tag?post=23083"}],"curies":[{"name":"wp","href":"https:\/\/api.w.org\/{rel}","templated":true}]}}