{"id":23062,"date":"2026-03-22T11:03:37","date_gmt":"2026-03-22T10:03:37","guid":{"rendered":"https:\/\/staviori.com.pl\/?post_type=product&#038;p=23062"},"modified":"2026-03-22T11:09:15","modified_gmt":"2026-03-22T10:09:15","slug":"zlota-bransoletka-owalne-ogniwa-w-zoltym-zlocie-proby-333-bzx21281","status":"publish","type":"product","link":"https:\/\/staviori.com.pl\/de\/product\/zlota-bransoletka-owalne-ogniwa-w-zoltym-zlocie-proby-333-bzx21281\/","title":{"rendered":"Z\u0142ota bransoletka owalne ogniwa w \u017c\u00f3\u0142tym z\u0142ocie pr\u00f3by 333 | BZX21281"},"content":{"rendered":"<p>Model: BZX21281<br \/>\nWaga ok. 2,65g<\/p>\n<p>Armband 19 cm.<br \/>\nGelbgold 0,333.<\/p>\n<p>D\u0142ugo\u015b\u0107: 19 cm<br \/>\nSzeroko\u015b\u0107: 0,7 cm<\/p>","protected":false},"excerpt":{"rendered":"<p>Wyj\u0105tkowa bransoletka wykonana z \u017c\u00f3\u0142tego z\u0142ota pr\u00f3by 333, kt\u00f3ra zachwyca swoj\u0105 harmonijn\u0105 i wyrazist\u0105 form\u0105. Sk\u0142ada si\u0119 z regularnie po\u0142\u0105czonych, l\u015bni\u0105cych owalnych ogniw, tworz\u0105c modny i ponadczasowy splot typu \u201epaperclip\u201d. Jej minimalistyczny, a zarazem elegancki design sprawia, \u017ce jest to niezwykle uniwersalny dodatek \u2013 doskonale prezentuje si\u0119 jako samodzielna ozdoba nadgarstka, jak i w zestawieniu z innymi elementami bi\u017cuterii. To idealna propozycja dla kobiet ceni\u0105cych klasyk\u0119 w nowoczesnym wydaniu.<\/p>","protected":false},"featured_media":23063,"comment_status":"closed","ping_status":"closed","template":"","meta":{"om_disable_all_campaigns":false},"product_brand":[2284,2350],"product_cat":[1384,43,1392,1931,176,1930],"product_tag":[7191,2704,2543,1401,7197,2602,6289,7195,5222,2291,7196,6276,1402,2544],"class_list":{"0":"post-23062","1":"product","2":"type-product","3":"status-publish","4":"has-post-thumbnail","6":"product_brand-staviori","7":"product_brand-verona","8":"product_cat-bizuteria","9":"product_cat-bransoletki","10":"product_cat-damskie","11":"product_cat-zlote-bransoletki","12":"product_cat-zloto","13":"product_cat-zloto-2","14":"product_tag-8k-gold","15":"product_tag-bizuteria-minimalistyczna","16":"product_tag-bizuteria-zlota","17":"product_tag-bransoletka","18":"product_tag-bransoletka-z-ogniw","19":"product_tag-elegancka-bransoletka","20":"product_tag-gold-bracelet","21":"product_tag-goldarmband","22":"product_tag-modna-bizuteria","23":"product_tag-prezent-dla-niej","24":"product_tag-splot-owalny","25":"product_tag-zlaty-naramek","26":"product_tag-zlota-bransoletka","27":"product_tag-zolte-zloto-333","28":"pa_kolor-zolte","29":"pa_kruszec-zloto","30":"pa_proba-0-333","31":"pa_rozmiar-19cm","32":"pa_waga-265g","34":"first","35":"instock","36":"purchasable","37":"product-type-simple"},"aioseo_notices":[],"_links":{"self":[{"href":"https:\/\/staviori.com.pl\/de\/wp-json\/wp\/v2\/product\/23062","targetHints":{"allow":["GET"]}}],"collection":[{"href":"https:\/\/staviori.com.pl\/de\/wp-json\/wp\/v2\/product"}],"about":[{"href":"https:\/\/staviori.com.pl\/de\/wp-json\/wp\/v2\/types\/product"}],"replies":[{"embeddable":true,"href":"https:\/\/staviori.com.pl\/de\/wp-json\/wp\/v2\/comments?post=23062"}],"wp:featuredmedia":[{"embeddable":true,"href":"https:\/\/staviori.com.pl\/de\/wp-json\/wp\/v2\/media\/23063"}],"wp:attachment":[{"href":"https:\/\/staviori.com.pl\/de\/wp-json\/wp\/v2\/media?parent=23062"}],"wp:term":[{"taxonomy":"product_brand","embeddable":true,"href":"https:\/\/staviori.com.pl\/de\/wp-json\/wp\/v2\/product_brand?post=23062"},{"taxonomy":"product_cat","embeddable":true,"href":"https:\/\/staviori.com.pl\/de\/wp-json\/wp\/v2\/product_cat?post=23062"},{"taxonomy":"product_tag","embeddable":true,"href":"https:\/\/staviori.com.pl\/de\/wp-json\/wp\/v2\/product_tag?post=23062"}],"curies":[{"name":"wp","href":"https:\/\/api.w.org\/{rel}","templated":true}]}}