{"id":23058,"date":"2026-03-22T09:47:39","date_gmt":"2026-03-22T08:47:39","guid":{"rendered":"https:\/\/staviori.com.pl\/?post_type=product&#038;p=23058"},"modified":"2026-03-22T09:53:14","modified_gmt":"2026-03-22T08:53:14","slug":"zlote-kolczyki-okragle-z-zoltego-zlota-333-szarnir-kjx21313","status":"publish","type":"product","link":"https:\/\/staviori.com.pl\/de\/product\/zlote-kolczyki-okragle-z-zoltego-zlota-333-szarnir-kjx21313\/","title":{"rendered":"Z\u0142ote kolczyki okr\u0105g\u0142e z \u017c\u00f3\u0142tego z\u0142ota 333 &#8211; szarnir &#8211; KJX21313"},"content":{"rendered":"<p>Model: KJX21313<br \/>\nGewicht ca. 1,40g<\/p>\n<p>Kolczyki z\u0142ote.<br \/>\n\u017b\u00f3\u0142te z\u0142oto z\u0142oto 0,333<\/p>\n<p>Zapi\u0119cie typu: szarnir<\/p>\n<p>Wysoko\u015b\u0107: 2,6 cm<br \/>\nGrubo\u015b\u0107: 0,2 cm<\/p>","protected":false},"excerpt":{"rendered":"<p>Zjawiskowe kolczyki wykonane z \u017c\u00f3\u0142tego z\u0142ota pr\u00f3by 333, b\u0119d\u0105ce nowoczesn\u0105 interpretacj\u0105 klasycznych k\u00f3\u0142. Model ten wyr\u00f3\u017cnia si\u0119 subtelnie rozszerzaj\u0105c\u0105 si\u0119 ku do\u0142owi form\u0105, co nadaje mu unikalnego, wyrazistego charakteru i pi\u0119knego po\u0142ysku. Wyposa\u017cone w wygodne zapi\u0119cie typu kreol, zapewniaj\u0105 komfort noszenia przez ca\u0142y dzie\u0144. To bi\u017cuteria ponadczasowa, kt\u00f3ra stanowi idealne dope\u0142nienie eleganckich stylizacji, dodaj\u0105c im szczypt\u0119 luksusu i wyrafinowania.<\/p>","protected":false},"featured_media":23059,"comment_status":"closed","ping_status":"closed","template":"","meta":{"om_disable_all_campaigns":false},"product_brand":[2284,2350],"product_cat":[1384,199,2044,1930,176],"product_tag":[7191,2628,2880,2543,6415,2660,7044,6824,1394,2682,7194,7193,2683,2544],"class_list":{"0":"post-23058","1":"product","2":"type-product","3":"status-publish","4":"has-post-thumbnail","6":"product_brand-staviori","7":"product_brand-verona","8":"product_cat-bizuteria","9":"product_cat-kolczyki","10":"product_cat-zlote-kolczyki","11":"product_cat-zloto-2","12":"product_cat-zloto","13":"product_tag-8k-gold","14":"product_tag-bizuteria-klasyczna","15":"product_tag-bizuteria-na-prezent","16":"product_tag-bizuteria-zlota","17":"product_tag-creolen","18":"product_tag-eleganckie-kolczyki","19":"product_tag-gold-hoop-earrings","20":"product_tag-goldohrringe","21":"product_tag-kolczyki","22":"product_tag-kolczyki-kola","23":"product_tag-kolczyki-kreole","24":"product_tag-zlate-kruhy","25":"product_tag-zlote-kolczyki","26":"product_tag-zolte-zloto-333","27":"pa_dlugosc-26mm","28":"pa_kolor-zolte","29":"pa_kruszec-zloto","30":"pa_proba-0-333","31":"pa_waga-140g","32":"pa_zapiecie-szarnir","34":"first","35":"instock","36":"purchasable","37":"product-type-simple"},"aioseo_notices":[],"_links":{"self":[{"href":"https:\/\/staviori.com.pl\/de\/wp-json\/wp\/v2\/product\/23058","targetHints":{"allow":["GET"]}}],"collection":[{"href":"https:\/\/staviori.com.pl\/de\/wp-json\/wp\/v2\/product"}],"about":[{"href":"https:\/\/staviori.com.pl\/de\/wp-json\/wp\/v2\/types\/product"}],"replies":[{"embeddable":true,"href":"https:\/\/staviori.com.pl\/de\/wp-json\/wp\/v2\/comments?post=23058"}],"wp:featuredmedia":[{"embeddable":true,"href":"https:\/\/staviori.com.pl\/de\/wp-json\/wp\/v2\/media\/23059"}],"wp:attachment":[{"href":"https:\/\/staviori.com.pl\/de\/wp-json\/wp\/v2\/media?parent=23058"}],"wp:term":[{"taxonomy":"product_brand","embeddable":true,"href":"https:\/\/staviori.com.pl\/de\/wp-json\/wp\/v2\/product_brand?post=23058"},{"taxonomy":"product_cat","embeddable":true,"href":"https:\/\/staviori.com.pl\/de\/wp-json\/wp\/v2\/product_cat?post=23058"},{"taxonomy":"product_tag","embeddable":true,"href":"https:\/\/staviori.com.pl\/de\/wp-json\/wp\/v2\/product_tag?post=23058"}],"curies":[{"name":"wp","href":"https:\/\/api.w.org\/{rel}","templated":true}]}}