{"id":23054,"date":"2026-03-22T09:39:01","date_gmt":"2026-03-22T08:39:01","guid":{"rendered":"https:\/\/staviori.com.pl\/?post_type=product&#038;p=23054"},"modified":"2026-04-13T14:32:47","modified_gmt":"2026-04-13T12:32:47","slug":"zlote-kolczyki-diamentowane-z-zoltego-zlota-333-szarnir-kgx21315","status":"publish","type":"product","link":"https:\/\/staviori.com.pl\/de\/product\/zlote-kolczyki-diamentowane-z-zoltego-zlota-333-szarnir-kgx21315\/","title":{"rendered":"Z\u0142ote kolczyki diamentowane z \u017c\u00f3\u0142tego z\u0142ota 333 &#8211; szarnir &#8211; KGX21315"},"content":{"rendered":"<p>Model: KGX21315<br \/>\nWaga ok. 1,25g<\/p>\n<p>Kolczyki z\u0142ote.<br \/>\n\u017b\u00f3\u0142te z\u0142oto z\u0142oto 0,333<\/p>\n<p>Zapi\u0119cie typu: szarnir<\/p>\n<p>Wysoko\u015b\u0107: 1,6 cm<br \/>\nSzeroko\u015b\u0107: 0,7 cm<\/p>","protected":false},"excerpt":{"rendered":"<p>Subtelne kolczyki wykonane z \u017c\u00f3\u0142tego z\u0142ota pr\u00f3by 333, kt\u00f3re zachwycaj\u0105 swoj\u0105 klasyczn\u0105, p\u00f3\u0142okr\u0105g\u0142\u0105 form\u0105. Ich powierzchnia zosta\u0142a poddana precyzyjnemu diamentowaniu, dzi\u0119ki czemu bi\u017cuteria przepi\u0119knie mieni si\u0119 przy ka\u017cdym ruchu, imituj\u0105c blask drogocennych kamieni. Wyposa\u017cone w wygodne i bezpieczne zapi\u0119cie typu bigiel, stanowi\u0105 idealny wyb\u00f3r dla kobiet ceni\u0105cych ponadczasow\u0105 elegancj\u0119. To doskona\u0142y dodatek, kt\u00f3ry roz\u015bwietli zar\u00f3wno codzienn\u0105 stylizacj\u0119, jak i wieczorow\u0105 kreacj\u0119.<\/p>","protected":false},"featured_media":23055,"comment_status":"closed","ping_status":"closed","template":"","meta":{"om_disable_all_campaigns":false},"product_brand":[2284,2350],"product_cat":[1384,199,2044,176,1930],"product_tag":[7191,2628,7189,7185,2317,6824,1394,7190,7188,7192,7045,3834,2683,2544],"class_list":{"0":"post-23054","1":"product","2":"type-product","3":"status-publish","4":"has-post-thumbnail","6":"product_brand-staviori","7":"product_brand-verona","8":"product_cat-bizuteria","9":"product_cat-kolczyki","10":"product_cat-zlote-kolczyki","11":"product_cat-zloto","12":"product_cat-zloto-2","13":"product_tag-8k-gold","14":"product_tag-bizuteria-klasyczna","15":"product_tag-diamentowane-zloto","16":"product_tag-diamond-cut-gold","17":"product_tag-elegancka-bizuteria","18":"product_tag-goldohrringe","19":"product_tag-kolczyki","20":"product_tag-kolczyki-na-bigiel","21":"product_tag-kolczyki-proba-333","22":"product_tag-subtelne-kolczyki","23":"product_tag-yellow-gold-earrings","24":"product_tag-zlate-nausnice","25":"product_tag-zlote-kolczyki","26":"product_tag-zolte-zloto-333","27":"pa_dlugosc-15mm","28":"pa_kolor-zolte","29":"pa_kruszec-zloto","30":"pa_proba-0-333","31":"pa_szerokosc-7mm","32":"pa_waga-125g","33":"pa_zapiecie-szarnir","35":"first","36":"instock","37":"purchasable","38":"product-type-simple"},"aioseo_notices":[],"_links":{"self":[{"href":"https:\/\/staviori.com.pl\/de\/wp-json\/wp\/v2\/product\/23054","targetHints":{"allow":["GET"]}}],"collection":[{"href":"https:\/\/staviori.com.pl\/de\/wp-json\/wp\/v2\/product"}],"about":[{"href":"https:\/\/staviori.com.pl\/de\/wp-json\/wp\/v2\/types\/product"}],"replies":[{"embeddable":true,"href":"https:\/\/staviori.com.pl\/de\/wp-json\/wp\/v2\/comments?post=23054"}],"wp:featuredmedia":[{"embeddable":true,"href":"https:\/\/staviori.com.pl\/de\/wp-json\/wp\/v2\/media\/23055"}],"wp:attachment":[{"href":"https:\/\/staviori.com.pl\/de\/wp-json\/wp\/v2\/media?parent=23054"}],"wp:term":[{"taxonomy":"product_brand","embeddable":true,"href":"https:\/\/staviori.com.pl\/de\/wp-json\/wp\/v2\/product_brand?post=23054"},{"taxonomy":"product_cat","embeddable":true,"href":"https:\/\/staviori.com.pl\/de\/wp-json\/wp\/v2\/product_cat?post=23054"},{"taxonomy":"product_tag","embeddable":true,"href":"https:\/\/staviori.com.pl\/de\/wp-json\/wp\/v2\/product_tag?post=23054"}],"curies":[{"name":"wp","href":"https:\/\/api.w.org\/{rel}","templated":true}]}}