{"id":23017,"date":"2026-03-16T17:21:10","date_gmt":"2026-03-16T16:21:10","guid":{"rendered":"https:\/\/staviori.com.pl\/?post_type=product&#038;p=23017"},"modified":"2026-04-20T01:18:49","modified_gmt":"2026-04-19T23:18:49","slug":"piekne-wiszace-srebrne-kolczyki-z-naturalnymi-perlami-i-cyrkoniami-ks55808","status":"publish","type":"product","link":"https:\/\/staviori.com.pl\/de\/product\/piekne-wiszace-srebrne-kolczyki-z-naturalnymi-perlami-i-cyrkoniami-ks55808\/","title":{"rendered":"Pi\u0119kne wisz\u0105ce srebrne kolczyki z naturalnymi per\u0142ami i cyrkoniami | KS55808"},"content":{"rendered":"<p>Model: KDN6720<br \/>\nWaga ok. 3,60g<\/p>\n<p>Ohrringe.<br \/>\nSrebro rodowane 0,925<\/p>\n<p>2 bia\u0142e per\u0142y hodowane s\u0142odkowodne o \u015brednicy 8-9 mm jako\u015bci AA<br \/>\nbezbarwne cyrkonie<\/p>\n<p>Wysoko\u015b\u0107: 2,4 cm<br \/>\nSzeroko\u015b\u0107: 1,2 cm<br \/>\nWysoko\u015b\u0107 elementu ozdobnego: 1,5 cm<\/p>","protected":false},"excerpt":{"rendered":"<p>Ol\u015bniewaj\u0105ce kolczyki wykonane z najwy\u017cszej pr\u00f3by srebra 925, kt\u00f3re \u0142\u0105cz\u0105 w sobie klasyczn\u0105 elegancj\u0119 z romantycznym charakterem. Centralnym punktem kompozycji s\u0105 l\u015bni\u0105ce bia\u0142e per\u0142y hodowane o pi\u0119knym kszta\u0142cie kropli, zawieszone pod bi\u017cuteryjnymi obr\u0119czami wysadzanymi l\u015bni\u0105cymi cyrkoniami. Precyzyjny szlif kamieni w po\u0142\u0105czeniu z satynowym blaskiem pere\u0142 tworzy wyj\u0105tkowo wyrazisty i luksusowy dodatek. To bi\u017cuteria stworzona na wielkie wyj\u015bcia i wyj\u0105tkowe okazje, kt\u00f3ra w cudowny spos\u00f3b roz\u015bwietla twarz i dodaje szyku ka\u017cdej wieczorowej kreacji.<\/p>","protected":false},"featured_media":23018,"comment_status":"closed","ping_status":"closed","template":"","meta":{"om_disable_all_campaigns":false},"product_brand":[2284,2350],"product_cat":[1384,199,1393,1919,145,1817],"product_tag":[2754,3260,2932,2660,2682,2770,1395,3869,7144,6828,3029,2291,6075,4636,2427,5295],"class_list":{"0":"post-23017","1":"product","2":"type-product","3":"status-publish","4":"has-post-thumbnail","6":"product_brand-staviori","7":"product_brand-verona","8":"product_cat-bizuteria","9":"product_cat-kolczyki","10":"product_cat-perly","11":"product_cat-perly-ze-srebrem","12":"product_cat-srebro","13":"product_cat-srebro-2","14":"product_tag-bizuteria-wieczorowa","15":"product_tag-bizuteria-z-perlami","16":"product_tag-cyrkonie","17":"product_tag-eleganckie-kolczyki","18":"product_tag-kolczyki-kola","19":"product_tag-kolczyki-wiszace","20":"product_tag-kolczyki-z-perlami","21":"product_tag-pearl-earrings","22":"product_tag-perlenohrringe","23":"product_tag-perlove-nausnice","24":"product_tag-perly-hodowane","25":"product_tag-prezent-dla-niej","26":"product_tag-silber-925","27":"product_tag-slubna-bizuteria","28":"product_tag-srebro-925","29":"product_tag-stribro-925","30":"pa_dlugosc-24mm","31":"pa_kamien-cyrkonia-biala","32":"pa_kamien-naturalne-perly-hodowane-slodkowodne","33":"pa_kruszec-srebro","34":"pa_kruszec-srebro-rodowane","35":"pa_proba-0-925","36":"pa_srednica-perel-8-9mm","37":"pa_waga-350g","38":"pa_zapiecie-sztyft","40":"first","41":"instock","42":"purchasable","43":"product-type-simple"},"aioseo_notices":[],"_links":{"self":[{"href":"https:\/\/staviori.com.pl\/de\/wp-json\/wp\/v2\/product\/23017","targetHints":{"allow":["GET"]}}],"collection":[{"href":"https:\/\/staviori.com.pl\/de\/wp-json\/wp\/v2\/product"}],"about":[{"href":"https:\/\/staviori.com.pl\/de\/wp-json\/wp\/v2\/types\/product"}],"replies":[{"embeddable":true,"href":"https:\/\/staviori.com.pl\/de\/wp-json\/wp\/v2\/comments?post=23017"}],"wp:featuredmedia":[{"embeddable":true,"href":"https:\/\/staviori.com.pl\/de\/wp-json\/wp\/v2\/media\/23018"}],"wp:attachment":[{"href":"https:\/\/staviori.com.pl\/de\/wp-json\/wp\/v2\/media?parent=23017"}],"wp:term":[{"taxonomy":"product_brand","embeddable":true,"href":"https:\/\/staviori.com.pl\/de\/wp-json\/wp\/v2\/product_brand?post=23017"},{"taxonomy":"product_cat","embeddable":true,"href":"https:\/\/staviori.com.pl\/de\/wp-json\/wp\/v2\/product_cat?post=23017"},{"taxonomy":"product_tag","embeddable":true,"href":"https:\/\/staviori.com.pl\/de\/wp-json\/wp\/v2\/product_tag?post=23017"}],"curies":[{"name":"wp","href":"https:\/\/api.w.org\/{rel}","templated":true}]}}