{"id":23016,"date":"2026-03-16T17:08:37","date_gmt":"2026-03-16T16:08:37","guid":{"rendered":"https:\/\/staviori.com.pl\/?post_type=product&#038;p=23016"},"modified":"2026-03-16T17:12:34","modified_gmt":"2026-03-16T16:12:34","slug":"kolczyki-owalne-basic-5mm-srebro-pozlacane-925-ks56303y","status":"publish","type":"product","link":"https:\/\/staviori.com.pl\/de\/product\/kolczyki-owalne-basic-5mm-srebro-pozlacane-925-ks56303y\/","title":{"rendered":"Kolczyki owalne basic 5mm | srebro poz\u0142acane 925 &#8211; KS56303Y"},"content":{"rendered":"<p>Kolczyki wykonane ze srebra pr\u00f3by 925. Model o owalnym kszta\u0142cie, idealny do codziennych stylizacji basic. Kolczyki idealne na prezent dla mi\u0142o\u015bniczek klasycznej, subtelnej bi\u017cuterii.<\/p>\n<p>Typ produktu: kolczyki<br \/>\nKruszec: srebro poz\u0142\u0105cane<br \/>\nPr\u00f3ba: 925<br \/>\nZapi\u0119cie typu: sztyft<br \/>\nStyl: klasyczny, subtelny<br \/>\nMotyw: basic<br \/>\nWysoko\u015b\u0107: 0,5 cm<br \/>\nSzeroko\u015b\u0107: 0,4 cm<br \/>\n\u015arednia gramatura: 0,80 g<\/p>","protected":false},"excerpt":{"rendered":"<p>Urocze kolczyki wykonane z wysokiej jako\u015bci srebra pr\u00f3by 925, pokrytego warstw\u0105 \u017c\u00f3\u0142tego z\u0142ota, kt\u00f3ra nadaje im wyj\u0105tkowego blasku i ciep\u0142ego odcienia. Ich minimalistyczna, owalna forma w stylu basic to kwintesencja elegancji w prostym wydaniu. Wyposa\u017cone w klasyczne zapi\u0119cie na sztyft, s\u0105 niezwykle lekkie i komfortowe, dzi\u0119ki czemu idealnie sprawdz\u0105 si\u0119 jako subtelny akcent w codziennych stylizacjach. To doskona\u0142a propozycja dla kobiet ceni\u0105cych ponadczasowe dodatki, kt\u00f3re nigdy nie wychodz\u0105 z mody.<\/p>","protected":false},"featured_media":23012,"comment_status":"closed","ping_status":"closed","template":"","meta":{"om_disable_all_campaigns":false},"product_brand":[2284,2350],"product_cat":[1384,199,2267,145],"product_tag":[7177,5804,2428,5916,2664,1394,3091,3047,2665,2384,2668,6846,7112,2580,2291,6075,7114,5820,2942,2427,6988,5289,5824,5295,6847],"class_list":{"0":"post-23016","1":"product","2":"type-product","3":"status-publish","4":"has-post-thumbnail","6":"product_brand-staviori","7":"product_brand-verona","8":"product_cat-bizuteria","9":"product_cat-kolczyki","10":"product_cat-kolekcje-srebrne","11":"product_cat-srebro","12":"product_tag-bizuteria-basic","13":"product_tag-bizuteria-pozlacana","14":"product_tag-bizuteria-srebrna","15":"product_tag-gold-plated-earrings","16":"product_tag-klasyczne-kolczyki","17":"product_tag-kolczyki","18":"product_tag-kolczyki-owalne","19":"product_tag-kolczyki-pozlacane","20":"product_tag-kolczyki-sztyfty","21":"product_tag-minimalistyczna-bizuteria","22":"product_tag-minimalistyczne-kolczyki","23":"product_tag-owalne-kolczyki","24":"product_tag-pozlacene-nausnice","25":"product_tag-prezent-dla-kobiety","26":"product_tag-prezent-dla-niej","27":"product_tag-silber-925","28":"product_tag-silberohrringe","29":"product_tag-silver-earrings","30":"product_tag-srebrne-kolczyki","31":"product_tag-srebro-925","32":"product_tag-srebro-pozlacane-925","33":"product_tag-sterling-silver-925","34":"product_tag-stribrne-nausnice","35":"product_tag-stribro-925","36":"product_tag-vergoldete-ohrringe","37":"pa_dostawca-verona","38":"pa_kruszec-srebro-pozlacane","39":"pa_proba-0-925","40":"pa_srednica-5mm","41":"pa_waga-080g","43":"first","44":"instock","45":"taxable","46":"shipping-taxable","47":"purchasable","48":"product-type-simple"},"aioseo_notices":[],"_links":{"self":[{"href":"https:\/\/staviori.com.pl\/de\/wp-json\/wp\/v2\/product\/23016","targetHints":{"allow":["GET"]}}],"collection":[{"href":"https:\/\/staviori.com.pl\/de\/wp-json\/wp\/v2\/product"}],"about":[{"href":"https:\/\/staviori.com.pl\/de\/wp-json\/wp\/v2\/types\/product"}],"replies":[{"embeddable":true,"href":"https:\/\/staviori.com.pl\/de\/wp-json\/wp\/v2\/comments?post=23016"}],"wp:featuredmedia":[{"embeddable":true,"href":"https:\/\/staviori.com.pl\/de\/wp-json\/wp\/v2\/media\/23012"}],"wp:attachment":[{"href":"https:\/\/staviori.com.pl\/de\/wp-json\/wp\/v2\/media?parent=23016"}],"wp:term":[{"taxonomy":"product_brand","embeddable":true,"href":"https:\/\/staviori.com.pl\/de\/wp-json\/wp\/v2\/product_brand?post=23016"},{"taxonomy":"product_cat","embeddable":true,"href":"https:\/\/staviori.com.pl\/de\/wp-json\/wp\/v2\/product_cat?post=23016"},{"taxonomy":"product_tag","embeddable":true,"href":"https:\/\/staviori.com.pl\/de\/wp-json\/wp\/v2\/product_tag?post=23016"}],"curies":[{"name":"wp","href":"https:\/\/api.w.org\/{rel}","templated":true}]}}