{"id":22870,"date":"2026-01-19T17:58:17","date_gmt":"2026-01-19T16:58:17","guid":{"rendered":"https:\/\/staviori.com.pl\/?post_type=product&#038;p=22870"},"modified":"2026-03-16T01:20:10","modified_gmt":"2026-03-16T00:20:10","slug":"srebrny-pozlacany-naszyjnik-ladny-i-prosty-nsc6723y","status":"publish","type":"product","link":"https:\/\/staviori.com.pl\/de\/product\/srebrny-pozlacany-naszyjnik-ladny-i-prosty-nsc6723y\/","title":{"rendered":"Srebrny poz\u0142acany naszyjnik \u0142adny i prosty | NSC6723Y"},"content":{"rendered":"<p>Model: NSC6723Y<br \/>\nWaga ok. 4,10g<\/p>\n<p>Naszyjnik 42cm<br \/>\nSilber 0.925 vergoldet mit Gelbgold<\/p>\n<p>3 mm breit.<\/p>","protected":false},"excerpt":{"rendered":"<p>Elegancki naszyjnik wykonany ze srebra pr\u00f3by 0,925, pokryty szlachetnym \u017c\u00f3\u0142tym z\u0142otem, zachwyca minimalistyczn\u0105 form\u0105 i subtelnym blaskiem. Delikatny splot pi\u0119knie uk\u0142ada si\u0119 na szyi, podkre\u015blaj\u0105c dekolt i dodaj\u0105c stylizacji klasycznej elegancji. To uniwersalna bi\u017cuteria, kt\u00f3ra doskonale sprawdzi si\u0119 zar\u00f3wno na co dzie\u0144, jak i jako elegancki akcent wieczorowych kreacji. Idealny wyb\u00f3r dla kobiet ceni\u0105cych prostot\u0119 i ponadczasowy styl.<\/p>","protected":false},"featured_media":22873,"comment_status":"closed","ping_status":"closed","template":"","meta":{"om_disable_all_campaigns":false},"product_brand":[2284,2350],"product_cat":[1384,719,2133,1817,145],"product_tag":[2428,4177,7151,7146,7150,7147,4295,7145,4206,7149,2427,7148,4192,7137],"class_list":{"0":"post-22870","1":"product","2":"type-product","3":"status-publish","4":"has-post-thumbnail","6":"product_brand-staviori","7":"product_brand-verona","8":"product_cat-bizuteria","9":"product_cat-naszyjniki","10":"product_cat-srebrne-naszyjniki","11":"product_cat-srebro-2","12":"product_cat-srebro","13":"product_tag-bizuteria-srebrna","14":"product_tag-elegancki-naszyjnik","15":"product_tag-eleganter-schmuck","16":"product_tag-gold-plated-silver-necklace","17":"product_tag-halskette-silber-925","18":"product_tag-minimalist-necklace","19":"product_tag-minimalistyczny-naszyjnik","20":"product_tag-naszyjnik-srebrny-pozlacany","21":"product_tag-pozlacany-naszyjnik","22":"product_tag-silberkette-vergoldet","23":"product_tag-srebro-925","24":"product_tag-sterling-silver-necklace","25":"product_tag-stribrny-nahrdelnik","26":"product_tag-zlocenie","27":"pa_grubosc-115mm","28":"pa_kruszec-srebro","29":"pa_kruszec-srebro-pozlacane","30":"pa_proba-0-925","31":"pa_rozmiar-42cm","32":"pa_szerokosc-3mm","33":"pa_waga-410g","35":"first","36":"instock","37":"purchasable","38":"product-type-simple"},"aioseo_notices":[],"_links":{"self":[{"href":"https:\/\/staviori.com.pl\/de\/wp-json\/wp\/v2\/product\/22870","targetHints":{"allow":["GET"]}}],"collection":[{"href":"https:\/\/staviori.com.pl\/de\/wp-json\/wp\/v2\/product"}],"about":[{"href":"https:\/\/staviori.com.pl\/de\/wp-json\/wp\/v2\/types\/product"}],"replies":[{"embeddable":true,"href":"https:\/\/staviori.com.pl\/de\/wp-json\/wp\/v2\/comments?post=22870"}],"wp:featuredmedia":[{"embeddable":true,"href":"https:\/\/staviori.com.pl\/de\/wp-json\/wp\/v2\/media\/22873"}],"wp:attachment":[{"href":"https:\/\/staviori.com.pl\/de\/wp-json\/wp\/v2\/media?parent=22870"}],"wp:term":[{"taxonomy":"product_brand","embeddable":true,"href":"https:\/\/staviori.com.pl\/de\/wp-json\/wp\/v2\/product_brand?post=22870"},{"taxonomy":"product_cat","embeddable":true,"href":"https:\/\/staviori.com.pl\/de\/wp-json\/wp\/v2\/product_cat?post=22870"},{"taxonomy":"product_tag","embeddable":true,"href":"https:\/\/staviori.com.pl\/de\/wp-json\/wp\/v2\/product_tag?post=22870"}],"curies":[{"name":"wp","href":"https:\/\/api.w.org\/{rel}","templated":true}]}}