{"id":22855,"date":"2026-01-19T17:44:42","date_gmt":"2026-01-19T16:44:42","guid":{"rendered":"https:\/\/staviori.com.pl\/?post_type=product&#038;p=22855"},"modified":"2026-04-20T10:14:36","modified_gmt":"2026-04-20T08:14:36","slug":"bransoletka-srebrna-pozlacana-z-muszlami-bsn6722y","status":"publish","type":"product","link":"https:\/\/staviori.com.pl\/de\/product\/bransoletka-srebrna-pozlacana-z-muszlami-bsn6722y\/","title":{"rendered":"Bransoletka srebrna poz\u0142acana z muszlami | BSN6722Y"},"content":{"rendered":"<p>Model: BSN6722Y<br \/>\nWaga ok. 10,50g<\/p>\n<p>Armband 19 cm.<br \/>\nSilber 0.925 vergoldet mit Gelbgold<\/p>\n<p>Muszla<\/p>\n<p>Bransoletka wykonana ze srebra poz\u0142acanego pr\u00f3by 925. Regularny uk\u0142ad kulek z bia\u0142ej muszli prze\u0142amany zosta\u0142 drobnymi, z\u0142otymi akcentami, nadaj\u0105c ca\u0142o\u015bci elegancki i harmonijny wygl\u0105d. Bransoletka sprawdzi si\u0119 jako subtelny dodatek na co dzie\u0144 i do stylizacji wieczorowych.<\/p>","protected":false},"excerpt":{"rendered":"<p>Elegancka bransoleta wykonana ze srebra pr\u00f3by 0,925, pokryta szlachetnym \u017c\u00f3\u0142tym z\u0142otem, zachwyca klasycznym pi\u0119knem naturalnych pere\u0142 z muszli. Harmonijne po\u0142\u0105czenie l\u015bni\u0105cej bieli pere\u0142 z ciep\u0142ym odcieniem z\u0142ota tworzy ponadczasow\u0105 bi\u017cuteri\u0119, idealn\u0105 zar\u00f3wno na co dzie\u0144, jak i na wyj\u0105tkowe okazje. Delikatna forma podkre\u015bla kobieco\u015b\u0107 i dodaje stylizacji subtelnej elegancji. To doskona\u0142y wyb\u00f3r dla mi\u0142o\u015bniczek klasyki w nowoczesnym wydaniu.<\/p>","protected":false},"featured_media":22856,"comment_status":"closed","ping_status":"closed","template":"","meta":{"om_disable_all_campaigns":false},"product_brand":[2284,2350],"product_cat":[1384,1392,1393,1919,1817,145],"product_tag":[3932,6987,7129,7132,2298,7133,6250,7136,7131,7134,6075,7135,7130,7138,7137],"class_list":{"0":"post-22855","1":"product","2":"type-product","3":"status-publish","4":"has-post-thumbnail","6":"product_brand-staviori","7":"product_brand-verona","8":"product_cat-bizuteria","9":"product_cat-damskie","10":"product_cat-perly","11":"product_cat-perly-ze-srebrem","12":"product_cat-srebro-2","13":"product_cat-srebro","14":"product_tag-3932","15":"product_tag-bizuteria-srebrna-925","16":"product_tag-bransoleta-z-perlami","17":"product_tag-bransoletka-z-perlami","18":"product_tag-elegancka-bransoleta","19":"product_tag-gold-plated-silver-bracelet","20":"product_tag-pearl-bracelet","21":"product_tag-perlenarmband","22":"product_tag-perly-z-muszli","23":"product_tag-shell-pearl-bracelet","24":"product_tag-silber-925","25":"product_tag-silberarmband-vergoldet","26":"product_tag-srebrna-bransoleta-pozlacana","27":"product_tag-srebro-proby-0","28":"product_tag-zlocenie","29":"pa_kamien-biala-muszla","30":"pa_kruszec-srebro-pozlacane","31":"pa_proba-0-925","32":"pa_rozmiar-19cm","33":"pa_srednica-perel-610mm","34":"pa_waga-1050g","36":"first","37":"instock","38":"purchasable","39":"product-type-simple"},"aioseo_notices":[],"_links":{"self":[{"href":"https:\/\/staviori.com.pl\/de\/wp-json\/wp\/v2\/product\/22855","targetHints":{"allow":["GET"]}}],"collection":[{"href":"https:\/\/staviori.com.pl\/de\/wp-json\/wp\/v2\/product"}],"about":[{"href":"https:\/\/staviori.com.pl\/de\/wp-json\/wp\/v2\/types\/product"}],"replies":[{"embeddable":true,"href":"https:\/\/staviori.com.pl\/de\/wp-json\/wp\/v2\/comments?post=22855"}],"wp:featuredmedia":[{"embeddable":true,"href":"https:\/\/staviori.com.pl\/de\/wp-json\/wp\/v2\/media\/22856"}],"wp:attachment":[{"href":"https:\/\/staviori.com.pl\/de\/wp-json\/wp\/v2\/media?parent=22855"}],"wp:term":[{"taxonomy":"product_brand","embeddable":true,"href":"https:\/\/staviori.com.pl\/de\/wp-json\/wp\/v2\/product_brand?post=22855"},{"taxonomy":"product_cat","embeddable":true,"href":"https:\/\/staviori.com.pl\/de\/wp-json\/wp\/v2\/product_cat?post=22855"},{"taxonomy":"product_tag","embeddable":true,"href":"https:\/\/staviori.com.pl\/de\/wp-json\/wp\/v2\/product_tag?post=22855"}],"curies":[{"name":"wp","href":"https:\/\/api.w.org\/{rel}","templated":true}]}}