{"id":22850,"date":"2026-01-19T17:38:07","date_gmt":"2026-01-19T16:38:07","guid":{"rendered":"https:\/\/staviori.com.pl\/?post_type=product&#038;p=22850"},"modified":"2026-03-18T09:40:28","modified_gmt":"2026-03-18T08:40:28","slug":"zlota-bransoletka-klasyczna-w-zoltym-zlocie-proby-375","status":"publish","type":"product","link":"https:\/\/staviori.com.pl\/de\/product\/zlota-bransoletka-klasyczna-w-zoltym-zlocie-proby-375\/","title":{"rendered":"Z\u0142ota bransoletka klasyczna w \u017c\u00f3\u0142tym z\u0142ocie pr\u00f3by 375"},"content":{"rendered":"<p>Model: BZX6725<br \/>\nWaga ok. 1,37g<\/p>\n<p>Armband 19 cm.<br \/>\n\u017b\u00f3\u0142te Z\u0142oto 0,375.<\/p>\n<p>3 mm breit.<\/p>","protected":false},"excerpt":{"rendered":"<p>Elegancka bransoleta wykonana z \u017c\u00f3\u0142tego z\u0142ota pr\u00f3by 0,375 to klasyczna bi\u017cuteria o ponadczasowym charakterze. Delikatny \u0142a\u0144cuszkowy splot pi\u0119knie uk\u0142ada si\u0119 na nadgarstku, dodaj\u0105c stylizacji subtelnego blasku i elegancji. Minimalistyczna forma sprawia, \u017ce bransoleta doskonale sprawdzi si\u0119 zar\u00f3wno na co dzie\u0144, jak i jako uzupe\u0142nienie bardziej formalnych zestaw\u00f3w. Idealny wyb\u00f3r dla os\u00f3b ceni\u0105cych prostot\u0119 i uniwersalny design.<\/p>","protected":false},"featured_media":22851,"comment_status":"closed","ping_status":"closed","template":"","meta":{"om_disable_all_campaigns":false},"product_brand":[2284,2350],"product_cat":[1384,43,1392,1931,1930,176],"product_tag":[7121,7122,2616,6309,7117,7123,7127,7124,7126,2603,6310,6374,6276,7120,7125,6506],"class_list":{"0":"post-22850","1":"product","2":"type-product","3":"status-publish","4":"has-post-thumbnail","6":"product_brand-staviori","7":"product_brand-verona","8":"product_cat-bizuteria","9":"product_cat-bransoletki","10":"product_cat-damskie","11":"product_cat-zlote-bransoletki","12":"product_cat-zloto-2","13":"product_cat-zloto","14":"product_tag-7121","15":"product_tag-bransoleta-damska","16":"product_tag-bransoleta-zlota","17":"product_tag-chain-bracelet","18":"product_tag-damenschmuck","19":"product_tag-delikatna-bransoleta","20":"product_tag-gelbgold-armband","21":"product_tag-gold-bracelet-375","22":"product_tag-goldarmband-375","23":"product_tag-klasyczna-bizuteria","24":"product_tag-retizkovy-naramek","25":"product_tag-yellow-gold-bracelet","26":"product_tag-zlaty-naramek","27":"product_tag-zlota-bransoleta-375","28":"product_tag-zlute-zlato-375","29":"product_tag-zolte-zloto-0","30":"pa_kolor-zolte","31":"pa_kruszec-zloto","32":"pa_proba-0-375","33":"pa_rozmiar-19cm","34":"pa_waga-137g","36":"first","37":"instock","38":"purchasable","39":"product-type-simple"},"aioseo_notices":[],"_links":{"self":[{"href":"https:\/\/staviori.com.pl\/de\/wp-json\/wp\/v2\/product\/22850","targetHints":{"allow":["GET"]}}],"collection":[{"href":"https:\/\/staviori.com.pl\/de\/wp-json\/wp\/v2\/product"}],"about":[{"href":"https:\/\/staviori.com.pl\/de\/wp-json\/wp\/v2\/types\/product"}],"replies":[{"embeddable":true,"href":"https:\/\/staviori.com.pl\/de\/wp-json\/wp\/v2\/comments?post=22850"}],"wp:featuredmedia":[{"embeddable":true,"href":"https:\/\/staviori.com.pl\/de\/wp-json\/wp\/v2\/media\/22851"}],"wp:attachment":[{"href":"https:\/\/staviori.com.pl\/de\/wp-json\/wp\/v2\/media?parent=22850"}],"wp:term":[{"taxonomy":"product_brand","embeddable":true,"href":"https:\/\/staviori.com.pl\/de\/wp-json\/wp\/v2\/product_brand?post=22850"},{"taxonomy":"product_cat","embeddable":true,"href":"https:\/\/staviori.com.pl\/de\/wp-json\/wp\/v2\/product_cat?post=22850"},{"taxonomy":"product_tag","embeddable":true,"href":"https:\/\/staviori.com.pl\/de\/wp-json\/wp\/v2\/product_tag?post=22850"}],"curies":[{"name":"wp","href":"https:\/\/api.w.org\/{rel}","templated":true}]}}