{"id":22838,"date":"2026-01-19T07:24:13","date_gmt":"2026-01-19T06:24:13","guid":{"rendered":"https:\/\/staviori.com.pl\/?post_type=product&#038;p=22838"},"modified":"2026-02-11T00:10:06","modified_gmt":"2026-02-10T23:10:06","slug":"srebrne-pozlacane-malutkie-kolczyki-kuleczki-2mm","status":"publish","type":"product","link":"https:\/\/staviori.com.pl\/de\/product\/srebrne-pozlacane-malutkie-kolczyki-kuleczki-2mm\/","title":{"rendered":"Srebrny poz\u0142acany malutki kolczyk kuleczka 2mm | KS01688Y ( 1szt )"},"content":{"rendered":"<p>Model: KS01688Y<br \/>\nWaga ok. 0,39g<\/p>\n<p>Ohrringe.<br \/>\nSrebro poz\u0142acane 0,925.<br \/>\n\u015arednica 2 mm.<\/p>\n<p><strong>Uwaga!<\/strong><br \/>\nCena dot. 1 sztuki &#8211; sprzedawane pojedynczo!<\/p>","protected":false},"excerpt":{"rendered":"<p>Subtelne i niezwykle klasyczne kolczyki typu sztyft, wykonane z najwy\u017cszej jako\u015bci srebra pr\u00f3by 925 poz\u0142acanego \u017c\u00f3\u0142tym z\u0142otem. Minimalistyczna forma drobnych, l\u015bni\u0105cych kuleczek sprawia, \u017ce jest to bi\u017cuteria niezwykle uniwersalna, idealna do noszenia na co dzie\u0144 oraz jako dyskretny dodatek do bardziej strojnych zestawie\u0144. Ich delikatny blask i ponadczasowy design sprawi\u0105, \u017ce stan\u0105 si\u0119 nieodzownym elementem ka\u017cdej kolekcji bi\u017cuterii, dodaj\u0105c twarzy delikatnego roz\u015bwietlenia w eleganckim stylu.<\/p>","protected":false},"featured_media":22843,"comment_status":"closed","ping_status":"closed","template":"","meta":{"om_disable_all_campaigns":false},"product_brand":[2284,2350],"product_cat":[1384,199,1818,1817,145],"product_tag":[7111,3041,2704,2858,3228,2471,4209,2603,2664,2931,3286,3605,3285,3047,1396,2380,7113,2384,7115,7112,7114,5820,2942,2427,5824,6847],"class_list":{"0":"post-22838","1":"product","2":"type-product","3":"status-publish","4":"has-post-thumbnail","6":"product_brand-staviori","7":"product_brand-verona","8":"product_cat-bizuteria","9":"product_cat-kolczyki","10":"product_cat-srebrne-kolczyki","11":"product_cat-srebro-2","12":"product_cat-srebro","13":"product_tag-ball-earrings","14":"product_tag-bizuteria-codzienna","15":"product_tag-bizuteria-minimalistyczna","16":"product_tag-delikatne-kolczyki","17":"product_tag-drobne-kolczyki","18":"product_tag-dziewczynka","19":"product_tag-gold-plated-silver","20":"product_tag-klasyczna-bizuteria","21":"product_tag-klasyczne-kolczyki","22":"product_tag-kolczyki-dla-dziecka","23":"product_tag-kolczyki-dzieciece","24":"product_tag-kolczyki-kuleczki","25":"product_tag-kolczyki-kulki","26":"product_tag-kolczyki-pozlacane","27":"product_tag-kolczyki-srebrne","28":"product_tag-kuleczki","29":"product_tag-kulickove-nausnice","30":"product_tag-minimalistyczna-bizuteria","31":"product_tag-ohrstecker-kugel","32":"product_tag-pozlacene-nausnice","33":"product_tag-silberohrringe","34":"product_tag-silver-earrings","35":"product_tag-srebrne-kolczyki","36":"product_tag-srebro-925","37":"product_tag-stribrne-nausnice","38":"product_tag-vergoldete-ohrringe","39":"pa_kruszec-srebro","40":"pa_kruszec-srebro-pozlacane","41":"pa_proba-0-925","42":"pa_srednica-2mm","43":"pa_waga-039g","44":"pa_zapiecie-sztyft","46":"first","47":"instock","48":"purchasable","49":"product-type-simple"},"aioseo_notices":[],"_links":{"self":[{"href":"https:\/\/staviori.com.pl\/de\/wp-json\/wp\/v2\/product\/22838","targetHints":{"allow":["GET"]}}],"collection":[{"href":"https:\/\/staviori.com.pl\/de\/wp-json\/wp\/v2\/product"}],"about":[{"href":"https:\/\/staviori.com.pl\/de\/wp-json\/wp\/v2\/types\/product"}],"replies":[{"embeddable":true,"href":"https:\/\/staviori.com.pl\/de\/wp-json\/wp\/v2\/comments?post=22838"}],"wp:featuredmedia":[{"embeddable":true,"href":"https:\/\/staviori.com.pl\/de\/wp-json\/wp\/v2\/media\/22843"}],"wp:attachment":[{"href":"https:\/\/staviori.com.pl\/de\/wp-json\/wp\/v2\/media?parent=22838"}],"wp:term":[{"taxonomy":"product_brand","embeddable":true,"href":"https:\/\/staviori.com.pl\/de\/wp-json\/wp\/v2\/product_brand?post=22838"},{"taxonomy":"product_cat","embeddable":true,"href":"https:\/\/staviori.com.pl\/de\/wp-json\/wp\/v2\/product_cat?post=22838"},{"taxonomy":"product_tag","embeddable":true,"href":"https:\/\/staviori.com.pl\/de\/wp-json\/wp\/v2\/product_tag?post=22838"}],"curies":[{"name":"wp","href":"https:\/\/api.w.org\/{rel}","templated":true}]}}