{"id":22697,"date":"2025-12-18T19:56:18","date_gmt":"2025-12-18T18:56:18","guid":{"rendered":"https:\/\/staviori.com.pl\/?post_type=product&#038;p=22697"},"modified":"2026-04-13T14:53:47","modified_gmt":"2026-04-13T12:53:47","slug":"kolczyki-z-dwukolorowego-zlota-333-z-cyrkoniami-nieskonczonosc","status":"publish","type":"product","link":"https:\/\/staviori.com.pl\/de\/product\/kolczyki-z-dwukolorowego-zlota-333-z-cyrkoniami-nieskonczonosc\/","title":{"rendered":"333 zweifarbige Goldohrringe mit Zirkonen - Unendlichkeit"},"content":{"rendered":"<p>Modell: KXC4818<br \/>\nGewicht ca. 0,78g<\/p>\n<p>Ohrringe.<br \/>\nGelb, Wei\u00dfgold 0,333.<br \/>\nZirkoniumdioxid.<br \/>\nL\u00e4nge 9 mm.<br \/>\n4 mm breit.<br \/>\nDicke 1,7 mm.<\/p>","protected":false},"excerpt":{"rendered":"<p>Die zarten Ohrringe in Form eines Unendlichkeitszeichens aus einer Kombination von Gelb- und Wei\u00dfgold 0,333 begeistern durch ihren zeitlosen Stil und ihren zarten Glanz. Die mit gl\u00e4nzenden Zirkonen verzierte Vorderseite reflektiert das Licht wundersch\u00f6n und verleiht dem Ganzen Eleganz und Leichtigkeit. Das Unendlichkeitsmotiv symbolisiert Best\u00e4ndigkeit und ewige Verbundenheit und macht die Ohrringe sowohl zum Alltagsschmuck als auch zu einem einzigartigen Geschenk. Die klassische Form in moderner Ausf\u00fchrung unterstreicht perfekt den femininen Stil.<\/p>","protected":false},"featured_media":22701,"comment_status":"closed","ping_status":"closed","template":"","meta":{"om_disable_all_campaigns":false},"product_brand":[2284,2350],"product_cat":[199,2044,1930],"product_tag":[2543,6041,3551,7082,7081,6824,7080,7085,3173,2710,3096,3552,2953,2708,3550,2384,7083,3554,7086,6088,7084,3834,3553],"class_list":{"0":"post-22697","1":"product","2":"type-product","3":"status-publish","4":"has-post-thumbnail","6":"product_brand-staviori","7":"product_brand-verona","8":"product_cat-kolczyki","9":"product_cat-zlote-kolczyki","10":"product_cat-zloto-2","11":"product_tag-bizuteria-zlota","12":"product_tag-cubic-zirconia-earrings","13":"product_tag-fa13266","14":"product_tag-gold-earrings-333","15":"product_tag-gold-infinity-earrings","16":"product_tag-goldohrringe","17":"product_tag-infinity-earrings","18":"product_tag-infinity-ohrringe","19":"product_tag-kolczyki-dla-dziewczynki","20":"product_tag-kolczyki-nieskonczonosc","21":"product_tag-kolczyki-serca","22":"product_tag-kolczyki-wkretki","23":"product_tag-kolczyki-z-cyrkoniami","24":"product_tag-kolczyki-zlote","25":"product_tag-kxc5048","26":"product_tag-minimalistyczna-bizuteria","27":"product_tag-nausnice-nekonecno","28":"product_tag-prezent-symboliczny","29":"product_tag-proba-333","30":"product_tag-zirkonia","31":"product_tag-zirkonove-nausnice","32":"product_tag-zlate-nausnice","33":"product_tag-zlote-kolczyki-codzienne","34":"pa_grubosc-17mm","35":"pa_kolor-biale","36":"pa_kolor-zolte","37":"pa_kruszec-zloto","38":"pa_motyw-nieskonczonosc","39":"pa_proba-0-333","40":"pa_szerokosc-4mm","41":"pa_waga-078g","42":"pa_wysokosc-9mm","43":"pa_zapiecie-sztyft","45":"first","46":"instock","47":"purchasable","48":"product-type-simple"},"aioseo_notices":[],"_links":{"self":[{"href":"https:\/\/staviori.com.pl\/de\/wp-json\/wp\/v2\/product\/22697","targetHints":{"allow":["GET"]}}],"collection":[{"href":"https:\/\/staviori.com.pl\/de\/wp-json\/wp\/v2\/product"}],"about":[{"href":"https:\/\/staviori.com.pl\/de\/wp-json\/wp\/v2\/types\/product"}],"replies":[{"embeddable":true,"href":"https:\/\/staviori.com.pl\/de\/wp-json\/wp\/v2\/comments?post=22697"}],"wp:featuredmedia":[{"embeddable":true,"href":"https:\/\/staviori.com.pl\/de\/wp-json\/wp\/v2\/media\/22701"}],"wp:attachment":[{"href":"https:\/\/staviori.com.pl\/de\/wp-json\/wp\/v2\/media?parent=22697"}],"wp:term":[{"taxonomy":"product_brand","embeddable":true,"href":"https:\/\/staviori.com.pl\/de\/wp-json\/wp\/v2\/product_brand?post=22697"},{"taxonomy":"product_cat","embeddable":true,"href":"https:\/\/staviori.com.pl\/de\/wp-json\/wp\/v2\/product_cat?post=22697"},{"taxonomy":"product_tag","embeddable":true,"href":"https:\/\/staviori.com.pl\/de\/wp-json\/wp\/v2\/product_tag?post=22697"}],"curies":[{"name":"wp","href":"https:\/\/api.w.org\/{rel}","templated":true}]}}