{"id":22686,"date":"2025-12-16T01:12:15","date_gmt":"2025-12-16T00:12:15","guid":{"rendered":"https:\/\/staviori.com.pl\/product\/naszyjnik-z-naturalnych-korali-ze-srebrem-0-925-51cm\/"},"modified":"2026-02-11T00:10:03","modified_gmt":"2026-02-10T23:10:03","slug":"naszyjnik-z-naturalnych-korali-ze-srebrem-0-925-51cm","status":"publish","type":"product","link":"https:\/\/staviori.com.pl\/de\/product\/naszyjnik-z-naturalnych-korali-ze-srebrem-0-925-51cm\/","title":{"rendered":"Halskette aus nat\u00fcrlichen Perlen mit Silber 0.925 | 51cm"},"content":{"rendered":"<p>Model: KOR2025<\/p>\n<p>Waga: ok. 30g<\/p>\n<p>Naturalny koral<\/p>\n<p>Srebro 0,925<\/p>\n<p>D\u0142ugo\u015b\u0107: 51cm<\/p>","protected":false},"excerpt":{"rendered":"<p>Wyraziste korale wykonane z naturalnych kamieni w intensywnym, czerwonym odcieniu, prze\u0142amane subtelnym akcentem srebra. Nieregularna forma kamieni nadaje naszyjnikowi unikatowego, artystycznego charakteru, dzi\u0119ki czemu ka\u017cdy egzemplarz jest jedyny w swoim rodzaju. To bi\u017cuteria, kt\u00f3ra przyci\u0105ga spojrzenia i doskonale podkre\u015bla styl zar\u00f3wno codzienny, jak i bardziej elegancki. Idealny wyb\u00f3r dla os\u00f3b ceni\u0105cych naturalne pi\u0119kno i ponadczasowy design.<\/p>","protected":false},"featured_media":22681,"comment_status":"open","ping_status":"closed","template":"","meta":{"om_disable_all_campaigns":false},"product_brand":[],"product_cat":[719,2133,145],"product_tag":[2907,7073,7069,7068,7070,7072,7071,7076,7074,7075,7077,7078,5858,4201,2427],"class_list":{"0":"post-22686","1":"product","2":"type-product","3":"status-publish","4":"has-post-thumbnail","6":"product_cat-naszyjniki","7":"product_cat-srebrne-naszyjniki","8":"product_cat-srebro","9":"product_tag-bizuteria-artystyczna","10":"product_tag-bizuteria-naturalna","11":"product_tag-korale-czerwone","12":"product_tag-korale-naturalne","13":"product_tag-korale-z-kamieni-naturalnych","14":"product_tag-korale-ze-srebrem","15":"product_tag-naszyjnik-z-kamieni-naturalnych","16":"product_tag-natursteinkette","17":"product_tag-necklace-natural-stones","18":"product_tag-red-stone-necklace","19":"product_tag-rote-korallen","20":"product_tag-schmuck-aus-natursteinen","21":"product_tag-silberschmuck","22":"product_tag-silver-necklace","23":"product_tag-srebro-925","25":"first","26":"instock","27":"sold-individually","28":"taxable","29":"shipping-taxable","30":"purchasable","31":"product-type-simple"},"aioseo_notices":[],"_links":{"self":[{"href":"https:\/\/staviori.com.pl\/de\/wp-json\/wp\/v2\/product\/22686","targetHints":{"allow":["GET"]}}],"collection":[{"href":"https:\/\/staviori.com.pl\/de\/wp-json\/wp\/v2\/product"}],"about":[{"href":"https:\/\/staviori.com.pl\/de\/wp-json\/wp\/v2\/types\/product"}],"replies":[{"embeddable":true,"href":"https:\/\/staviori.com.pl\/de\/wp-json\/wp\/v2\/comments?post=22686"}],"wp:featuredmedia":[{"embeddable":true,"href":"https:\/\/staviori.com.pl\/de\/wp-json\/wp\/v2\/media\/22681"}],"wp:attachment":[{"href":"https:\/\/staviori.com.pl\/de\/wp-json\/wp\/v2\/media?parent=22686"}],"wp:term":[{"taxonomy":"product_brand","embeddable":true,"href":"https:\/\/staviori.com.pl\/de\/wp-json\/wp\/v2\/product_brand?post=22686"},{"taxonomy":"product_cat","embeddable":true,"href":"https:\/\/staviori.com.pl\/de\/wp-json\/wp\/v2\/product_cat?post=22686"},{"taxonomy":"product_tag","embeddable":true,"href":"https:\/\/staviori.com.pl\/de\/wp-json\/wp\/v2\/product_tag?post=22686"}],"curies":[{"name":"wp","href":"https:\/\/api.w.org\/{rel}","templated":true}]}}