{"id":22619,"date":"2025-12-10T13:24:06","date_gmt":"2025-12-10T12:24:06","guid":{"rendered":"https:\/\/staviori.com.pl\/?post_type=product&#038;p=22619"},"modified":"2026-02-11T00:10:01","modified_gmt":"2026-02-10T23:10:01","slug":"zlota-bransoletka-lancuszek-na-kostke-585-25cm-bzn6452","status":"publish","type":"product","link":"https:\/\/staviori.com.pl\/de\/product\/zlota-bransoletka-lancuszek-na-kostke-585-25cm-bzn6452\/","title":{"rendered":"Gold-Armband \/ Fu\u00dfkette - 585 - 25cm - BZN6452"},"content":{"rendered":"<p>Model: BZN6452<br \/>\nWaga ok. 0,54g<\/p>\n<p>\u0141a\u0144cuszek na Kostk\u0119 25 cm.<br \/>\nGelbgold 0,585.<br \/>\nSzeroko\u015b\u0107 0.5 mm.<\/p>\n<p>Pi\u0119kna, delikatna, z\u0142ota bransoletka na nog\u0119.<br \/>\nSplot typu Singapur.<\/p>","protected":false},"excerpt":{"rendered":"<p>Delikatny \u0142a\u0144cuszek na kostk\u0119 z \u017c\u00f3\u0142tego z\u0142ota pr\u00f3by 0,585, wykonany w efektownym splocie singapur, pi\u0119knie mieni si\u0119 przy ka\u017cdym kroku. Subtelnie oplata kostk\u0119, podkre\u015blaj\u0105c smuk\u0142o\u015b\u0107 n\u00f3g i dodaj\u0105c stylu zar\u00f3wno letnim sanda\u0142om, jak i eleganckim szpilkom. Lekki i wygodny w noszeniu, jest idealnym wyborem na co dzie\u0144 oraz na wakacyjne wyjazdy. To bi\u017cuteria, kt\u00f3ra dyskretnie przyci\u0105ga spojrzenia i stanowi doskona\u0142y pomys\u0142 na kobiecy, pe\u0142en uroku prezent.<\/p>","protected":false},"featured_media":9858,"comment_status":"closed","ping_status":"closed","template":"","meta":{"om_disable_all_campaigns":false},"product_brand":[2284],"product_cat":[1384,43,1392,1931,176,1930,2072],"product_tag":[4396,7034,2543,5238,2565,7036,6751,6967,6298,7038,7033,2550,2384,7035,2291,7037,1403,5859,2549,3724,3744,7039,7040,4387,2522],"class_list":{"0":"post-22619","1":"product","2":"type-product","3":"status-publish","4":"has-post-thumbnail","6":"product_brand-staviori","7":"product_cat-bizuteria","8":"product_cat-bransoletki","9":"product_cat-damskie","10":"product_cat-zlote-bransoletki","11":"product_cat-zloto","12":"product_cat-zloto-2","13":"product_cat-zloty-lancuszek","14":"product_tag-4396","15":"product_tag-anklet","16":"product_tag-bizuteria-zlota","17":"product_tag-darek-pro-ni","18":"product_tag-delikatna-bizuteria","19":"product_tag-fusskette","20":"product_tag-gelbgold","21":"product_tag-geschenk-fur-sie","22":"product_tag-gold-585","23":"product_tag-jemna-bizuterie","24":"product_tag-lancuszek-na-kostke","25":"product_tag-letnia-bizuteria","26":"product_tag-minimalistyczna-bizuteria","27":"product_tag-naramek-na-nohu","28":"product_tag-prezent-dla-niej","29":"product_tag-singapore-chain","30":"product_tag-singapur","31":"product_tag-sommer-schmuck","32":"product_tag-splot-singapur","33":"product_tag-staviori","34":"product_tag-yellow-gold","35":"product_tag-zarte-schmuck","36":"product_tag-zlaty-naramek-na-nohu","37":"product_tag-zloto-0","38":"product_tag-zolte-zloto","39":"pa_dostawca-gese","40":"pa_kolor-zolte","41":"pa_kruszec-zloto","42":"pa_proba-0-585","43":"pa_rozmiar-25cm","44":"pa_waga-054g","46":"first","47":"instock","48":"purchasable","49":"product-type-simple"},"aioseo_notices":[],"_links":{"self":[{"href":"https:\/\/staviori.com.pl\/de\/wp-json\/wp\/v2\/product\/22619","targetHints":{"allow":["GET"]}}],"collection":[{"href":"https:\/\/staviori.com.pl\/de\/wp-json\/wp\/v2\/product"}],"about":[{"href":"https:\/\/staviori.com.pl\/de\/wp-json\/wp\/v2\/types\/product"}],"replies":[{"embeddable":true,"href":"https:\/\/staviori.com.pl\/de\/wp-json\/wp\/v2\/comments?post=22619"}],"wp:featuredmedia":[{"embeddable":true,"href":"https:\/\/staviori.com.pl\/de\/wp-json\/wp\/v2\/media\/9858"}],"wp:attachment":[{"href":"https:\/\/staviori.com.pl\/de\/wp-json\/wp\/v2\/media?parent=22619"}],"wp:term":[{"taxonomy":"product_brand","embeddable":true,"href":"https:\/\/staviori.com.pl\/de\/wp-json\/wp\/v2\/product_brand?post=22619"},{"taxonomy":"product_cat","embeddable":true,"href":"https:\/\/staviori.com.pl\/de\/wp-json\/wp\/v2\/product_cat?post=22619"},{"taxonomy":"product_tag","embeddable":true,"href":"https:\/\/staviori.com.pl\/de\/wp-json\/wp\/v2\/product_tag?post=22619"}],"curies":[{"name":"wp","href":"https:\/\/api.w.org\/{rel}","templated":true}]}}