{"id":22597,"date":"2025-12-08T12:09:55","date_gmt":"2025-12-08T11:09:55","guid":{"rendered":"https:\/\/staviori.com.pl\/?post_type=product&#038;p=22597"},"modified":"2026-02-11T00:10:01","modified_gmt":"2026-02-10T23:10:01","slug":"kolczyki-serduszka-z-diamentem-w-zoltym-zlocie-585","status":"publish","type":"product","link":"https:\/\/staviori.com.pl\/de\/product\/kolczyki-serduszka-z-diamentem-w-zoltym-zlocie-585\/","title":{"rendered":"Herzohrringe mit Diamant aus Gelbgold 585"},"content":{"rendered":"<p>Modell: KZD6716<br \/>\nGewicht ca. 0,60g<\/p>\n<p>Ohrringe.<br \/>\nGelbgold 0,585.<br \/>\n1 Diamant, Achtkantschliff, Gewicht 0,01ct, Farbe I, Reinheit I1-I3.<\/p>\n<p>L\u00e4nge 7 mm.<br \/>\n7,5 mm breit.<\/p>","protected":false},"excerpt":{"rendered":"<p>Die bezaubernden herzf\u00f6rmigen Ohrstecker aus 0,585er Gelbgold bestechen durch ihre feine Linienf\u00fchrung und ihren m\u00e4dchenhaften Charme. Die sanft geschwungene Kontur des Herzens ist mit einem funkelnden Diamanten im Achtkant-Schliff verziert, der dem Schmuckst\u00fcck einen leuchtenden Akzent verleiht. Durch die leichte Form sind die Ohrringe angenehm im Alltag zu tragen und passen perfekt zu romantischen Stylings. Eine ausgezeichnete Idee f\u00fcr ein Geschenk, das von Herzen kommt - f\u00fcr einen geliebten Menschen, einen Geburtstag, ein Jubil\u00e4um oder einen anderen besonderen Anlass.<\/p>","protected":false},"featured_media":22598,"comment_status":"closed","ping_status":"closed","template":"","meta":{"om_disable_all_campaigns":false},"product_brand":[2284,2350],"product_cat":[1384,1838,1990,199,176],"product_tag":[6284,7010,7005,7014,7008,7012,7015,7007,7003,7004,7013,7011,7016,7006,7009,7002],"class_list":{"0":"post-22597","1":"product","2":"type-product","3":"status-publish","4":"has-post-thumbnail","6":"product_brand-staviori","7":"product_brand-verona","8":"product_cat-bizuteria","9":"product_cat-diamenty","10":"product_cat-kolczyk-z-brylantami","11":"product_cat-kolczyki","12":"product_cat-zloto","13":"product_tag-bizuteria-zlota-585","14":"product_tag-delicate-diamond-studs","15":"product_tag-delikatne-kolczyki-z-diamentem","16":"product_tag-diamant-herz-ohrringe","17":"product_tag-diamond-heart-stud-earrings","18":"product_tag-fine-gold-jewellery-585","19":"product_tag-gold-steckerohrringe-585","20":"product_tag-kolczyki-dla-niej","21":"product_tag-kolczyki-serce-z-diamentem","22":"product_tag-kolczyki-sztyfty-zloto-585","23":"product_tag-ohrringe-herz-gold-585","24":"product_tag-romantic-gold-earrings","25":"product_tag-romantische-ohrringe-damen","26":"product_tag-romantyczne-kolczyki-na-prezent","27":"product_tag-yellow-gold-heart-earrings-585","28":"product_tag-zlote-kolczyki-serduszka","29":"pa_barwa-i-2","30":"pa_kamien-diament","31":"pa_kolor-zolte","32":"pa_kruszec-zloto","33":"pa_proba-0-585","34":"pa_waga-060g","35":"pa_zapiecie-sztyft","37":"first","38":"instock","39":"purchasable","40":"product-type-simple"},"aioseo_notices":[],"_links":{"self":[{"href":"https:\/\/staviori.com.pl\/de\/wp-json\/wp\/v2\/product\/22597","targetHints":{"allow":["GET"]}}],"collection":[{"href":"https:\/\/staviori.com.pl\/de\/wp-json\/wp\/v2\/product"}],"about":[{"href":"https:\/\/staviori.com.pl\/de\/wp-json\/wp\/v2\/types\/product"}],"replies":[{"embeddable":true,"href":"https:\/\/staviori.com.pl\/de\/wp-json\/wp\/v2\/comments?post=22597"}],"wp:featuredmedia":[{"embeddable":true,"href":"https:\/\/staviori.com.pl\/de\/wp-json\/wp\/v2\/media\/22598"}],"wp:attachment":[{"href":"https:\/\/staviori.com.pl\/de\/wp-json\/wp\/v2\/media?parent=22597"}],"wp:term":[{"taxonomy":"product_brand","embeddable":true,"href":"https:\/\/staviori.com.pl\/de\/wp-json\/wp\/v2\/product_brand?post=22597"},{"taxonomy":"product_cat","embeddable":true,"href":"https:\/\/staviori.com.pl\/de\/wp-json\/wp\/v2\/product_cat?post=22597"},{"taxonomy":"product_tag","embeddable":true,"href":"https:\/\/staviori.com.pl\/de\/wp-json\/wp\/v2\/product_tag?post=22597"}],"curies":[{"name":"wp","href":"https:\/\/api.w.org\/{rel}","templated":true}]}}