{"id":22592,"date":"2025-12-08T12:04:36","date_gmt":"2025-12-08T11:04:36","guid":{"rendered":"https:\/\/staviori.com.pl\/?post_type=product&#038;p=22592"},"modified":"2026-04-24T09:05:35","modified_gmt":"2026-04-24T07:05:35","slug":"srebrne-kolczyki-podwojne-kola-pozlacane-14mm-kdk6717","status":"publish","type":"product","link":"https:\/\/staviori.com.pl\/de\/product\/srebrne-kolczyki-podwojne-kola-pozlacane-14mm-kdk6717\/","title":{"rendered":"Silberne 14mm vergoldete Doppelkreis-Ohrringe - KDK6717"},"content":{"rendered":"<p>Model: KDK6717<br \/>\nWaga ok. 1,89g<\/p>\n<p>Ohrringe.<br \/>\nSilber 0.925 vergoldet mit Gelbgold<\/p>\n<p>Zapi\u0119cie szarnir.<br \/>\n\u015arednica 14 mm.<\/p>","protected":false},"excerpt":{"rendered":"<p>Delikatne kolczyki ko\u0142a wykonane ze srebra pr\u00f3by 0,925 zachwycaj\u0105 subtelnym, przeplatanym wzorem. Jedna z obr\u0119czy pokryta jest \u017c\u00f3\u0142tym z\u0142otem, dzi\u0119ki czemu bi\u017cuteria pi\u0119knie \u0142\u0105czy ch\u0142odny blask srebra z ciep\u0142ym odcieniem z\u0142ota. Niewielki rozmiar i wygodne zapi\u0119cie typu szarnir sprawiaj\u0105, \u017ce kolczyki idealnie nadaj\u0105 si\u0119 do noszenia na co dzie\u0144. To doskona\u0142y wyb\u00f3r dla kobiet, kt\u00f3re ceni\u0105 minimalistyczn\u0105, ale wyrazist\u0105 bi\u017cuteri\u0119 pasuj\u0105c\u0105 zar\u00f3wno do casualowych, jak i eleganckich stylizacji.<\/p>","protected":false},"featured_media":22593,"comment_status":"closed","ping_status":"closed","template":"","meta":{"om_disable_all_campaigns":false},"product_brand":[2284,2350],"product_cat":[199,1818,1817,145],"product_tag":[6996,6987,6984,6985,6997,6992,6990,3847,7000,6983,3437,6986,6998,6995,6989,6982,6988,6993,6999,6991,6994],"class_list":{"0":"post-22592","1":"product","2":"type-product","3":"status-publish","4":"has-post-thumbnail","6":"product_brand-staviori","7":"product_brand-verona","8":"product_cat-kolczyki","9":"product_cat-srebrne-kolczyki","10":"product_cat-srebro-2","11":"product_cat-srebro","12":"product_tag-bicolor-ohrringe-silber-gold","13":"product_tag-bizuteria-srebrna-925","14":"product_tag-dwukolorowe-kolczyki-srebro-zloto","15":"product_tag-eleganckie-kolczyki-na-co-dzien","16":"product_tag-elegante-ohrringe-damen","17":"product_tag-everyday-minimalist-earrings","18":"product_tag-gold-plated-silver-hoops","19":"product_tag-hoop-earrings","20":"product_tag-kazdodenni-jemne-nausnice","21":"product_tag-kolczyki-kola-srebro-pozlacane","22":"product_tag-kolczyki-szarnir","23":"product_tag-minimalistyczne-kolczyki-damskie","24":"product_tag-pozlacene-stribrne-nausnice","25":"product_tag-silber-creolen-925","26":"product_tag-silver-hoop-earrings","27":"product_tag-srebrne-kolczyki-kola","28":"product_tag-srebro-pozlacane-925","29":"product_tag-sterling-silver-925-jewellery","30":"product_tag-stribrne-kruhove-nausnice-925","31":"product_tag-two-tone-hoop-earrings","32":"product_tag-vergoldete-silber-ohrringe","33":"pa_kruszec-srebro","34":"pa_kruszec-srebro-pozlacane","35":"pa_proba-0-925","36":"pa_srednica-14mm","37":"pa_waga-189g","38":"pa_zapiecie-szarnir","40":"first","41":"instock","42":"purchasable","43":"product-type-simple"},"aioseo_notices":[],"_links":{"self":[{"href":"https:\/\/staviori.com.pl\/de\/wp-json\/wp\/v2\/product\/22592","targetHints":{"allow":["GET"]}}],"collection":[{"href":"https:\/\/staviori.com.pl\/de\/wp-json\/wp\/v2\/product"}],"about":[{"href":"https:\/\/staviori.com.pl\/de\/wp-json\/wp\/v2\/types\/product"}],"replies":[{"embeddable":true,"href":"https:\/\/staviori.com.pl\/de\/wp-json\/wp\/v2\/comments?post=22592"}],"wp:featuredmedia":[{"embeddable":true,"href":"https:\/\/staviori.com.pl\/de\/wp-json\/wp\/v2\/media\/22593"}],"wp:attachment":[{"href":"https:\/\/staviori.com.pl\/de\/wp-json\/wp\/v2\/media?parent=22592"}],"wp:term":[{"taxonomy":"product_brand","embeddable":true,"href":"https:\/\/staviori.com.pl\/de\/wp-json\/wp\/v2\/product_brand?post=22592"},{"taxonomy":"product_cat","embeddable":true,"href":"https:\/\/staviori.com.pl\/de\/wp-json\/wp\/v2\/product_cat?post=22592"},{"taxonomy":"product_tag","embeddable":true,"href":"https:\/\/staviori.com.pl\/de\/wp-json\/wp\/v2\/product_tag?post=22592"}],"curies":[{"name":"wp","href":"https:\/\/api.w.org\/{rel}","templated":true}]}}