{"id":22560,"date":"2025-12-03T08:50:15","date_gmt":"2025-12-03T07:50:15","guid":{"rendered":"https:\/\/staviori.com.pl\/?post_type=product&#038;p=22560"},"modified":"2026-03-18T09:39:06","modified_gmt":"2026-03-18T08:39:06","slug":"bransoletka-srebrna-z-czarnymi-perlami-8-9mm-bsn6713","status":"publish","type":"product","link":"https:\/\/staviori.com.pl\/de\/product\/bransoletka-srebrna-z-czarnymi-perlami-8-9mm-bsn6713\/","title":{"rendered":"Bransoletka srebrna z czarnymi per\u0142ami 7-9mm &#8211; BSN6713"},"content":{"rendered":"<p>Modell: BSN6713<br \/>\nGewicht \u00fcber 5g<\/p>\n<p>Armband 19 cm.<br \/>\n0,925 rhodiniertes Silber.<br \/>\nNat\u00fcrliche S\u00fc\u00dfwasser-Zuchtperlen.<br \/>\nQualit\u00e4t B - schwarz<br \/>\n\u015arednica pere\u0142 7-9 mm.<\/p>\n<p>Bitte beachten Sie, dass nat\u00fcrliche Perlen und als ein Werk der Natur nicht identisch oder perfekt sind, und jedes Perlenprodukt kann leicht variieren.<\/p>","protected":false},"excerpt":{"rendered":"<p>Ein dezentes Armband aus nat\u00fcrlichen S\u00fc\u00dfwasser-Zuchtperlen in einem tiefschwarzen Farbton, das mit einem eleganten, rhodinierten 0,925er Silberverschluss versehen ist. Die glatten, gl\u00e4nzenden Perlen betonen den Hautton und verleihen sowohl dem Alltags- als auch dem Abendoutfit Charakter. Ein zeitloses Accessoire f\u00fcr Frauen, die klassische Eleganz mit einem modernen Twist lieben. Eine perfekte Geschenkidee, die Liebhaberinnen von Perlenschmuck begeistern wird. Zu dem Set ist eine Halskette mit schwarzen Perlen, Modell NSN6713, erh\u00e4ltlich.<\/p>","protected":false},"featured_media":22567,"comment_status":"closed","ping_status":"closed","template":"","meta":{"om_disable_all_campaigns":false},"product_brand":[2284,2350],"product_cat":[43,1392,1393,1919,1817,145],"product_tag":[6964,4632,6954,6951,6949,3410,6966,6962,5238,6950,6957,6955,6967,2603,6952,6958,6960,6953,4199,6632,4202,3029,2532,6075,6963,6218,6961,1404,2427,5289,6959,5295,6965,6956],"class_list":{"0":"post-22560","1":"product","2":"type-product","3":"status-publish","4":"has-post-thumbnail","6":"product_brand-staviori","7":"product_brand-verona","8":"product_cat-bransoletki","9":"product_cat-damskie","10":"product_cat-perly","11":"product_cat-perly-ze-srebrem","12":"product_cat-srebro-2","13":"product_cat-srebro","14":"product_tag-armband-mit-schwarzen-perlen","15":"product_tag-bizuteria-z-perel","16":"product_tag-black-pearl-bracelet","17":"product_tag-bransoletka-na-prezent","18":"product_tag-bransoletka-z-czarnymi-perlami","19":"product_tag-czarne-perly","20":"product_tag-damenarmband","21":"product_tag-damsky-naramek","22":"product_tag-darek-pro-ni","23":"product_tag-elegancka-bransoletka-damska","24":"product_tag-elegant-gift-for-her","25":"product_tag-freshwater-cultured-pearls","26":"product_tag-geschenk-fur-sie","27":"product_tag-klasyczna-bizuteria","28":"product_tag-komplet-z-naszyjnikiem","29":"product_tag-matching-necklace","30":"product_tag-naramek-s-cernymi-perlami","31":"product_tag-naszyjnik-nsn6713","32":"product_tag-pearl-jewelry","33":"product_tag-perlenschmuck","34":"product_tag-perlovy-sperk","35":"product_tag-perly-hodowane","36":"product_tag-perly-slodkowodne","37":"product_tag-silber-925","38":"product_tag-silberarmband","39":"product_tag-silver-bracelet","40":"product_tag-sladkovodni-perly","41":"product_tag-srebrna-bransoletka","42":"product_tag-srebro-925","43":"product_tag-sterling-silver-925","44":"product_tag-stribrny-naramek","45":"product_tag-stribro-925","46":"product_tag-suswasserperlen","47":"product_tag-womens-bracelet","48":"pa_kamien-naturalne-perly-hodowane-slodkowodne","49":"pa_kruszec-srebro-rodowane","50":"pa_proba-0-925","51":"pa_rozmiar-19cm","52":"pa_srednica-7-9mm","53":"pa_waga-15-00g","55":"first","56":"instock","57":"purchasable","58":"product-type-simple"},"aioseo_notices":[],"_links":{"self":[{"href":"https:\/\/staviori.com.pl\/de\/wp-json\/wp\/v2\/product\/22560","targetHints":{"allow":["GET"]}}],"collection":[{"href":"https:\/\/staviori.com.pl\/de\/wp-json\/wp\/v2\/product"}],"about":[{"href":"https:\/\/staviori.com.pl\/de\/wp-json\/wp\/v2\/types\/product"}],"replies":[{"embeddable":true,"href":"https:\/\/staviori.com.pl\/de\/wp-json\/wp\/v2\/comments?post=22560"}],"wp:featuredmedia":[{"embeddable":true,"href":"https:\/\/staviori.com.pl\/de\/wp-json\/wp\/v2\/media\/22567"}],"wp:attachment":[{"href":"https:\/\/staviori.com.pl\/de\/wp-json\/wp\/v2\/media?parent=22560"}],"wp:term":[{"taxonomy":"product_brand","embeddable":true,"href":"https:\/\/staviori.com.pl\/de\/wp-json\/wp\/v2\/product_brand?post=22560"},{"taxonomy":"product_cat","embeddable":true,"href":"https:\/\/staviori.com.pl\/de\/wp-json\/wp\/v2\/product_cat?post=22560"},{"taxonomy":"product_tag","embeddable":true,"href":"https:\/\/staviori.com.pl\/de\/wp-json\/wp\/v2\/product_tag?post=22560"}],"curies":[{"name":"wp","href":"https:\/\/api.w.org\/{rel}","templated":true}]}}