{"id":21928,"date":"2025-11-22T15:28:35","date_gmt":"2025-11-22T14:28:35","guid":{"rendered":"https:\/\/staviori.com.pl\/?post_type=product&#038;p=21928"},"modified":"2026-02-11T00:09:59","modified_gmt":"2026-02-10T23:09:59","slug":"staviori-must-have-pierscionek-zareczynowy-z-1ct-diamentem-laboratoryjnym-d-vs1","status":"publish","type":"product","link":"https:\/\/staviori.com.pl\/de\/product\/staviori-must-have-pierscionek-zareczynowy-z-1ct-diamentem-laboratoryjnym-d-vs1\/","title":{"rendered":"Staviori\u00ae Must Have | Verlobungsring mit 1ct Diamant im Laborschliff D\/VS1"},"content":{"rendered":"<p>Model: PZD6712<br \/>\nWaga ok. 3,26g<\/p>\n<p>Ring.<br \/>\nGelbgold 0,585.<br \/>\n1 Diament laboratoryjny, szlif brylantowy, o masie 1ct, barwa D, czysto\u015b\u0107 VS1.<br \/>\n10 Diament\u00f3w, szlif brylantowy, o masie 0,10ct, barwa G, czysto\u015b\u0107 SI1.<br \/>\nNur einige Gr\u00f6\u00dfen verf\u00fcgbar - bitte anfragen<\/p>\n<p>Dost\u0119pny rozmiar: 19<br \/>\nMo\u017cliwa korekta rozmiaru.<br \/>\nCertyfikat mi\u0119dzynarodowy IGI, numer: <a href=\"https:\/\/www.igi.org\/verify-your-report\/?r=LG606360370+\" title=\"LG606360370\">LG606360370<\/a><br \/>\nLaserowy numer na rondyscie diamentu<\/p>","protected":false},"excerpt":{"rendered":"<p>Ol\u015bniewaj\u0105cy pier\u015bcionek zar\u0119czynowy z \u017c\u00f3\u0142tego z\u0142ota 0,585, w kt\u00f3rym g\u0142\u00f3wn\u0105 rol\u0119 gra diament laboratoryjny o imponuj\u0105cej masie 1 ct, barwie D i czysto\u015bci VS1. Brylant w czterech \u0142apkach pi\u0119knie unosi si\u0119 nad palcem, a boczna linia obr\u0105czki wysadzana jest dziesi\u0119cioma mniejszymi diamentami, dodaj\u0105cymi ca\u0142o\u015bci subtelnego, kaskadowego blasku. Klasyczna forma po\u0142\u0105czona z nowoczesnym wyborem kamienia sprawia, \u017ce model PZD6712 jest idealn\u0105 propozycj\u0105 na pier\u015bcionek zar\u0119czynowy dla kobiet kochaj\u0105cych ponadczasow\u0105 elegancj\u0119. Diament posiada mi\u0119dzynarodowy certyfikat IGI oraz laserowy numer na rondyscie, co potwierdza jego autentyczno\u015b\u0107 i najwy\u017csz\u0105 jako\u015b\u0107. Pier\u015bcionek mo\u017cna dopasowa\u0107 do wybranego rozmiaru.<\/p>","protected":false},"featured_media":21932,"comment_status":"closed","ping_status":"closed","template":"","meta":{"om_disable_all_campaigns":false},"product_brand":[2284],"product_cat":[6752,801],"product_tag":[6902,6899,6900,5608,5129,5593,6904,5573,6905,6911,5140,6901,6910,6906,4708,4686,4668,6908,6909,6903,6745,6907,2599],"class_list":{"0":"post-21928","1":"product","2":"type-product","3":"status-publish","4":"has-post-thumbnail","6":"product_brand-staviori","7":"product_cat-kolekcja-staviori-must-have","8":"product_cat-pierscionki","9":"product_tag-1-carat-diamond-ring","10":"product_tag-brylant-1-ct","11":"product_tag-certyfikat-igi","12":"product_tag-diamantring-1-karat","13":"product_tag-diament-laboratoryjny","14":"product_tag-diamond-engagement-ring","15":"product_tag-diamond-side-stones","16":"product_tag-gelbgold-585","17":"product_tag-igi-certified-diamond","18":"product_tag-igi-zertifikat","19":"product_tag-klasyczny-pierscionek-zareczynowy","20":"product_tag-lab-grown-diamond","21":"product_tag-labor-diamant","22":"product_tag-laboratorni-diamant","23":"product_tag-pierscionek-z-diamentami","24":"product_tag-pierscionek-z-diamentem","25":"product_tag-pierscionek-zareczynowy","26":"product_tag-prsten-s-briliantem","27":"product_tag-verlobungsring-diamant","28":"product_tag-yellow-gold-585","29":"product_tag-zasnubni-prsten-s-diamantem","30":"product_tag-zlute-zlato-585-prsten","31":"product_tag-zolte-zloto-585","32":"pa_barwa-d","33":"pa_czystosc-vs1","34":"pa_kamien-brylanty","35":"pa_kamien-diament-laboratoryjny","36":"pa_kolor-zolte","37":"pa_kruszec-zloto","38":"pa_okazja-idealne-na-zareczyny","39":"pa_proba-0-585","40":"pa_rozmiar-2359","41":"pa_waga-326g","43":"first","44":"instock","45":"sold-individually","46":"purchasable","47":"product-type-simple"},"aioseo_notices":[],"_links":{"self":[{"href":"https:\/\/staviori.com.pl\/de\/wp-json\/wp\/v2\/product\/21928","targetHints":{"allow":["GET"]}}],"collection":[{"href":"https:\/\/staviori.com.pl\/de\/wp-json\/wp\/v2\/product"}],"about":[{"href":"https:\/\/staviori.com.pl\/de\/wp-json\/wp\/v2\/types\/product"}],"replies":[{"embeddable":true,"href":"https:\/\/staviori.com.pl\/de\/wp-json\/wp\/v2\/comments?post=21928"}],"wp:featuredmedia":[{"embeddable":true,"href":"https:\/\/staviori.com.pl\/de\/wp-json\/wp\/v2\/media\/21932"}],"wp:attachment":[{"href":"https:\/\/staviori.com.pl\/de\/wp-json\/wp\/v2\/media?parent=21928"}],"wp:term":[{"taxonomy":"product_brand","embeddable":true,"href":"https:\/\/staviori.com.pl\/de\/wp-json\/wp\/v2\/product_brand?post=21928"},{"taxonomy":"product_cat","embeddable":true,"href":"https:\/\/staviori.com.pl\/de\/wp-json\/wp\/v2\/product_cat?post=21928"},{"taxonomy":"product_tag","embeddable":true,"href":"https:\/\/staviori.com.pl\/de\/wp-json\/wp\/v2\/product_tag?post=21928"}],"curies":[{"name":"wp","href":"https:\/\/api.w.org\/{rel}","templated":true}]}}